{"id":102,"date":"2017-01-27T13:20:38","date_gmt":"2017-01-27T13:20:38","guid":{"rendered":"https:\/\/www.educamadrid.net\/wp\/?page_id=102"},"modified":"2024-07-23T10:08:23","modified_gmt":"2024-07-23T10:08:23","slug":"catalunya-radio","status":"publish","type":"page","link":"https:\/\/xantalllavina.com\/?page_id=102","title":{"rendered":"PROGRAMES- \u00abRevoluci\u00f3 4.0\u00bb"},"content":{"rendered":"<div class=\"wpb-content-wrapper\"><p>[vc_row row_type=\u00bbrow\u00bb use_row_as_full_screen_section=\u00bbno\u00bb type=\u00bbgrid\u00bb text_align=\u00bbcenter\u00bb css_animation=\u00bb\u00bb][vc_column][vc_empty_space height=\u00bb50px\u00bb][vc_column_text]<\/p>\n<h1>CATALUNYA R\u00c0DIO<\/h1>\n<p><img decoding=\"async\" src=\"https:\/\/img.ccma.cat\/multimedia\/png\/7\/6\/1694180910967.png\" alt=\"Revoluci\u00f3 4.0 - Catalunya R\u00e0dio\" \/><\/p>\n<h1><strong>\u201cREVOLUCI\u00d3 4.0\u201d CATALUNYA R\u00c0DIO- 3CAT:<\/strong><\/h1>\n<h1><strong>DISSABTES I DIUMENGES, 8\u00ba TEMPORADA:<br \/>\n<\/strong><\/h1>\n<h5><strong>\u201cRevoluci\u00f3 4.0\u201d \u00e9s l\u2019espai radiof\u00f2nic de refer\u00e8ncia de l\u2019emprenedoria i la transformaci\u00f3 digital. El programa explica com ser\u00e0 la Catalunya i el m\u00f3n del futur des de la divulgaci\u00f3 i l\u2019entreteniment, i inclou moltes novetats sobre emprenedors, empreses emergents, tecnologia, casos de ciberseguretat, economia, sostenibilitat, intel\u00b7lig\u00e8ncia artificial, nous lideratges, casos d\u2019\u00e8xit i com la revoluci\u00f3 digital ho transforma tot.<\/strong><\/h5>\n<h5><strong>El programa, presentat per la periodista Xantal Llavina, que torna al programa, arriba a la vuitena temporada amb algunes novetats: dues noves \u201cMasterclass\u201d, amb Josep Maria Ganyet sobre intel\u00b7lig\u00e8ncia artificial i Albert Cuesta sobre el m\u00f3n digital, que s\u2019afegiran a les del catedr\u00e0tic d\u2019Economia Santiago Ni\u00f1o-Becerra. Hi haur\u00e0 dues noves seccions de salut i tecnologia: \u201cHealth Hub\u201d amb Eva Rossell i \u201cImpacte positiu\u201d amb Sergio Cort\u00e9s. I tamb\u00e9 estrenem \u201cCiber 4.0\u201d, \u201cTed Talks\u201d amb professors universitaris i \u201cRevoluci\u00f3 treball\u201d amb l\u2019expert Jonathan Escobar. A m\u00e9s, continuen els col\u00b7laboradors de sempre: Ricard Castellet i Jordi Pi a \u201cRevolucionats\u201d, Llu\u00eds Junc\u00e0 amb \u201cCatalunya Valley\u201d, Laura Gil amb \u201cConnexions\u201d, \u201cTIC.cat\u201d amb Tom\u00e1s Roy, el publicista Jordi Urbea amb \u201cRevolucionant la publicitat\u201d, N\u00faria Aymerich amb \u201cInd\u00fastria 4.0\u201d i Fabi\u00e1n Mohedano amb \u201cNous camins\u201d.<\/strong><strong>Els eixos principals del \u201cRevoluci\u00f3 4.0\u201d s\u00f3n l\u2019entrevista a personatges molt rellevants on es parla amb ells de la seva vida digital i emprenedora i totes les seccions de divulgaci\u00f3.\u00a0<\/strong><strong>El \u201cRevoluci\u00f3 4.0\u201d celebrar\u00e0 novament l\u2019entrega dels Premis Emprenedors Digitals 2024, per guardonar els millors emprenedors digitals del pa\u00eds. Podeu escoltar el \u201cRevoluci\u00f3 4.0\u201d de Catalunya R\u00e0dio amb Xantal Llavina i col\u00b7laboradors els dissabtes a l\u2019app i al web i els diumenges a l\u2019antena de Catalunya R\u00e0dio, de 22 h a 23 h.<\/strong><br \/>\n<strong>Per contactar amb nosaltres, ho podeu fer a trav\u00e9s del correu electr\u00f2nic\u00a0<a href=\"mailto:revolucio4@catradio.cat\">revolucio4@catradio.cat<\/a>.<\/strong><\/h5>\n<h5>\u201cRevoluci\u00f3n 4.0\u201d es el espacio radiof\u00f3nico de referencia del emprendimiento y la transformaci\u00f3n digital. El programa explica c\u00f3mo ser\u00e1 la Catalu\u00f1a y el mundo del futuro desde la divulgaci\u00f3n y el entretenimiento, e incluye muchas novedades sobre emprendedores, empresas emergentes, tecnolog\u00eda, casos de ciberseguridad, econom\u00eda, sostenibilidad, inteligencia artificial, nuevos liderazgos, casos de \u00e9xito y c\u00f3mo la revoluci\u00f3n digital lo transforma todo.<br \/>\nEl programa, presentado por la periodista Xantal Llavina, que vuelve al programa, llega a la octava temporada con algunas novedades: dos nuevas \u201cMasterclass\u201d, con Josep Maria Ganyet sobre inteligencia artificial y Albert Cuesta sobre el mundo digital, que se a\u00f1adir\u00e1n en las del catedr\u00e1tico de Econom\u00eda Santiago Ni\u00f1o-Becerra. Habr\u00e1 dos nuevas secciones de salud y tecnolog\u00eda: \u201cHealth Hub\u201d con Eva Rossell e \u201cImpacto positivo\u201d con Sergio Cort\u00e9s. Y tambi\u00e9n estrenamos \u201cCiber 4.0\u201d, \u201cTed Talks\u201d con profesores universitarios y \u201cRevoluci\u00f3n trabajo\u201d con el experto Jonathan Escobar. Adem\u00e1s, contin\u00faan los colaboradores de siempre: Ricard Castellet y Jordi Pi en \u201cRevolucionados\u201d, Llu\u00eds Junc\u00e0 con \u201cCatalunya Valley\u201d, Laura Gil con \u201cConnexions\u201d, \u201cTIC.cat\u201d, el publicista Jordi Urbea con \u201cRevolucionando la publicidad\u201d, N\u00faria Aymerich con \u201cIndustria 4.0\u201d y Fabi\u00e1n Mohedano con \u201cNuevos caminos\u201d.Los ejes principales del Revoluci\u00f3n 4.0 son la entrevista a personajes muy relevantes donde se habla con ellos de su vida digital y emprendedora y todas las secciones de divulgaci\u00f3n.<br \/>\nEl \u201cRevoluci\u00f3n 4.0\u201d celebrar\u00e1 de nuevo la entrega de los Premios Emprendedores Digitales 2024, para galardonar a los mejores emprendedores digitales del pa\u00eds. Puede escuchar el \u201cRevoluci\u00f3n 4.0\u201d de Catalunya R\u00e0dio con Xantal Llavina y colaboradores los s\u00e1bados en la app y en la web y los domingos en la antena de Catalunya R\u00e0dio, de 22 h a 23 h. Para contactar con nosotros, puede hacerlo a trav\u00e9s de correo electr\u00f3nico revolucio4@catradio.cat.<\/h5>\n<div id=\"attachment_4639\" style=\"width: 1034px\" class=\"wp-caption aligncenter\"><img decoding=\"async\" aria-describedby=\"caption-attachment-4639\" class=\"wp-image-4639 size-large\" src=\"https:\/\/xantalllavina.com\/wp-content\/uploads\/2024\/02\/xantalllavina_eurecat-1024x572.jpg\" alt=\"Eurecat - Revoluci\u00f3 4.0 2024 - Xantal Llavina 8a temporada\" width=\"1024\" height=\"572\" srcset=\"https:\/\/xantalllavina.com\/wp-content\/uploads\/2024\/02\/xantalllavina_eurecat-1024x572.jpg 1024w, https:\/\/xantalllavina.com\/wp-content\/uploads\/2024\/02\/xantalllavina_eurecat-300x168.jpg 300w, https:\/\/xantalllavina.com\/wp-content\/uploads\/2024\/02\/xantalllavina_eurecat-768x429.jpg 768w, https:\/\/xantalllavina.com\/wp-content\/uploads\/2024\/02\/xantalllavina_eurecat-700x391.jpg 700w, https:\/\/xantalllavina.com\/wp-content\/uploads\/2024\/02\/xantalllavina_eurecat-1100x614.jpg 1100w, https:\/\/xantalllavina.com\/wp-content\/uploads\/2024\/02\/xantalllavina_eurecat.jpg 1250w\" sizes=\"(max-width: 1024px) 100vw, 1024px\" \/><p id=\"caption-attachment-4639\" class=\"wp-caption-text\">Eurecat &#8211; Revoluci\u00f3 4.0 2024 &#8211; Xantal Llavina 8a temporada<\/p><\/div>\n<div id=\"attachment_4630\" style=\"width: 310px\" class=\"wp-caption aligncenter\"><img decoding=\"async\" aria-describedby=\"caption-attachment-4630\" class=\"size-medium wp-image-4630\" src=\"https:\/\/xantalllavina.com\/wp-content\/uploads\/2024\/02\/xantalllavina_revolucio4_andreu_vea-300x168.jpg\" alt=\"Andreu Ve\u00e0 - Revoluci\u00f3 4.0 2024 - Xantal Llavina 8a temporada\" width=\"300\" height=\"168\" srcset=\"https:\/\/xantalllavina.com\/wp-content\/uploads\/2024\/02\/xantalllavina_revolucio4_andreu_vea-300x168.jpg 300w, https:\/\/xantalllavina.com\/wp-content\/uploads\/2024\/02\/xantalllavina_revolucio4_andreu_vea-768x431.jpg 768w, https:\/\/xantalllavina.com\/wp-content\/uploads\/2024\/02\/xantalllavina_revolucio4_andreu_vea-700x393.jpg 700w, https:\/\/xantalllavina.com\/wp-content\/uploads\/2024\/02\/xantalllavina_revolucio4_andreu_vea.jpg 995w\" sizes=\"(max-width: 300px) 100vw, 300px\" \/><p id=\"caption-attachment-4630\" class=\"wp-caption-text\">Andreu Ve\u00e0 &#8211; Revoluci\u00f3 4.0 2024 &#8211; Xantal Llavina 8a temporada<\/p><\/div>\n<div id=\"attachment_4561\" style=\"width: 1034px\" class=\"wp-caption aligncenter\"><img decoding=\"async\" aria-describedby=\"caption-attachment-4561\" class=\"wp-image-4561 size-large\" src=\"https:\/\/xantalllavina.com\/wp-content\/uploads\/2024\/01\/xantalllavina_revolucio4_triquell-1024x577.jpg\" alt=\"Triquell - Nadal - Revoluci\u00f3 4.0 2023 - Xantal Llavina 8a temporada\" width=\"1024\" height=\"577\" srcset=\"https:\/\/xantalllavina.com\/wp-content\/uploads\/2024\/01\/xantalllavina_revolucio4_triquell-1024x577.jpg 1024w, https:\/\/xantalllavina.com\/wp-content\/uploads\/2024\/01\/xantalllavina_revolucio4_triquell-300x169.jpg 300w, https:\/\/xantalllavina.com\/wp-content\/uploads\/2024\/01\/xantalllavina_revolucio4_triquell-768x433.jpg 768w, https:\/\/xantalllavina.com\/wp-content\/uploads\/2024\/01\/xantalllavina_revolucio4_triquell-700x395.jpg 700w, https:\/\/xantalllavina.com\/wp-content\/uploads\/2024\/01\/xantalllavina_revolucio4_triquell.jpg 1041w\" sizes=\"(max-width: 1024px) 100vw, 1024px\" \/><p id=\"caption-attachment-4561\" class=\"wp-caption-text\">Triquell &#8211; Nadal &#8211; Revoluci\u00f3 4.0 2023 &#8211; Xantal Llavina 8a temporada<\/p><\/div>\n<div id=\"attachment_4031\" style=\"width: 310px\" class=\"wp-caption aligncenter\"><img decoding=\"async\" aria-describedby=\"caption-attachment-4031\" class=\"size-medium wp-image-4031\" src=\"https:\/\/xantalllavina.com\/wp-content\/uploads\/2022\/10\/xantalllavina_revolucio4_clotet_i_amat-300x168.jpg\" alt=\"Clotet i Amat Revoluci\u00f3 4.0 2023 Xantal\" width=\"300\" height=\"168\" srcset=\"https:\/\/xantalllavina.com\/wp-content\/uploads\/2022\/10\/xantalllavina_revolucio4_clotet_i_amat-300x168.jpg 300w, https:\/\/xantalllavina.com\/wp-content\/uploads\/2022\/10\/xantalllavina_revolucio4_clotet_i_amat-768x429.jpg 768w, https:\/\/xantalllavina.com\/wp-content\/uploads\/2022\/10\/xantalllavina_revolucio4_clotet_i_amat-700x391.jpg 700w, https:\/\/xantalllavina.com\/wp-content\/uploads\/2022\/10\/xantalllavina_revolucio4_clotet_i_amat.jpg 973w\" sizes=\"(max-width: 300px) 100vw, 300px\" \/><p id=\"caption-attachment-4031\" class=\"wp-caption-text\">Clotet i Amat Revoluci\u00f3 4.0 2023 Xantal<\/p><\/div>\n<div id=\"attachment_4018\" style=\"width: 674px\" class=\"wp-caption aligncenter\"><img decoding=\"async\" aria-describedby=\"caption-attachment-4018\" class=\"wp-image-4018 size-full\" src=\"https:\/\/xantalllavina.com\/wp-content\/uploads\/2022\/09\/xantalllavina_revolucio4_300_programes.jpg\" alt=\"300 programes Revoluci\u00f3 4.0 2023 Xantal\" width=\"664\" height=\"375\" srcset=\"https:\/\/xantalllavina.com\/wp-content\/uploads\/2022\/09\/xantalllavina_revolucio4_300_programes.jpg 664w, https:\/\/xantalllavina.com\/wp-content\/uploads\/2022\/09\/xantalllavina_revolucio4_300_programes-300x169.jpg 300w\" sizes=\"(max-width: 664px) 100vw, 664px\" \/><p id=\"caption-attachment-4018\" class=\"wp-caption-text\">300 programes Revoluci\u00f3 4.0 2023 Xantal<\/p><\/div>\n<p>[\/vc_column_text][vc_separator type=\u00bbsmall\u00bb position=\u00bbcenter\u00bb color=\u00bb#1852f6&#8243; border_style=\u00bb\u00bb][vc_column_text]<\/p>\n<h3><\/h3>\n<p>[\/vc_column_text][vc_empty_space height=\u00bb50px\u00bb][\/vc_column][\/vc_row][vc_row row_type=\u00bbrow\u00bb use_row_as_full_screen_section=\u00bbno\u00bb type=\u00bbfull_width\u00bb text_align=\u00bbcenter\u00bb css_animation=\u00bb\u00bb][vc_column width=\u00bb1\/6&#8243;][\/vc_column][vc_column width=\u00bb2\/3&#8243;][vc_masonry_grid post_type=\u00bbpost\u00bb max_items=\u00bb-1&#8243; style=\u00bbload-more\u00bb items_per_page=\u00bb5&#8243; element_width=\u00bb6&#8243; grid_id=\u00bbvc_gid:1709450423525-bf507b73-de02-6&#8243; taxonomies=\u00bb60&#8243;][vc_empty_space height=\u00bb50px\u00bb][\/vc_column][vc_column width=\u00bb1\/6&#8243;][\/vc_column][\/vc_row][vc_row row_type=\u00bbrow\u00bb use_row_as_full_screen_section=\u00bbno\u00bb type=\u00bbfull_width\u00bb text_align=\u00bbleft\u00bb css_animation=\u00bb\u00bb][vc_column][\/vc_column][\/vc_row]<\/p>\n<\/div>","protected":false},"excerpt":{"rendered":"<p>[vc_row row_type=\u00bbrow\u00bb use_row_as_full_screen_section=\u00bbno\u00bb type=\u00bbgrid\u00bb text_align=\u00bbcenter\u00bb css_animation=\u00bb\u00bb][vc_column][vc_empty_space height=\u00bb50px\u00bb][vc_column_text] CATALUNYA R\u00c0DIO \u201cREVOLUCI\u00d3 4.0\u201d CATALUNYA R\u00c0DIO- 3CAT: DISSABTES I DIUMENGES, 8\u00ba TEMPORADA: \u201cRevoluci\u00f3 4.0\u201d \u00e9s l\u2019espai radiof\u00f2nic de refer\u00e8ncia de l\u2019emprenedoria i la transformaci\u00f3 digital. El programa explica com ser\u00e0 la Catalunya i el m\u00f3n del futur des&#8230;<\/p>\n","protected":false},"author":1,"featured_media":0,"parent":0,"menu_order":0,"comment_status":"closed","ping_status":"closed","template":"full_width.php","meta":{"footnotes":""},"class_list":["post-102","page","type-page","status-publish","hentry"],"aioseo_notices":[],"_links":{"self":[{"href":"https:\/\/xantalllavina.com\/index.php?rest_route=\/wp\/v2\/pages\/102","targetHints":{"allow":["GET"]}}],"collection":[{"href":"https:\/\/xantalllavina.com\/index.php?rest_route=\/wp\/v2\/pages"}],"about":[{"href":"https:\/\/xantalllavina.com\/index.php?rest_route=\/wp\/v2\/types\/page"}],"author":[{"embeddable":true,"href":"https:\/\/xantalllavina.com\/index.php?rest_route=\/wp\/v2\/users\/1"}],"replies":[{"embeddable":true,"href":"https:\/\/xantalllavina.com\/index.php?rest_route=%2Fwp%2Fv2%2Fcomments&post=102"}],"version-history":[{"count":24,"href":"https:\/\/xantalllavina.com\/index.php?rest_route=\/wp\/v2\/pages\/102\/revisions"}],"predecessor-version":[{"id":4672,"href":"https:\/\/xantalllavina.com\/index.php?rest_route=\/wp\/v2\/pages\/102\/revisions\/4672"}],"wp:attachment":[{"href":"https:\/\/xantalllavina.com\/index.php?rest_route=%2Fwp%2Fv2%2Fmedia&parent=102"}],"curies":[{"name":"wp","href":"https:\/\/api.w.org\/{rel}","templated":true}]}}