{"id":119,"date":"2017-01-27T13:23:53","date_gmt":"2017-01-27T13:23:53","guid":{"rendered":"https:\/\/www.educamadrid.net\/wp\/?page_id=119"},"modified":"2024-07-23T10:34:50","modified_gmt":"2024-07-23T10:34:50","slug":"el-puntavui-tv","status":"publish","type":"page","link":"https:\/\/xantalllavina.com\/?page_id=119","title":{"rendered":"El PuntAvui TV"},"content":{"rendered":"<div class=\"wpb-content-wrapper\"><p>[vc_row row_type=\u00bbrow\u00bb use_row_as_full_screen_section=\u00bbno\u00bb type=\u00bbgrid\u00bb text_align=\u00bbcenter\u00bb css_animation=\u00bb\u00bb][\/vc_row][vc_row row_type=\u00bbrow\u00bb use_row_as_full_screen_section=\u00bbno\u00bb type=\u00bbgrid\u00bb text_align=\u00bbcenter\u00bb css_animation=\u00bb\u00bb][vc_column][vc_empty_space height=\u00bb50px\u00bb][vc_column_text]<\/p>\n<h1>AUT\u00c8NTICS.CAT<\/h1>\n<p>[\/vc_column_text][vc_separator type=\u00bbsmall\u00bb position=\u00bbcenter\u00bb color=\u00bb#1852f6&#8243; border_style=\u00bb\u00bb][vc_column_text]<\/p>\n<h3>Aut\u00e8ntics.cat<\/h3>\n<h4><span class=\"descripcio\">Al programa \u00abAut\u00e8ntics.cat\u00bb, dirigit i presentat cada diumenge a les 21.30h per Xantal Llavina, s&#8217;entrevista als millors conferenciants i professionals del pa\u00eds que s\u00f3n aut\u00e8ntics per la seva tasca professional. Aquells que ens aporten les idees m\u00e9s innovadores en: emprenedoria, innovaci\u00f3, creativitat, competitivitat, actitud positiva, optimisme, societat digital, sociologia, pensament, motivaci\u00f3, salut, literatura, art, cinema, televisi\u00f3, r\u00e0dio&#8230;. No \u00e9s nom\u00e9s una entrevista de personatge sin\u00f3 de tem\u00e0tica, basada en la reflexi\u00f3 del camp professional del convidat. \u00abAut\u00e8ntics.cat\u00bb \u00a0de El Punt Avui TV ha rebut el Premi Zapping 2017 com a millor programa de televisi\u00f3 en la categoria local segons el TAC, Associaci\u00f3 de Teleespectadors de Catalunya.\u00a0\u00a0<\/span><\/h4>\n<p><span class=\"descripcio\"><strong><img decoding=\"async\" src=\"https:\/\/www.elpuntavui.cat\/imatges\/57\/22\/alta\/780_0008_5722661_339930055e9c0f331084632a9ee6c62c.jpg\" alt=\"Xantal Llavina entrevista Jordi Bast\u00e9 a Aut\u00e8ntics.cat | Redacci\u00f3 | Comunicaci\u00f3 | El Punt Avui\" \/><\/strong><\/span><\/p>\n<p><img decoding=\"async\" src=\"https:\/\/www.elpuntavui.cat\/imatges\/57\/05\/4x3\/780_0008_5705069_3c7c3ce9cc87091f92cf4e4ad21a767fver3.jpg\" alt=\"Xantal Llavina entrevista Xavier Marcet | Redacci\u00f3 | Girona | Comunicaci\u00f3 | El Punt Avui\" \/><img decoding=\"async\" src=\"https:\/\/www.elpuntavui.cat\/imatges\/57\/52\/4x3\/780_0008_5752847_074a7ed35028476a67d40d05967a6106ver4.jpg\" alt=\"Xantal Llavina entrevista Najat el Hachmi | Redacci\u00f3 | Comunicaci\u00f3 | El Punt Avui\" \/><img decoding=\"async\" src=\"https:\/\/2.bp.blogspot.com\/-LMIbI3NtqU4\/WDo6wzGW1UI\/AAAAAAAAA1w\/19Yq9_5e-Dkfdy5ctA0VINZAkJRNNN4VACLcB\/s1600\/unnamed%2B%25288%2529.jpg\" alt=\"XANTAL LLAVINA, BLOC\" \/><img decoding=\"async\" src=\"https:\/\/1.bp.blogspot.com\/-uv_kW4mRCY8\/WDo6tojFSAI\/AAAAAAAAA0o\/TuhMjC6sDnItLCyEJJ5C824t_q0A6SymwCLcB\/s1600\/13599758_1045662972191507_6869729087827324018_n.jpg\" alt=\"XANTAL LLAVINA, BLOC\" \/><img decoding=\"async\" src=\"https:\/\/1.bp.blogspot.com\/-fL9AmQlR4Cs\/WDo6xsbavhI\/AAAAAAAAA18\/XHHsmKlXLxIteWfkVQsYAgpZHkGm9L7ogCLcB\/s1600\/unnamed22.jpg\" alt=\"XANTAL LLAVINA, BLOC\" \/><img decoding=\"async\" src=\"https:\/\/4.bp.blogspot.com\/-PiOudgYneRc\/WDo6wwwzkEI\/AAAAAAAAA1s\/8aFxXgys6E0HoNw8Y79Kxqh18A6IwrZQgCLcB\/s1600\/unnamed%2B%25287%2529.jpg\" alt=\"XANTAL LLAVINA, BLOC: PROGRAMES AUTENTICS.CAT ELPUNTAVUITV, ELS MILLORS CONFERENCIANTS\" \/><img decoding=\"async\" src=\"https:\/\/2.bp.blogspot.com\/-6yKCe8CPdpw\/WDo6uIOJAAI\/AAAAAAAAA00\/DONnBDB10UIZnaffZy4TGkD2lY2D49HxwCLcB\/s1600\/14494731_1119892094768594_3419794086720746443_n.jpg\" \/>[\/vc_column_text][vc_empty_space height=\u00bb20px\u00bb]<a href=\"http:\/\/www.elpuntavui.tv\/programes\/autentics-cat.html\" target=\"_blank\"  class=\"qbutton \" style=\"\">tos els programes<\/a>[vc_empty_space height=\u00bb50px\u00bb][\/vc_column][\/vc_row][vc_row row_type=\u00bbrow\u00bb use_row_as_full_screen_section=\u00bbno\u00bb type=\u00bbfull_width\u00bb text_align=\u00bbleft\u00bb css_animation=\u00bb\u00bb][vc_column width=\u00bb1\/6&#8243;][\/vc_column][vc_column width=\u00bb2\/3&#8243;][vc_masonry_grid post_type=\u00bbpost\u00bb max_items=\u00bb-1&#8243; style=\u00bblazy\u00bb element_width=\u00bb6&#8243; grid_id=\u00bbvc_gid:1708416193751-e279f6f7-94f3-4&#8243; taxonomies=\u00bb13&#8243;][\/vc_column][vc_column width=\u00bb1\/6&#8243;][\/vc_column][\/vc_row]<\/p>\n<\/div>","protected":false},"excerpt":{"rendered":"<p>[vc_row row_type=\u00bbrow\u00bb use_row_as_full_screen_section=\u00bbno\u00bb type=\u00bbgrid\u00bb text_align=\u00bbcenter\u00bb css_animation=\u00bb\u00bb][\/vc_row][vc_row row_type=\u00bbrow\u00bb use_row_as_full_screen_section=\u00bbno\u00bb type=\u00bbgrid\u00bb text_align=\u00bbcenter\u00bb css_animation=\u00bb\u00bb][vc_column][vc_empty_space height=\u00bb50px\u00bb][vc_column_text] AUT\u00c8NTICS.CAT [\/vc_column_text][vc_separator type=\u00bbsmall\u00bb position=\u00bbcenter\u00bb color=\u00bb#1852f6&#8243; border_style=\u00bb\u00bb][vc_column_text] Aut\u00e8ntics.cat Al programa \u00abAut\u00e8ntics.cat\u00bb, dirigit i presentat cada diumenge a les 21.30h per Xantal Llavina, s&#8217;entrevista als millors conferenciants i professionals del pa\u00eds que s\u00f3n aut\u00e8ntics per&#8230;<\/p>\n","protected":false},"author":1,"featured_media":0,"parent":0,"menu_order":0,"comment_status":"closed","ping_status":"closed","template":"full_width.php","meta":{"footnotes":""},"class_list":["post-119","page","type-page","status-publish","hentry"],"aioseo_notices":[],"_links":{"self":[{"href":"https:\/\/xantalllavina.com\/index.php?rest_route=\/wp\/v2\/pages\/119","targetHints":{"allow":["GET"]}}],"collection":[{"href":"https:\/\/xantalllavina.com\/index.php?rest_route=\/wp\/v2\/pages"}],"about":[{"href":"https:\/\/xantalllavina.com\/index.php?rest_route=\/wp\/v2\/types\/page"}],"author":[{"embeddable":true,"href":"https:\/\/xantalllavina.com\/index.php?rest_route=\/wp\/v2\/users\/1"}],"replies":[{"embeddable":true,"href":"https:\/\/xantalllavina.com\/index.php?rest_route=%2Fwp%2Fv2%2Fcomments&post=119"}],"version-history":[{"count":31,"href":"https:\/\/xantalllavina.com\/index.php?rest_route=\/wp\/v2\/pages\/119\/revisions"}],"predecessor-version":[{"id":4662,"href":"https:\/\/xantalllavina.com\/index.php?rest_route=\/wp\/v2\/pages\/119\/revisions\/4662"}],"wp:attachment":[{"href":"https:\/\/xantalllavina.com\/index.php?rest_route=%2Fwp%2Fv2%2Fmedia&parent=119"}],"curies":[{"name":"wp","href":"https:\/\/api.w.org\/{rel}","templated":true}]}}