{"id":1268,"date":"2017-02-09T19:30:21","date_gmt":"2017-02-09T19:30:21","guid":{"rendered":"https:\/\/www.educamadrid.net\/wp\/?page_id=1268"},"modified":"2024-07-23T10:07:13","modified_gmt":"2024-07-23T10:07:13","slug":"catalunya-radio-revolucio-4-0","status":"publish","type":"page","link":"https:\/\/xantalllavina.com\/?page_id=1268","title":{"rendered":"Revoluci\u00f3 4.0 8a Temporada"},"content":{"rendered":"<div class=\"wpb-content-wrapper\"><p>[vc_row row_type=\u00bbrow\u00bb use_row_as_full_screen_section=\u00bbno\u00bb type=\u00bbgrid\u00bb text_align=\u00bbcenter\u00bb][vc_column][vc_empty_space height=\u00bb50px\u00bb][vc_column_text]<\/p>\n<h1><strong>CATALUNYA R\u00c0DIO &#8211; REVOLUCI\u00d3 4.0-<\/strong><\/h1>\n<h1><strong>8a TEMPORADA- DISSABTES I DIUMENGES\u00a0<\/strong><\/h1>\n<p>[\/vc_column_text][vc_separator color=\u00bb#1852f6&#8243; type=\u00bbsmall\u00bb position=\u00bbcenter\u00bb border_style=\u00bb\u00bb][vc_empty_space height=\u00bb20px\u00bb][vc_empty_space height=\u00bb50px\u00bb][vc_column_text]<\/p>\n<h5><span style=\"color: #000000;\">\u00abRevoluci\u00f3 4.0\u00bb \u00e9s l&#8217;espai radiof\u00f2nic de refer\u00e8ncia de l&#8217;emprenedoria i la transformaci\u00f3 digital. El programa explica com ser\u00e0 la Catalunya i el m\u00f3n del futur des de la divulgaci\u00f3 i l&#8217;entreteniment, i inclou moltes novetats sobre emprenedors, empreses emergents, tecnologia, casos de ciberseguretat, economia, sostenibilitat, intel\u00b7lig\u00e8ncia artificial, nous lideratges, casos d&#8217;\u00e8xit i com la revoluci\u00f3 digital ho transforma tot.<\/span><\/h5>\n<h5><span style=\"color: #000000;\">El programa, presentat per la periodista Xantal Llavina, que torna al programa, arriba a la vuitena temporada amb algunes novetats: dues noves \u00abMasterclass\u00bb, amb Josep Maria Ganyet sobre intel\u00b7lig\u00e8ncia artificial i Jordi Sellas sobre cultura digital, que s&#8217;afegiran a les del catedr\u00e0tic d&#8217;Economia Santiago Ni\u00f1o-Becerra. Hi haur\u00e0 dues noves seccions de salut i tecnologia: \u00abHealth Hub\u00bb amb Eva Rossell i \u00abImpacte positiu\u00bb amb Sergio Cort\u00e9s. I tamb\u00e9 estrenem \u00abCiber 4.0\u00bb, \u00abTed Talks\u00bb amb professors universitaris i \u00abRevoluci\u00f3 treball\u00bb amb l&#8217;expert Jonathan Escobar. A m\u00e9s, continuen els col\u00b7laboradors de sempre: Ricard Castellet i Jordi Pi a \u00abRevolucionats\u00bb, Llu\u00eds Junc\u00e0 amb \u00abCatalunya Valley\u00bb, Laura Gil amb \u00abConnexions\u00bb, \u00abTIC.cat\u00bb amb Sergi Marc\u00e9n, el publicista Jordi Urbea amb \u00abRevolucionant la publicitat\u00bb, N\u00faria Aymerich amb \u00abInd\u00fastria 4.0\u00bb i Fabi\u00e1n Mohedano amb \u00abNous camins\u00bb.<\/span><\/h5>\n<h5><span style=\"color: #000000;\">Els eixos principals del \u00abRevoluci\u00f3 4.0&#8243; s\u00f3n l&#8217;entrevista a personatges molt rellevants on es parla amb ells de la seva vida digital i emprenedora i totes les seccions de divulgaci\u00f3. Aquesta temporada tamb\u00e9 estrenem l'\u00bbEntreNOvista\u00bb, amb un convidat sorpresa un cop al mes que la Xantal Llavina haur\u00e0 de descobrir a trav\u00e9s d&#8217;algunes pistes i despr\u00e9s entrevistar-lo.<\/span><\/h5>\n<h5><span style=\"color: #000000;\">El \u00abRevoluci\u00f3 4.0\u00bb celebrar\u00e0 novament l&#8217;entrega dels Premis Emprenedors Digitals 2024, per guardonar els millors emprenedors digitals del pa\u00eds. Podeu escoltar el \u00abRevoluci\u00f3 4.0\u00bb de Catalunya R\u00e0dio amb Xantal Llavina i col\u00b7laboradors els dissabtes a l&#8217;app i al web i els diumenges a l&#8217;antena de Catalunya R\u00e0dio, de 22 h a 23 h, i tamb\u00e9 el programa de dissabte a l&#8217;antena a les reemissions de la matinada de diumenge.<\/span><br \/>\n<span style=\"color: #000000;\">Per contactar amb nosaltres, ho podeu fer a trav\u00e9s del nostre Facebook, Twitter, Instagram o correu electr\u00f2nic\u00a0<a style=\"color: #000000;\" href=\"mailto:revolucio4@catradio.cat\">revolucio4@catradio.cat<\/a>.<\/span><\/h5>\n<h5><img decoding=\"async\" class=\"wp-image-3619 size-full aligncenter\" src=\"https:\/\/xantalllavina.com\/wp-content\/uploads\/2021\/11\/catradiologo.jpg\" alt=\"\" width=\"630\" height=\"320\" srcset=\"https:\/\/xantalllavina.com\/wp-content\/uploads\/2021\/11\/catradiologo.jpg 630w, https:\/\/xantalllavina.com\/wp-content\/uploads\/2021\/11\/catradiologo-300x152.jpg 300w\" sizes=\"(max-width: 630px) 100vw, 630px\" \/><img decoding=\"async\" class=\"wp-image-3617 size-full aligncenter\" src=\"https:\/\/xantalllavina.com\/wp-content\/uploads\/2021\/11\/1583500218023_670x378.jpg\" alt=\"\" width=\"670\" height=\"378\" srcset=\"https:\/\/xantalllavina.com\/wp-content\/uploads\/2021\/11\/1583500218023_670x378.jpg 670w, https:\/\/xantalllavina.com\/wp-content\/uploads\/2021\/11\/1583500218023_670x378-300x169.jpg 300w\" sizes=\"(max-width: 670px) 100vw, 670px\" \/><\/h5>\n<p><img decoding=\"async\" class=\"aligncenter wp-image-3620 \" src=\"https:\/\/xantalllavina.com\/wp-content\/uploads\/2021\/11\/D1-Cs_KWoAAy8Eb-1024x768.jpg\" alt=\"\" width=\"670\" height=\"503\" srcset=\"https:\/\/xantalllavina.com\/wp-content\/uploads\/2021\/11\/D1-Cs_KWoAAy8Eb-1024x768.jpg 1024w, https:\/\/xantalllavina.com\/wp-content\/uploads\/2021\/11\/D1-Cs_KWoAAy8Eb-300x225.jpg 300w, https:\/\/xantalllavina.com\/wp-content\/uploads\/2021\/11\/D1-Cs_KWoAAy8Eb-768x576.jpg 768w, https:\/\/xantalllavina.com\/wp-content\/uploads\/2021\/11\/D1-Cs_KWoAAy8Eb-800x600.jpg 800w, https:\/\/xantalllavina.com\/wp-content\/uploads\/2021\/11\/D1-Cs_KWoAAy8Eb-700x525.jpg 700w, https:\/\/xantalllavina.com\/wp-content\/uploads\/2021\/11\/D1-Cs_KWoAAy8Eb-1100x825.jpg 1100w, https:\/\/xantalllavina.com\/wp-content\/uploads\/2021\/11\/D1-Cs_KWoAAy8Eb.jpg 1200w\" sizes=\"(max-width: 670px) 100vw, 670px\" \/><\/p>\n<p><img decoding=\"async\" class=\"wp-image-3616 size-full aligncenter\" src=\"https:\/\/xantalllavina.com\/wp-content\/uploads\/2021\/11\/1516737269980_670x378.jpg\" alt=\"\" width=\"670\" height=\"378\" srcset=\"https:\/\/xantalllavina.com\/wp-content\/uploads\/2021\/11\/1516737269980_670x378.jpg 670w, https:\/\/xantalllavina.com\/wp-content\/uploads\/2021\/11\/1516737269980_670x378-300x169.jpg 300w\" sizes=\"(max-width: 670px) 100vw, 670px\" \/><\/p>\n<p><img decoding=\"async\" class=\"aligncenter\" src=\"https:\/\/www.ccma.cat\/multimedia\/jpg\/3\/3\/1618305963933.jpg\" alt=\"564.000 oients escolten di\u00e0riament Catalunya R\u00e0dio - Catalunya R\u00e0dio\" \/><\/p>\n<p>&nbsp;<\/p>\n<p>\u00ab<a href=\"https:\/\/www.ccma.cat\/catradio\/revolucio\/\" target=\"_self\" rel=\"noopener noreferrer\">Revoluci\u00f3 4.0<\/a>\u00ab, el programa condu\u00eft per\u00a0<strong>Xantal Llavina<\/strong>, tamb\u00e9 fa una estirada important, amb un excel\u00b7lent registre de 118.000 oients, que posen en valor que l&#8217;emprenedoria \u00e9s una pe\u00e7a b\u00e0sica en el moment actual. Suma 118.000 oients a la seva oferta, complementada amb l&#8217;emissi\u00f3 setmanal del\u00a0<a href=\"https:\/\/www.youtube.com\/playlist?list=PL5HwsHboiE9mavWJG-TBQriO2ewayNYiE\" target=\"_blank\" rel=\"noopener noreferrer\">videopocast \u00abRevoluci\u00f3 oberta\u00bb<\/a>.<\/p>\n<p><img decoding=\"async\" class=\"CKEditorImageContainer_670x378 aligncenter\" src=\"https:\/\/www.ccma.cat\/multimedia\/jpg\/6\/1\/1582141216016.jpg\" alt=\"\" \/><\/p>\n<p>&nbsp;<\/p>\n<p>&nbsp;<\/p>\n<div class=\"fusion-post-title-meta-wrap\">\n<h1 class=\"entry-title fusion-post-title fusion-responsive-typography-calculated\" data-fontsize=\"40\" data-lineheight=\"42px\">L\u2019IEC distingeix la \u2018La Marat\u00f3\u2019 de TV3 i Xantal Llavina<\/h1>\n<div class=\"fusion-meta-info\">\n<div class=\"fusion-meta-info-wrapper\"><span class=\"vcard\"><span class=\"fn\"><a title=\"Entrades de Redacci\u00f3\" href=\"https:\/\/comunicacio21.cat\/author\/redaccio\/\" rel=\"author\">Redacci\u00f3<\/a><\/span><\/span><span class=\"fusion-inline-sep\">|<\/span><span class=\"dataexterior\">13 maig 2020<\/span><span class=\"fusion-inline-sep\">|<\/span><strong>Comunicaci\u00f321<\/strong><\/div>\n<\/div>\n<\/div>\n<div class=\"post-content\">\n<p><img decoding=\"async\" class=\"wp-image-53528 aligncenter\" src=\"https:\/\/comunicacio21.cat\/wp-content\/uploads\/comunicacio21\/noticies\/institucions\/institut-estudis-catalans-iec-claustre.jpg\" sizes=\"(max-width: 750px) 100vw, 750px\" srcset=\"https:\/\/comunicacio21.cat\/wp-content\/uploads\/comunicacio21\/noticies\/institucions\/institut-estudis-catalans-iec-claustre-200x120.jpg 200w, https:\/\/comunicacio21.cat\/wp-content\/uploads\/comunicacio21\/noticies\/institucions\/institut-estudis-catalans-iec-claustre-305x183.jpg 305w, https:\/\/comunicacio21.cat\/wp-content\/uploads\/comunicacio21\/noticies\/institucions\/institut-estudis-catalans-iec-claustre-400x240.jpg 400w, https:\/\/comunicacio21.cat\/wp-content\/uploads\/comunicacio21\/noticies\/institucions\/institut-estudis-catalans-iec-claustre-600x360.jpg 600w, https:\/\/comunicacio21.cat\/wp-content\/uploads\/comunicacio21\/noticies\/institucions\/institut-estudis-catalans-iec-claustre.jpg 750w\" alt=\"\" width=\"658\" height=\"395\" \/><\/p>\n<p>L\u2019<a href=\"https:\/\/www.iec.cat\/\" target=\"_blank\" rel=\"noopener noreferrer\">Institut d\u2019Estudis Catalans<\/a>\u00a0ha fet p\u00fablics aquest dimecres els Premis Sant Jordi 2020, els quals distingeixen obres i investigadors de tots els \u00e0mbits de la ci\u00e8ncia i la cultura catalanes.<\/p>\n<p>Enguany, l\u2019IEC ha concedit el Premi Prat de la Riba a la Fundaci\u00f3 La Marat\u00f3 de TV3. El guard\u00f3 reconeix persones, entitats o institucions que hagin contribu\u00eft decisivament amb el seu treball a estudiar, difondre o desenvolupar els valors culturals, cient\u00edfics o humans de les terres de llengua i cultura catalanes.<\/p>\n<p>Per altra banda, ha atorgat el Premi Creu Casas \u2018Dones per canviar el m\u00f3n\u2019 en la modalitat A a la periodista Xantal Llavina Aguilar, per \u201cla tasca divulgadora que duu a terme i la seva capacitat d\u2019arribar a la societat en general i especialment al p\u00fablic jove i les noies, transmetent exemples i un bon model de tecnologia entenedora i atractiva\u201d. A m\u00e9s, s\u2019ha fet una menci\u00f3 honor\u00edfica a N\u00faria Castell Ari\u00f1o i Maria Clara Torrens Mazzei, per les seves traject\u00f2ries professionals i la \u201cdifusi\u00f3 i suport a moltes generacions de noies en tecnologia\u201d.<\/p>\n<p>Per la seva part, el Premi Creu Casas en la modalitat B s\u2019ha atorgat al grup de treball #ChicasInTech \u201cpel seu projecte engrescador, amb una certa traject\u00f2ria i molt de futur, que pot atraure una gran quantitat de noies cap a la tecnologia\u201d.<\/p>\n<p>En total, enguany l\u2019IEC ha lliurat m\u00e9s de 50 guardons per un import que supera els 172.000 euros. L\u2019acte de lliurament s\u2019ha susp\u00e8s a causa de la pand\u00e8mia del coronavirus.<\/p>\n<p>Els Premis Sant Jordi es van instituir el 1914 (s\u00f3n la tradici\u00f3 m\u00e9s antiga de l\u2019IEC) i contribueixen a la finalitat de la instituci\u00f3 de promoure la recerca cient\u00edfica, l\u2019alta cultura i la llengua catalana.<\/p>\n<div class=\"addtoany_share_save_container addtoany_content addtoany_content_bottom\">\n<div class=\"a2a_kit a2a_kit_size_40 addtoany_list\" data-a2a-url=\"https:\/\/comunicacio21.cat\/noticies\/liec-distingeix-la-la-marato-de-tv3-i-xantal-llavina\/\" data-a2a-title=\"L\u2019IEC distingeix la \u2018La Marat\u00f3\u2019 de TV3 i Xantal Llavina\"><\/div>\n<\/div>\n<\/div>\n<figure class=\"imatge\"><\/figure>\n<header class=\"R-itemNotiInfo\">\n<h1 class=\"titol\">La fundaci\u00f3 La Marat\u00f3 de TV3 i la periodista Xantal Llavina, reconegudes als Premis Sant Jordi 2020 de l&#8217;Institut d&#8217;Estudis Catalans<\/h1>\n<div><img decoding=\"async\" class=\"aligncenter wp-image-2781 size-full\" src=\"https:\/\/xantalllavina.com\/wp-content\/uploads\/2020\/05\/image002.png\" alt=\"\" width=\"454\" height=\"517\" srcset=\"https:\/\/xantalllavina.com\/wp-content\/uploads\/2020\/05\/image002.png 454w, https:\/\/xantalllavina.com\/wp-content\/uploads\/2020\/05\/image002-263x300.png 263w\" sizes=\"(max-width: 454px) 100vw, 454px\" \/><\/div>\n<div class=\"entradeta\">La periodista Xantal Llavina rep el Premi Creu Casas de l&#8217;Institut d&#8217;Estudis Catalans. Dones per canviar el m\u00f3n<\/div>\n<div class=\"entradeta\">L&#8217;IEC ha concedit els Premis Sant Jordi 2020, que distingeixen obres i investigadors de tots els \u00e0mbits de la ci\u00e8ncia i la cultura catalanes. Entre ells, el Premi Prat de la Riba, per a la Fundaci\u00f3 La Marat\u00f3 de TV3, i el Premi Creu Casas. Dones per canviar el m\u00f3n, per a Xantal Llavina.<\/div>\n<div class=\"wrapper-autor-data-compartir\">\n<div class=\"R-autorData noFoto C-senseAutor\">\n<div class=\"F-autorData \"><\/div>\n<\/div>\n<div class=\"R-rightShare\">\n<div class=\"F-addThisTop\">\n<div class=\"wrapper_M-compartir \">\n<div id=\"M-compartirTop\" class=\"M-compartir \" role=\"region\" data-id-div=\"M-compartirTop\" data-autostart=\"1\" data-hi-service-d=\"\" data-estil-form=\"cssForm\" data-mode=\"pu-premsa\" data-fb-frame=\"\" data-subtitle=\"\" data-link=\"\" data-title=\"\" data-description=\"\" aria-label=\"Comparteix\">\n<div class=\"addthis_toolbox addthis_default_style addthis_32x32_style \">\n<div class=\"pu-premsa-wrap\">\n<div class=\"pu-premsa-dcha\"><\/div>\n<div class=\"pu-premsa-izq\">\n<div>\n<div>L&#8217;Institut d&#8217;Estudis Catalans (IEC) ha concedit els Premis Sant Jordi 2020, corresponents al LXXXIX Cartell de premis i de borses d&#8217;estudi, que distingeixen obres i investigadors de tots els \u00e0mbits de la ci\u00e8ncia i la cultura catalanes.<\/div>\n<\/div>\n<\/div>\n<\/div>\n<\/div>\n<\/div>\n<\/div>\n<\/div>\n<\/div>\n<\/div>\n<\/header>\n<div class=\"R-itemNotiCos\">\n<p>La situaci\u00f3 d&#8217;alerta per la Covid-19 ha obligat a suspendre l&#8217;acte de lliurament dels premi. En total, enguany s&#8217;han lliurat m\u00e9s de mig centenar de guardons, per un import que supera els 172.000 euros.<\/p>\n<p>La Fundaci\u00f3 La Marat\u00f3 de TV3 ha estat guardonada amb el\u00a0<strong>Premi Prat de la Riba de l&#8217;Institut d&#8217;Estudis Catalans<\/strong>, en reconeixement pel seu impuls de la recerca biom\u00e8dica i la sensibilitzaci\u00f3 i promoci\u00f3 dels valors humans de la solidaritat a Catalunya.<\/p>\n<p>La vicepresidenta de la CCMA i del patronat de la Fundaci\u00f3 La Marat\u00f3 de TV3, N\u00faria Llorach, ha expressat el seu agra\u00efment, en nom de totes les persones que fa possible aquest gran projecte solidari: \u00abEns honora i ens emociona veure reconeguda d&#8217;aquesta manera la tasca que du a terme durant tot l&#8217;any la Fundaci\u00f3 La Marat\u00f3 en la sensibilitzaci\u00f3 social, l&#8217;impuls de la recerca biom\u00e8dica i la promoci\u00f3 de la solidaritat a Catalunya. Aquest \u00e9s tamb\u00e9 un premi a la confian\u00e7a, l&#8217;esfor\u00e7 i l&#8217;emoci\u00f3 dels milers de persones que la fan possible des del 1992.\u00bb<\/p>\n<p>Llorach ha anunciat que \u00abla dotaci\u00f3 econ\u00f2mica del premi anir\u00e0 al projecte que aquest 2020 centra els esfor\u00e7os de La Marat\u00f3 i els de tota la societat: la Covid-19\u00bb.<\/p>\n<p>Per altra banda, la periodista Xantal Llavina al capdavant del programa \u00abRevoluci\u00f3 4.0\u00bb, de Catalunya R\u00e0dio, se li ha concedit el\u00a0<strong>Premi Creu Casas de l&#8217;Institut d&#8217;Estudis Catalans. Dones per canviar el m\u00f3n<\/strong>, en la modalitat A, per la tasca divulgadora que du a terme i la seva capacitat d&#8217;arribar a la societat en general i especialment al p\u00fablic jove i les noies, transmetent exemples i un bon model de tecnologia entenedora i atractiva. Xantal Llavina ha manifestat que \u00ab\u00e9s un honor rebre aquest Premi Sant Jordi 2020 Creu Casas, Dones per canviar el m\u00f3n. Respecto profundament aquesta instituci\u00f3 i la feina que hi fa dins la Societat Catalana de Tecnologia.\u00a0Realment m&#8217;apassiona des del periodisme poder analitzar i investigar el que ens espera com a societat digital i sobretot destacar tamb\u00e9 el paper de les dones.\u00a0Sempre he volgut traslladar missatges de divulgaci\u00f3, d&#8217;emprenedoria, TIC, economia, tecnologia, futur i talent femen\u00ed en els meus programes\u00bb.<\/p>\n<p>Els Premis Sant Jordi, institu\u00efts el 1914, constitueixen la tradici\u00f3 m\u00e9s antiga de l&#8217;IEC i contribueixen a assolir la finalitat de l&#8217;Institut de promoure la recerca cient\u00edfica, l&#8217;alta cultura i la llengua catalana.<\/p>\n<\/div>\n<p>[\/vc_column_text][vc_column_text][\/vc_column_text][vc_column_text][\/vc_column_text][vc_empty_space height=\u00bb50px\u00bb][\/vc_column][\/vc_row][vc_row row_type=\u00bbrow\u00bb use_row_as_full_screen_section=\u00bbno\u00bb type=\u00bbfull_width\u00bb text_align=\u00bbleft\u00bb][vc_column width=\u00bb1\/6&#8243;][\/vc_column][vc_column width=\u00bb2\/3&#8243;][vc_masonry_grid post_type=\u00bbpost\u00bb max_items=\u00bb-1&#8243; style=\u00bbload-more\u00bb element_width=\u00bb6&#8243; btn_title=\u00bbm\u00e9s&#8230;\u00bb btn_color=\u00bbwarning\u00bb grid_id=\u00bbvc_gid:1717084059940-63c50031b48cd7fa8c56d2f4f6e43dd9-1&#8243; taxonomies=\u00bb42&#8243;][vc_empty_space height=\u00bb50px\u00bb][\/vc_column][vc_column width=\u00bb1\/6&#8243;][\/vc_column][\/vc_row][vc_row row_type=\u00bbrow\u00bb use_row_as_full_screen_section=\u00bbno\u00bb type=\u00bbfull_width\u00bb text_align=\u00bbcenter\u00bb][vc_column][vc_empty_space height=\u00bb50px\u00bb][\/vc_column][\/vc_row]<\/p>\n<\/div>","protected":false},"excerpt":{"rendered":"<p>[vc_row row_type=\u00bbrow\u00bb use_row_as_full_screen_section=\u00bbno\u00bb type=\u00bbgrid\u00bb text_align=\u00bbcenter\u00bb][vc_column][vc_empty_space height=\u00bb50px\u00bb][vc_column_text] CATALUNYA R\u00c0DIO &#8211; REVOLUCI\u00d3 4.0- 8a TEMPORADA- DISSABTES I DIUMENGES\u00a0 [\/vc_column_text][vc_separator color=\u00bb#1852f6&#8243; type=\u00bbsmall\u00bb position=\u00bbcenter\u00bb border_style=\u00bb\u00bb][vc_empty_space height=\u00bb20px\u00bb][vc_empty_space height=\u00bb50px\u00bb][vc_column_text] \u00abRevoluci\u00f3 4.0\u00bb \u00e9s l&#8217;espai radiof\u00f2nic de refer\u00e8ncia de l&#8217;emprenedoria i la transformaci\u00f3 digital. El programa explica com ser\u00e0 la Catalunya i el&#8230;<\/p>\n","protected":false},"author":1,"featured_media":3619,"parent":0,"menu_order":0,"comment_status":"closed","ping_status":"closed","template":"full_width.php","meta":{"footnotes":""},"class_list":["post-1268","page","type-page","status-publish","has-post-thumbnail","hentry"],"aioseo_notices":[],"_links":{"self":[{"href":"https:\/\/xantalllavina.com\/index.php?rest_route=\/wp\/v2\/pages\/1268","targetHints":{"allow":["GET"]}}],"collection":[{"href":"https:\/\/xantalllavina.com\/index.php?rest_route=\/wp\/v2\/pages"}],"about":[{"href":"https:\/\/xantalllavina.com\/index.php?rest_route=\/wp\/v2\/types\/page"}],"author":[{"embeddable":true,"href":"https:\/\/xantalllavina.com\/index.php?rest_route=\/wp\/v2\/users\/1"}],"replies":[{"embeddable":true,"href":"https:\/\/xantalllavina.com\/index.php?rest_route=%2Fwp%2Fv2%2Fcomments&post=1268"}],"version-history":[{"count":38,"href":"https:\/\/xantalllavina.com\/index.php?rest_route=\/wp\/v2\/pages\/1268\/revisions"}],"predecessor-version":[{"id":4829,"href":"https:\/\/xantalllavina.com\/index.php?rest_route=\/wp\/v2\/pages\/1268\/revisions\/4829"}],"wp:featuredmedia":[{"embeddable":true,"href":"https:\/\/xantalllavina.com\/index.php?rest_route=\/wp\/v2\/media\/3619"}],"wp:attachment":[{"href":"https:\/\/xantalllavina.com\/index.php?rest_route=%2Fwp%2Fv2%2Fmedia&parent=1268"}],"curies":[{"name":"wp","href":"https:\/\/api.w.org\/{rel}","templated":true}]}}