{"id":16,"date":"2017-01-26T14:18:21","date_gmt":"2017-01-26T14:18:21","guid":{"rendered":"https:\/\/www.educamadrid.net\/wp\/?page_id=16"},"modified":"2025-10-26T12:35:29","modified_gmt":"2025-10-26T12:35:29","slug":"soc","status":"publish","type":"page","link":"https:\/\/xantalllavina.com\/?page_id=16","title":{"rendered":"S\u00d3C-SOY"},"content":{"rendered":"<div class=\"wpb-content-wrapper\"><p>[vc_row row_type=\u00bbrow\u00bb use_row_as_full_screen_section=\u00bbno\u00bb type=\u00bbgrid\u00bb text_align=\u00bbcenter\u00bb background_animation=\u00bbnone\u00bb css_animation=\u00bb\u00bb][vc_column][vc_empty_space height=\u00bb50px\u00bb][vc_column_text]<\/p>\n<h1><span style=\"color: #1852f6;\">XANTAL LLAVINA AGUILAR- PERIODISTA<\/span><\/h1>\n<p>[\/vc_column_text][vc_separator type=\u00bbsmall\u00bb position=\u00bbcenter\u00bb border_style=\u00bb\u00bb color=\u00bb#e9653b\u00bb][vc_column_text css=\u00bb\u00bb]<strong><span style=\"color: #000000;\">Xantal Llavina Aguilar. Periodista, Directora de continguts, Divulgadora TIC, Productora Executiva i Conferenciant. Llicenciada en Periodisme per la Universitat Ramon Llull i Diplomada en Ci\u00e8ncies Empresarials per la Universitat Pompeu Fabra. <\/span><\/strong><strong><span style=\"color: #000000;\">Actualment Directora i Presentadora del programa divulgatiu d&#8217;emprenedors, revoluci\u00f3 digital, innovaci\u00f3 i futur\u00a0 \u00abRevoluci\u00f3 4.0\u00bb Catalunya R\u00e0dio- 3CAT 9\u00ba Temporada, Directora i Productora executiva del programa \u00abHo he Superat\u00bb a 3Cat-Catalunya R\u00e0dio i<\/span><span style=\"color: #000000;\"> Subdirectora i Presentadora del <\/span><span style=\"color: #000000;\">\u00abSom Revoluci\u00f3\u00bb 3CAT-Tv3: Com ser\u00e0 la Catalunya del 2030? 4\u00ba Temporada.<\/span><\/strong><\/p>\n<p><em><strong><span style=\"color: #000000;\">Com a directora i presentadora de programes de r\u00e0dio i televisi\u00f3 ha estat guardonada amb deu reconeixements per la seva feina i tasca period\u00edstica: Premi RAC 2013 (Directe 4.0 R\u00e0dio 4 RNE), Premi Zapping 2017 (Aut\u00e8ntics.cat El PuntAvuiTV), Premi Graus TIC 2017 (Revoluci\u00f3 4.0 Catalunya R\u00e0dio) , Premi Dona TIC Divulgadora 2018 per la Generalitat de Catalunya (Revoluci\u00f3 4.0 Catalunya R\u00e0dio) ,\u00a0 Premi a la Comunicaci\u00f3 i Divulgaci\u00f3 TIC 2019, la 24a Nit de les Telecomunicacions i la Inform\u00e0tica (Revoluci\u00f3 4.0 Catalunya R\u00e0dio) i Premi Graus TIC Comunicaci\u00f3 i Divulgaci\u00f3 2019 (Revoluci\u00f3 4.0 TV3 El Terrat). El 2020 va rebre en els Premis Sant Jordi 2020: Premi CREU CASAS de l&#8217;Institut d&#8217;Estudis Catalans, Dones per canviar el m\u00f3n (IEC). I al 2022, Premi Talent en Comunicaci\u00f3 i Mitjans de la Fundaci\u00f3 Impulsa Talentum , per la seva \u00abdestacada traject\u00f2ria en la divulgaci\u00f3 de la innovaci\u00f3, el talent i la tecnologia posada al servei de les persones amb el programa \u00abSom Revoluci\u00f3\u00bb TV3. El<\/span><span style=\"color: #000000;\">\u00a02023 ha rebut <\/span><span style=\"color: #000000;\">Premi Ciutat Sant Joan Desp\u00ed 2023 per a la seva traject\u00f2ria professional com a periodista i divulgadora. I el 2024\u00a0 el Premi Alumni Ambassador de la Universitat Ramon Llull.\u00a0 La periodista de 3Cat Xantal Llavina ha estat reconeguda amb el Premi Alumni Ambassador 2024 per l&#8217;excel\u00b7l\u00e8ncia en la seva traject\u00f2ria professional i el seu rol com a referent per als futurs professionals.<\/span><\/strong><\/em><\/p>\n<p><strong><span style=\"color: #000000;\">Aquests s\u00f3n els diferents mitjans de comunicaci\u00f3 on ha treballat i col\u00b7laborat: ElPuntAvuiTV, TV3, Bar\u00e7a TV, BarcelonaTV, TVE, Canal 33, R\u00e0dio 4- RNE, Catalunya R\u00e0dio, RAC1, Punto Radio, El Peri\u00f3dico de Catalunya, P\u00fablico-P\u00fablic i El Punt Avui.<\/span><\/strong><\/p>\n<p>Xantal Llavina Aguilar. Periodista, Directora de contenidos, Divulgadora TIC , Productora Ejecutiva y Conferenciante. Licenciada en Periodismo por la Universidad Ramon Llull y Diplomada en Ciencias Empresariales por la Universidad Pompeu Fabra. Actualmente Directora y Presentadora del programa divulgativo de emprendedores, revoluci\u00f3n digital, innovaci\u00f3n y futuro\u00a0 \u00abRevoluci\u00f3n 4.0\u00bb Catalunya R\u00e0dio- 3CAT 9\u00ba Temporada y Subdirectora y Presentadora del \u00abSom Revoluci\u00f3\u00bb 3CAT-Tv3: \u00bfC\u00f3mo ser\u00e1 la Catalunya del 2030? 4\u00ba Temporada con la productora El Terrat- The Mediapro Studio.<br \/>\nComo directora y presentadora de programas de radio y televisi\u00f3n ha sido galardonada con nueve reconocimientos por su labor period\u00edstica: Premio RAC 2013 (Directo 4.0 Radio 4 RNE), Premio Zapping 2017 (Aut\u00e8ntics.cat El PuntAvuiTV), Premio Graus TIC 2017 ( Revoluci\u00f3n 4.0 Catalunya R\u00e0dio) , Premio Mujer TIC Divulgadora 2018 por la Generalitat de Catalunya (Revoluci\u00f3n 4.0 Catalunya R\u00e0dio) ,\u00a0 Premio a la Comunicaci\u00f3n y Divulgaci\u00f3n TIC 2019, la 24\u00aa Noche de las Telecomunicaciones y la Inform\u00e1tica (Revoluci\u00f3n 4.0 Catalunya R\u00e0dio) y Premio TIC Comunicaci\u00f3n y Divulgaci\u00f3n 2019 (Revoluci\u00f3n 4.0 TV3 El Terrat). En 2020 recibi\u00f3 en los Premios Sant Jordi 2020: Premio CRUZ CASAS del Institut d&#8217;Estudis Catalans, Dones per canviar el m\u00f3n (IEC). Y en 2022, Premio Talent en Comunicaci\u00f3n y Medios de la Fundaci\u00f3n Impulsa Talentum , por su \u00abdestacada trayectoria en la divulgaci\u00f3n de la innovaci\u00f3n, el talento y la tecnolog\u00eda puesta al servicio de las personas con el programa \u00abSom Revoluci\u00f3\u00bb TV3. Y en 2023 ha recibido Premio Ciutat Sant Joan Desp\u00ed 2023 para su trayectoria profesional como periodista y divulgadora.Estos son los diferentes medios de comunicaci\u00f3n donde ha trabajado y colaborado: ElPuntAvuiTV, TV3, Bar\u00e7a TV, BarcelonaTV, TVE, Canal 33, Radio 4-RNE, Catalu\u00f1a Radio, RAC1, Punto Radio, El Peri\u00f3dico de Catalu\u00f1a, P\u00fablico-P\u00fablico y El Punt Avui.<\/p>\n<p>&nbsp;<\/p>\n<p>&nbsp;<\/p>\n<p><img decoding=\"async\" class=\"aligncenter\" src=\"https:\/\/img.3cat.cat\/multimedia\/jpg\/8\/9\/1758203185998.jpg\" alt=\"Revoluci\u00f3 4.0 - 3Cat\" width=\"970\" height=\"970\" \/><\/p>\n<p>&nbsp;<\/p>\n<h2 style=\"text-align: center;\"><span style=\"color: #1852f6;\"><strong>\u00abREVOLUCI\u00d3 4.0\u00bb CATALUNYA R\u00c0DIO- 3CAT:<\/strong><\/span><\/h2>\n<h2 style=\"text-align: center;\"><span style=\"color: #000000;\"><strong><span style=\"color: #1852f6;\">DISSABTES I DIUMENGES, 10 \u00ba TEMPORADA:<\/span><br \/>\n<\/strong><\/span><\/h2>\n<p>El programa \u00abRevoluci\u00f3 4.0\u00bb, dirigit i presentat per la periodista Xantal Llavina, arrenca la seva desena temporada a Catalunya R\u00e0dio amb una mirada renovada cap al futur digital i social. Una de les grans novetats d&#8217;aquesta edici\u00f3 \u00e9s el viatge a Silicon Valley, on Llavina entrevista figures clau de Google, Meta i OpenAI, aix\u00ed com emprenedors catalans que lideren projectes d&#8217;impacte global des dels Estats Units. Les converses s&#8217;emeten al llarg de la temporada i ofereixen una visi\u00f3 privilegiada sobre la innovaci\u00f3 que canvia el m\u00f3n. A m\u00e9s, el programa compta amb un debat tecnol\u00f2gic amb tres veus expertes que analitzaran l&#8217;actualitat digital amb rigor i esperit cr\u00edtic amb nous col\u00b7laboradors de prestigi: Elisenda Bou, emprenedora en intel\u00b7lig\u00e8ncia artificial, Apple li va comprar la seva empresa; Carles Planas Bou, periodista tecnol\u00f2gic a El Peri\u00f3dico, i \u00c0lex Carballo, expert en telecomunicacions.<\/p>\n<p>Les \u00faltimes incorporacions se sumen als col\u00b7laboradors habituals del programa com Santiago Ni\u00f1o-Becerra, Albert Cuesta, Josep Maria Ganyet, Jordi Urbea, Ricard Castellet, Laura Gil, Ana Naves i Jordi Pi. \u00abRevoluci\u00f3 4.0\u00bb mant\u00e9 el seu comprom\u00eds amb la divulgaci\u00f3 de la innovaci\u00f3 i el talent, amb espais com \u00abTechTalks\u00bb, \u00abInnovaci\u00f3 M\u00f3n 2030\u00bb i la secci\u00f3 \u00abEmprenedoria Km 0\u00bb, i impulsa un any m\u00e9s els\u00a0Premis Emprenedors Digitals 2025-2026, per recon\u00e8ixer projectes emprenedors transformadors digitals de casa nostra.<\/p>\n<p>Una temporada m\u00e9s, \u00abRevoluci\u00f3 4.0\u00bb vol ser la br\u00faixola per entendre el futur empresarial i digital que ja \u00e9s present.<\/p>\n<p>El programa s&#8217;emet cada dissabte a l&#8217;app i al web de Catalunya R\u00e0dio i cada diumenge de 22 a 23 h per antena.<\/p>\n<p>El programa \u00abRevoluci\u00f3n 4.0\u00bb, dirigido y presentado por la periodista Xantal Llavina, arranca su d\u00e9cima temporada en Catalunya R\u00e0dio con una mirada renovada hacia el futuro digital y social. Una de las grandes novedades de esta edici\u00f3n es el viaje a Silicon Valley, donde Llavina entrevista a figuras clave de Google, Meta y OpenAI, as\u00ed como emprendedores catalanes que lideran proyectos de impacto global desde Estados Unidos. Las conversaciones se emiten a lo largo de la temporada y ofrecen una privilegiada visi\u00f3n sobre la innovaci\u00f3n que cambia el mundo. Adem\u00e1s, el programa cuenta con un debate tecnol\u00f3gico con tres voces expertas que analizar\u00e1n la actualidad digital con rigor y esp\u00edritu cr\u00edtico con nuevos colaboradores de prestigio: Elisenda Bou, emprendedora en inteligencia artificial, Apple compr\u00f3 su empresa; Carles Planas Bou, periodista tecnol\u00f3gico en El Peri\u00f3dico, y \u00c0lex Carballo, experto en telecomunicaciones.<\/p>\n<p>Las \u00faltimas incorporaciones se suman a los colaboradores habituales del programa como Santiago Ni\u00f1o-Becerra, Alberto Cuesta, Josep Maria Ganyet, Jordi Urbea, Ricardo Castellet, Laura Gil, Ana Naves y Jordi Pi. \u00abRevoluci\u00f3n 4.0\u00bb mantiene su compromiso con la divulgaci\u00f3n de la innovaci\u00f3n y el talento, con espacios como \u00abTechTalks\u00bb, \u00abInnovaci\u00f3n Mundo 2030\u00bb y la secci\u00f3n \u00abEmprendimiento Km 0\u00bb, e impulsa un a\u00f1o m\u00e1s los Premios Emprendedores Digitales 2025-2026, para reconocer proyectos emprendedores transformadores.<\/p>\n<p>Una temporada m\u00e1s, \u00abRevoluci\u00f3n 4.0\u00bb quiere ser la br\u00fajula para entender el futuro empresarial y digital que ya est\u00e1 presente.<\/p>\n<p>El programa se emite cada s\u00e1bado en la app y en la web de Catalunya R\u00e0dio y cada domingo de 22 a 23 h por antena.<\/p>\n<p>&nbsp;<\/p>\n<h2 style=\"text-align: center;\"><span style=\"color: #1852f6;\"><strong>\u00abHO HE SUPERAT\u00bb 3CAT, 2a Temporada:<\/strong><\/span><\/h2>\n<p>&nbsp;<\/p>\n<div id=\"tw-target-text-container\" class=\"tw-ta-container F0azHf tw-nfl\" tabindex=\"0\">\n<p>\u00abHo he superat\u00bb \u00e9s un videop\u00f2dcast presentat per Xantal Llavina en qu\u00e8 la periodista conversa amb diferents personatges coneguts que han viscut situacions personals o de salut molt complicades, com la seva, en superar un c\u00e0ncer de mama. S\u00f3n converses sobre el moment inicial, la lluita per superar adversitats i, un cop superades, l&#8217;aprenentatge vital i la nova manera d&#8217;encarar la vida que suposen.<\/p>\n<p>La segona temporada est\u00e0 inspirada en la filosofia del Kintsugi, l&#8217;art japon\u00e8s que ent\u00e9n que les ferides i cicatrius formen part de la nostra hist\u00f2ria i ens fan \u00fanics i m\u00e9s valuosos. Cada protagonista comparteix el seu proc\u00e9s de superaci\u00f3 de manera honesta i profunda, tot escoltant la seva m\u00fasica preferida en un ambient \u00edntim que afavoreix la connexi\u00f3 emocional i l&#8217;autenticitat. El programa vol reflectir, a trav\u00e9s de cada hist\u00f2ria, la bellesa de recompondre&#8217;s despr\u00e9s de les adversitats.<\/p>\n<p>A la segona temporada, Miki N\u00fa\u00f1ez dona visibilitat als trastorns alimentaris; Bojan Krki\u0107 parla de l&#8217;ansietat; Sandro Rosell, de la seva renaixen\u00e7a despr\u00e9s de la pres\u00f3; N\u00faria Bacardit supera un c\u00e0ncer de mama; Marc Marginedas sobreviu a un segrest; Pep Sala afronta el dol i la depressi\u00f3; Laia Sanz lluita contra una malaltia minorit\u00e0ria mentre competeix, i Albert Llovera continua somiant despr\u00e9s d&#8217;un accident greu. A la primera temporada, Elisenda Roca afronta el maltractament psicol\u00f2gic; Paula Valls, l&#8217;anor\u00e8xia; Ra\u00fcl Balam, l&#8217;addicci\u00f3 a les drogues; Ernest Folch, un infart; Joan Reig, els abusos sexuals; Anna Barrachina, el c\u00e0ncer de pulm\u00f3; Nandu Jubany, el dol i la depressi\u00f3; Pep Anton Mu\u00f1oz, la p\u00e8rdua de la veu, i Jos\u00e9 Corbacho, una vida amb el rony\u00f3 de la seva germana.<\/p>\n<\/div>\n<div class=\"iYB33c\">\n<div class=\"dlJLJe\">\n<div data-cviv=\"false\" data-ved=\"2ahUKEwiG7dqmktSFAxWl2wIHHRS7A5AQz_AEegQICRAV\">\n<div class=\"U9URNb\"><\/div>\n<\/div>\n<\/div>\n<div id=\"tw-tmenu\" class=\"tw-menu\"><\/div>\n<\/div>\n<div id=\"tw-tmenu\" class=\"tw-menu\"><\/div>\n<p>&nbsp;<\/p>\n<p>&nbsp;<\/p>\n<p id=\"tw-target-rmn\" class=\"tw-data-placeholder tw-text-small tw-ta\" dir=\"ltr\" style=\"font-size: 16px; font-weight: 400;\"><img decoding=\"async\" class=\"aligncenter\" src=\"https:\/\/e-noticies.cat\/filesedc\/uploads\/image\/post\/xantal-llavina-ho-he-superat_1200_800.webp\" alt=\"Xantal Llavina, l'exdona de Quim Masferrer, torna a TV3 despr\u00e9s de superar un c\u00e0ncer\" width=\"719\" height=\"479\" \/><\/p>\n<p><img decoding=\"async\" class=\"aligncenter\" src=\"https:\/\/img.3cat.cat\/multimedia\/jpg\/0\/5\/1761034485450.jpg?strip=cr-1200x628\" alt=\"Torna &quot;Ho he superat&quot;, el videop\u00f2dcast sobre hist\u00f2ries de superaci\u00f3 personal amb Xantal Llavina - 3CatInfo\" width=\"718\" height=\"376\" \/><\/p>\n<p>&nbsp;<\/p>\n<p><img decoding=\"async\" class=\"alignleft\" src=\"https:\/\/img.3cat.cat\/multimedia\/jpg\/1\/4\/1760968504841_1920.jpg\" alt=\"T2xC2 - Sandro Rosell i la superaci\u00f3 de dos anys a la pres\u00f3\" width=\"476\" height=\"268\" \/><\/p>\n<p>&nbsp;<\/p>\n<p>&nbsp;<\/p>\n<p>&nbsp;<\/p>\n<p>&nbsp;<\/p>\n<p><img decoding=\"async\" class=\"alignleft\" src=\"https:\/\/img.3cat.cat\/multimedia\/jpg\/9\/3\/1760968674139_1920.jpg\" alt=\"T2xC3 - Bojan Krkic i la lluita contra l'ansietat\" width=\"435\" height=\"245\" \/><\/p>\n<p>&nbsp;<\/p>\n<p>&nbsp;<\/p>\n<p>&nbsp;<\/p>\n<p><img decoding=\"async\" class=\"\" src=\"https:\/\/img.3cat.cat\/multimedia\/jpg\/4\/3\/1760968725134_1920.jpg\" alt=\"T2xC4 - N\u00faria Bacardit i la superaci\u00f3 d'un c\u00e0ncer de mama\" width=\"490\" height=\"276\" \/><\/p>\n<p><span style=\"border-radius: 2px; text-indent: 20px; width: auto; padding: 0px 4px 0px 0px; text-align: center; font: bold 11px\/20px 'Helvetica Neue',Helvetica,sans-serif; color: #ffffff; background: #bd081c no-repeat scroll 3px 50% \/ 14px 14px; position: absolute; opacity: 1; z-index: 8675309; display: none; cursor: pointer;\"><img decoding=\"async\" class=\"alignnone size-medium wp-image-1400\" src=\"https:\/\/xantalllavina.com\/wp-content\/uploads\/2017\/01\/XANTAL-LLAVINA-_2-300x300.jpg\" alt=\"\" width=\"300\" height=\"300\" srcset=\"https:\/\/xantalllavina.com\/wp-content\/uploads\/2017\/01\/XANTAL-LLAVINA-_2-300x300.jpg 300w, https:\/\/xantalllavina.com\/wp-content\/uploads\/2017\/01\/XANTAL-LLAVINA-_2-150x150.jpg 150w, https:\/\/xantalllavina.com\/wp-content\/uploads\/2017\/01\/XANTAL-LLAVINA-_2.jpg 400w\" sizes=\"(max-width: 300px) 100vw, 300px\" \/>Save<\/span>[\/vc_column_text][vc_column_text][\/vc_column_text][vc_column_text][\/vc_column_text][vc_column_text][\/vc_column_text][vc_separator type=\u00bbsmall\u00bb position=\u00bbcenter\u00bb border_style=\u00bb\u00bb color=\u00bb#e9653b\u00bb][vc_column_text][\/vc_column_text][vc_separator type=\u00bbsmall\u00bb position=\u00bbcenter\u00bb border_style=\u00bb\u00bb color=\u00bb#e9653b\u00bb][vc_column_text][\/vc_column_text][vc_column_text][\/vc_column_text][vc_separator type=\u00bbsmall\u00bb position=\u00bbcenter\u00bb border_style=\u00bb\u00bb color=\u00bb#e9653b\u00bb][vc_column_text][\/vc_column_text][vc_column_text css=\u00bb\u00bb]<\/p>\n<h2><span style=\"color: #1852f6;\">LLIBRES<\/span><\/h2>\n<p>[\/vc_column_text][vc_separator type=\u00bbsmall\u00bb position=\u00bbcenter\u00bb border_style=\u00bb\u00bb color=\u00bb#e9653b\u00bb][vc_column_text css=\u00bb\u00bb]<strong><span style=\"color: #000000;\">El 2011 va publicar el llibre, Facebook: \u201cMillori les seves relacions coneixent la xarxa social que connecta el m\u00f3n.\u201d amb Profit Editorial.<\/span><\/strong><\/p>\n<p><strong><span style=\"color: #000000;\">El 2020 publica el llibre #SOMDIGITALS amb Profit Editorial. Qui seran els protagonistes de la Revoluci\u00f3 Digital? <span class=\"by-book\">Autor: Xantal Llavina <\/span><\/span><\/strong><\/p>\n<p><strong><span style=\"color: #000000;\"><span class=\"by-book\">i Jordi Portals. El 2024, va publicar amb Ara Llibres, \u00bb Emprendre el teu futur\u00bb, una guia d&#8217;hist\u00f2ries emprenedores.<\/span><\/span><\/strong>[\/vc_column_text][vc_empty_space height=\u00bb30px\u00bb]<a href=\"https:\/\/xantalllavina.com\/llibre\/\" target=\"_self\"  class=\"qbutton \" style=\"\">Llibre<\/a>[vc_empty_space height=\u00bb50px\u00bb][vc_column_text css=\u00bb\u00bb]<\/p>\n<h2><span style=\"color: #1852f6;\">RECONEIXEMENTS PROGRAMES<\/span><\/h2>\n<p>[\/vc_column_text][vc_separator type=\u00bbsmall\u00bb position=\u00bbcenter\u00bb border_style=\u00bb\u00bb color=\u00bb#e9653b\u00bb][vc_column_text css=\u00bb\u00bb]<img decoding=\"async\" class=\"aligncenter wp-image-2292 \" src=\"https:\/\/xantalllavina.com\/wp-content\/uploads\/2019\/03\/xantalllavina_slide_home_premiTIC2019_02-300x200.jpg\" alt=\"\" width=\"494\" height=\"329\" srcset=\"https:\/\/xantalllavina.com\/wp-content\/uploads\/2019\/03\/xantalllavina_slide_home_premiTIC2019_02-300x200.jpg 300w, https:\/\/xantalllavina.com\/wp-content\/uploads\/2019\/03\/xantalllavina_slide_home_premiTIC2019_02-768x512.jpg 768w, https:\/\/xantalllavina.com\/wp-content\/uploads\/2019\/03\/xantalllavina_slide_home_premiTIC2019_02.jpg 1024w, https:\/\/xantalllavina.com\/wp-content\/uploads\/2019\/03\/xantalllavina_slide_home_premiTIC2019_02-700x467.jpg 700w\" sizes=\"(max-width: 494px) 100vw, 494px\" \/><\/p>\n<p>&nbsp;<\/p>\n<div id=\"attachment_2227\" style=\"width: 353px\" class=\"wp-caption aligncenter\"><img decoding=\"async\" aria-describedby=\"caption-attachment-2227\" class=\" wp-image-2227\" src=\"https:\/\/xantalllavina.com\/wp-content\/uploads\/2018\/12\/xantalllavina_premsa_tic-300x169.jpg\" alt=\"Premi #Dona TIC Divulgadora 2018 per la Generalitat Xantal Llavina\" width=\"343\" height=\"193\" srcset=\"https:\/\/xantalllavina.com\/wp-content\/uploads\/2018\/12\/xantalllavina_premsa_tic-300x169.jpg 300w, https:\/\/xantalllavina.com\/wp-content\/uploads\/2018\/12\/xantalllavina_premsa_tic.jpg 670w\" sizes=\"(max-width: 343px) 100vw, 343px\" \/><p id=\"caption-attachment-2227\" class=\"wp-caption-text\">Premi #Dona TIC Divulgadora 2018 per la Generalitat Xantal Llavina<\/p><\/div>\n<p>&nbsp;<\/p>\n<p><img decoding=\"async\" class=\"aligncenter wp-image-1423 size-medium\" src=\"https:\/\/xantalllavina.com\/wp-content\/uploads\/2017\/01\/xantalllavina_premiszapping_3-300x225.jpg\" alt=\"\" width=\"300\" height=\"225\" srcset=\"https:\/\/xantalllavina.com\/wp-content\/uploads\/2017\/01\/xantalllavina_premiszapping_3-300x225.jpg 300w, https:\/\/xantalllavina.com\/wp-content\/uploads\/2017\/01\/xantalllavina_premiszapping_3-768x576.jpg 768w, https:\/\/xantalllavina.com\/wp-content\/uploads\/2017\/01\/xantalllavina_premiszapping_3-800x600.jpg 800w, https:\/\/xantalllavina.com\/wp-content\/uploads\/2017\/01\/xantalllavina_premiszapping_3-700x525.jpg 700w, https:\/\/xantalllavina.com\/wp-content\/uploads\/2017\/01\/xantalllavina_premiszapping_3.jpg 960w\" sizes=\"(max-width: 300px) 100vw, 300px\" \/><\/p>\n<p>&nbsp;<\/p>\n<p><img decoding=\"async\" class=\"size-medium wp-image-1427 aligncenter\" src=\"https:\/\/xantalllavina.com\/wp-content\/uploads\/2017\/01\/xantalllavina_premiszapping_7-300x200.jpg\" alt=\"\" width=\"300\" height=\"200\" srcset=\"https:\/\/xantalllavina.com\/wp-content\/uploads\/2017\/01\/xantalllavina_premiszapping_7-300x200.jpg 300w, https:\/\/xantalllavina.com\/wp-content\/uploads\/2017\/01\/xantalllavina_premiszapping_7-768x511.jpg 768w, https:\/\/xantalllavina.com\/wp-content\/uploads\/2017\/01\/xantalllavina_premiszapping_7-700x466.jpg 700w, https:\/\/xantalllavina.com\/wp-content\/uploads\/2017\/01\/xantalllavina_premiszapping_7.jpg 1023w\" sizes=\"(max-width: 300px) 100vw, 300px\" \/><\/p>\n<p>&nbsp;<\/p>\n<p>&#8211;<span style=\"color: #333333;\"><strong>La periodista de 3Cat Xantal Llavina ha estat reconeguda amb el Premi Alumni Ambassador 2024 de la Universitat Ramon Llull per l&#8217;excel\u00b7l\u00e8ncia en la seva traject\u00f2ria professional i el seu rol com a referent per als futurs professionals.\u00a0<\/strong><\/span><\/p>\n<p><span style=\"color: #333333;\"><strong>-Premi Ciutat Sant Joan Desp\u00ed 2023 per a la seva traject\u00f2ria professional com a periodista i divulgadora des de fa m\u00e9s de 25 anys.<\/strong> Els premis reconeixen la traject\u00f2ria i el treball d&#8217;entitats, empreses i personalitats de la ciutat.<\/span><\/p>\n<p><strong><span style=\"color: #000000;\">-Premi Talent en Comunicaci\u00f3 i Mitjans de la Fundaci\u00f3 Impulsa Talentum 2022 , <\/span><\/strong><span style=\"color: #000000;\">per la seva \u00abdestacada traject\u00f2ria en la divulgaci\u00f3 de la innovaci\u00f3, el talent i la tecnologia posada al servei de les persones amb el programa \u00abSom Revoluci\u00f3\u00bb TV3.<\/span><\/p>\n<p><span style=\"color: #000000;\">&#8211;<strong>Premis Sant Jordi 2020: <\/strong><strong>Premi CREU<\/strong> <strong>CASAS de l\u2019Institut d&#8217;Estudis Catalans<\/strong> . Dones per canviar el m\u00f3n, concedit a Xantal Llavina Aguilar, per la tasca divulgadora que duu a terme i la seva capacitat d\u2019arribar a la societat en general i especialment al p\u00fablic jove i les noies, transmetent exemples i un bon model de tecnologia entenedora i atractiva.\u00a0<sup id=\"cite_ref-20\" class=\"reference\"><\/sup>L&#8217;Institut d&#8217;Estudis Catalans (IEC) distingeixen obres i investigadors de tots els \u00e0mbits de la ci\u00e8ncia i la cultura catalanes.<\/span><\/p>\n<p><span style=\"color: #000000;\">&#8211;<strong>Revoluci\u00f3 4.0 TV3, Premi GrausTIC a la Comunicaci\u00f3 i a la Divulgaci\u00f3 2019 <\/strong>per l&#8217; Associaci\u00f3 d&#8217;Enginyeria T\u00e8cnica de Telecomunicaci\u00f3 de Catalunya GrausTIC. El jurat ha destacat \u00abel format innovador de l&#8217;espai que divulga d&#8217;una manera entretinguda el talent digital i emprenedor de Catalunya en diferents \u00e0mbits i permet la participaci\u00f3 del p\u00fablic a trav\u00e9s dels m\u00f2bils\u00bb.<\/span><\/p>\n<p><span style=\"color: #000000;\">&#8211;<strong>Premi a la Comunicaci\u00f3 i a la Divulgaci\u00f3 de les TIC 2019<\/strong> per l\u2019Associaci\u00f3 Catalana\u00a0<span class=\"nmt_arial\">d\u2019Enginyers de Telecomunicaci\u00f3 \u00a0i el Col\u00b7legi Oficial d\u2019Enginyeria en Inform\u00e0tica de Catalunya al Revoluci\u00f3 4.0 de Catalunya R\u00e0dio.<\/span><\/span><\/p>\n<p><span style=\"color: #000000;\">&#8211;<strong>Premi Dona TIC Divulgadora 2018 per a Xantal Llavina.<\/strong> Destaca la seva tasca en la divulgaci\u00f3 en l&#8217;\u00e0mbit de la comunicaci\u00f3 vinculada a les TIC. Els Premis Dona TIC\u00a0 s\u00f3n una iniciativa del Departament de Pol\u00edtiques Digitals de la Generalitat de Catalunya i de l&#8217;associaci\u00f3 Tert\u00falia Digital.<\/span><\/p>\n<p><span style=\"color: #000000;\">&#8211;<strong>Revoluci\u00f3 4.0 de Catalunya R\u00e0dio Premi Excel\u00b7l\u00e8ncia a la Comunicaci\u00f3 i a la Divulgaci\u00f3 de les TIC 2017<\/strong> per l&#8217;associaci\u00f3 ONES Associaci\u00f3 d&#8217;Enginyeria T\u00e8cnica de Telecomunicaci\u00f3 de Catalunya (GrausTIC). (Directora i presentadora)<\/span><\/p>\n<p><span style=\"color: #000000;\">&#8211;<strong>Aut\u00e8ntics.cat PUNTAVUITV\u00a0: Guanyador Premi Zapping 2017<\/strong> al Millor Programa Local de Catalunya pel TAC, Associaci\u00f3 de Telespectadors de Catalunya. Premi Zapping (Directora, presentadora i guionista).<\/span><\/p>\n<p><span style=\"color: #000000;\">-Magazine \u201cDirecte 4.0\u201d de Radio 4 RNE. 3 Temporades. <strong>Premi Menci\u00f3 de Qualitat al Millor Programa de R\u00e0dio en els Premis Radio Associaci\u00f3 de Catalunya 2013, Premis RAC<\/strong>. (Directora i Presentadora)<\/span><\/p>\n<p>[\/vc_column_text][vc_empty_space height=\u00bb50px\u00bb][vc_column_text][\/vc_column_text][vc_separator type=\u00bbsmall\u00bb position=\u00bbcenter\u00bb border_style=\u00bb\u00bb color=\u00bb#e9653b\u00bb][vc_column_text][\/vc_column_text][vc_empty_space height=\u00bb20px\u00bb]<a href=\"https:\/\/www.linkedin.com\/profile\/view?id=AAIAAAMiE-UBAEI0jSCFMFtUQFz1vTT6ZyHac4U&amp;trk=nav_responsive_tab_profile\" target=\"_blank\" data-hover-background-color='#ffffff' data-hover-border-color='#1852f6' data-hover-color='#1852f6' class=\"qbutton \" style=\"color: #ffffff; border-color: #ffffff; background-color: #1852f6;\">M\u00e9s informaci\u00f3<\/a>[vc_empty_space height=\u00bb50px\u00bb][\/vc_column][\/vc_row]<\/p>\n<\/div>","protected":false},"excerpt":{"rendered":"<p>[vc_row row_type=\u00bbrow\u00bb use_row_as_full_screen_section=\u00bbno\u00bb type=\u00bbgrid\u00bb text_align=\u00bbcenter\u00bb background_animation=\u00bbnone\u00bb css_animation=\u00bb\u00bb][vc_column][vc_empty_space height=\u00bb50px\u00bb][vc_column_text] XANTAL LLAVINA AGUILAR- PERIODISTA [\/vc_column_text][vc_separator type=\u00bbsmall\u00bb position=\u00bbcenter\u00bb border_style=\u00bb\u00bb color=\u00bb#e9653b\u00bb][vc_column_text css=\u00bb\u00bb]Xantal Llavina Aguilar. Periodista, Directora de continguts, Divulgadora TIC, Productora Executiva i Conferenciant. Llicenciada en Periodisme per la Universitat Ramon Llull i Diplomada en Ci\u00e8ncies Empresarials per la&#8230;<\/p>\n","protected":false},"author":1,"featured_media":0,"parent":0,"menu_order":0,"comment_status":"closed","ping_status":"closed","template":"full_width.php","meta":{"footnotes":""},"class_list":["post-16","page","type-page","status-publish","hentry"],"aioseo_notices":[],"_links":{"self":[{"href":"https:\/\/xantalllavina.com\/index.php?rest_route=\/wp\/v2\/pages\/16","targetHints":{"allow":["GET"]}}],"collection":[{"href":"https:\/\/xantalllavina.com\/index.php?rest_route=\/wp\/v2\/pages"}],"about":[{"href":"https:\/\/xantalllavina.com\/index.php?rest_route=\/wp\/v2\/types\/page"}],"author":[{"embeddable":true,"href":"https:\/\/xantalllavina.com\/index.php?rest_route=\/wp\/v2\/users\/1"}],"replies":[{"embeddable":true,"href":"https:\/\/xantalllavina.com\/index.php?rest_route=%2Fwp%2Fv2%2Fcomments&post=16"}],"version-history":[{"count":150,"href":"https:\/\/xantalllavina.com\/index.php?rest_route=\/wp\/v2\/pages\/16\/revisions"}],"predecessor-version":[{"id":5642,"href":"https:\/\/xantalllavina.com\/index.php?rest_route=\/wp\/v2\/pages\/16\/revisions\/5642"}],"wp:attachment":[{"href":"https:\/\/xantalllavina.com\/index.php?rest_route=%2Fwp%2Fv2%2Fmedia&parent=16"}],"curies":[{"name":"wp","href":"https:\/\/api.w.org\/{rel}","templated":true}]}}