{"id":18,"date":"2017-01-26T14:18:34","date_gmt":"2017-01-26T14:18:34","guid":{"rendered":"https:\/\/www.educamadrid.net\/wp\/?page_id=18"},"modified":"2024-07-23T10:10:46","modified_gmt":"2024-07-23T10:10:46","slug":"televisio","status":"publish","type":"page","link":"https:\/\/xantalllavina.com\/?page_id=18","title":{"rendered":"TV3"},"content":{"rendered":"<div class=\"wpb-content-wrapper\"><p>[vc_row row_type=\u00bbrow\u00bb use_row_as_full_screen_section=\u00bbno\u00bb type=\u00bbgrid\u00bb text_align=\u00bbcenter\u00bb css_animation=\u00bb\u00bb][vc_column][vc_single_image image=\u00bb1125&#8243; img_size=\u00bb\u00bb alignment=\u00bbcenter\u00bb onclick=\u00bbcustom_link\u00bb qode_css_animation=\u00bb\u00bb link=\u00bbhttps:\/\/xantalllavina.com\/tv3\/\u00bb][vc_empty_space height=\u00bb50px\u00bb][vc_column_text]<\/p>\n<h1 style=\"text-align: center;\">TELEVISI\u00d3<\/h1>\n<div class=\"wpb_text_column wpb_content_element \">\n<div class=\"wpb_wrapper\">\n<h2 style=\"text-align: center;\"><strong>\u201c#SOMREVOLUCI\u00d3\u201d ESTRENA FORMAT PER DONAR LA VISI\u00d3 DE COM SER\u00c0 EL M\u00d3N DEL 2030 DES DE 32 LOCALITZACIONS CATALANES DIFERENTS<\/strong><\/h2>\n<p><img decoding=\"async\" class=\"aligncenter\" src=\"https:\/\/mail.google.com\/mail\/u\/0?ui=2&amp;ik=c1a3c49cdc&amp;attid=0.1.2&amp;permmsgid=msg-f:1738953695273967654&amp;th=1822012c27a86026&amp;view=fimg&amp;fur=ip&amp;sz=s0-l75-ft&amp;attbid=ANGjdJ-1-o5jwopJMtc3gHhInVzp8pJbFh8w5RSBrMLg-QRct9Wmt-4hvNpzZiZtBrjxRipXVyv16yh9GVlWIwdbA-Sc98PMZdHsVa7lqfTWrI4RaGkjSqWMgYjaokc&amp;disp=emb\" alt=\"Som revoluci\u00f3 (2)_bo.jpg\" \/><\/p>\n<p>El dimarts 2 d\u2019agost, a partir de les 23.25, TV3 estrenar\u00e0 la quarta temporada del programa \u201c#SomRevoluci\u00f3\u201d amb un format totalment renovat. En les tres temporades anteriors, l\u2019espai compartia nom amb el programa \u201cRevoluci\u00f3 4.0\u201d, de Catalunya R\u00e0dio, que tamb\u00e9 presenta Xantal Llavina.<\/p>\n<p>&nbsp;<\/p>\n<p>El \u201c#SomRevoluci\u00f3\u201d d\u2019aquest estiu ser\u00e0 un documental que, amb la producci\u00f3 de TV3 i El Terrat (The Mediapro Studio), combinar\u00e0 divulgaci\u00f3 i entreteniment per donar la visi\u00f3 des de Catalunya de com ser\u00e0 el m\u00f3n que ens espera fins al 2030. Els rodatges s\u2019han fet en exteriors, en 32 localitzacions catalanes diferents.<\/p>\n<p>Xantal Llavina viur\u00e0 com a investigadora, per\u00f2 d\u2019una manera molt distesa, tota mena d\u2019experi\u00e8ncies al \u201c<a href=\"https:\/\/www.ccma.cat\/tv3\/revolucio\/\" data-saferedirecturl=\"https:\/\/www.google.com\/url?q=https:\/\/www.ccma.cat\/tv3\/revolucio\/&amp;source=gmail&amp;ust=1658587272212000&amp;usg=AOvVaw1LkHwPM2OVTHJRUA4qzRE4\">#SomRevoluci\u00f3<\/a>\u201d. Les claus del nou format s\u00f3n divulgar i entretenir al mateix temps i des del lloc dels fets, amb una vocaci\u00f3 art\u00edstica. Durant el seu periple per Catalunya, concentrat en cinc cap\u00edtols, Llavina coneixer\u00e0 molts personatges i centres d\u2019innovaci\u00f3, i parlar\u00e0 amb molts experts per comprovar, en primera persona, com la tecnologia est\u00e0 transformant les vides per sempre.<\/p>\n<p><strong>Les claus i els protagonistes de la quarta temporada\u00a0<\/strong><\/p>\n<p>El programa, en la nova temporada, mostrar\u00e0 les cinc grans revolucions digitals que hi ha: la revoluci\u00f3 sostenible i de canvi clim\u00e0tic; la de connectivitat, hologrames i espai; la de talent digital i metavers; la d\u2019educaci\u00f3 digital, i la de recerca, amb els millors investigadors del pa\u00eds. Llavina visitar\u00e0, entre altres indrets, el Barcelona Drone Center i una empresa que fabrica hologrames, l\u2019aeroport d\u2019Alguaire, diverses classes de rob\u00f2tica d\u2019escoles catalanes, empreses que fan realitat augmentada i virtual, la\u00a0\u00a0Universitat Polit\u00e8cnica de Catalunya, el sincrotr\u00f3 Alba, l\u2019abocador de Can Mata o el CatVers, el metavers catal\u00e0, que li permetr\u00e0 entrar dins del m\u00f3n virtual.<\/p>\n<p>Al programa hi participaran, a m\u00e9s, 25 testimonis i experts de primer nivell que valoraran les innovacions del futur a Catalunya. Personatges coneguts com Gemma Mengual, Joan Daus\u00e0, Lildami, Ra\u00fcl Balam, Cristina Brondo, Pep Nogu\u00e9, Ada Parellada o Jos\u00e9 El\u00edas, que viuran tamb\u00e9 algunes experi\u00e8ncies innovadores dins del nou format de programa, centrat en el futur que ens espera.<\/p>\n<p>El programa, produ\u00eft per TV3 i El Terrat, est\u00e0 dirigit per l\u2019expert en documentals David Fern\u00e1ndez de Castro. La periodista TIC Xantal Llavina, que ja fa sis temporades que realitza el\u00a0\u201c<a href=\"https:\/\/www.ccma.cat\/catradio\/revolucio\/\" data-saferedirecturl=\"https:\/\/www.google.com\/url?q=https:\/\/www.ccma.cat\/catradio\/revolucio\/&amp;source=gmail&amp;ust=1658587272212000&amp;usg=AOvVaw30FEO_MkZfdCfLvOxEp2Cu\">Revoluci\u00f3 4.0<\/a>\u201d a Catalunya R\u00e0dio, exerceix de subdirectora i presentadora.\u00a0La segona veu del programa ser\u00e0 el tamb\u00e9 periodista de Catalunya R\u00e0dio Quim Morales.<\/p>\n<p><strong>Primer cap\u00edtol: hologrames, drons i coets catalans<\/strong><\/p>\n<p><strong>\u00a0<\/strong>El programa de l\u2019estrena, el 2 d\u2019agost, segurament ser\u00e0 el m\u00e9s futurista de tota la s\u00e8rie. Al m\u00f3n cada vegada tot est\u00e0 m\u00e9s connectat i l\u2019anomenada \u201cinternet de les coses\u201d acabar\u00e0 oferint un potencial que transformar\u00e0 totalment les vides.<\/p>\n<p>#SomRevoluci\u00f3 descobrir\u00e0, a partir d\u2019una visita al Barcelona Drone Center, com funcionen tota mena de drons que estan canviant la manera de treballar de moltes empreses, i tamb\u00e9 dels cossos de seguretat i vigil\u00e0ncia de Catalunya. Ben aviat la pres\u00e8ncia de drons augmentar\u00e0 de manera exponencial.<\/p>\n<p>Xantal Llavina visitar\u00e0 tamb\u00e9 una empresa que fabrica hologrames a Sant Boi de Llobregat. Ella i l\u2019actriu Cristina Brondo descobriran un m\u00f3n apassionant: el de la creaci\u00f3 de c\u00f2pies virtuals de persones. Sens dubte, els hologrames oferiran unes possibilitats professionals o d\u2019oci que ara mateix no es poden imaginar.<\/p>\n<p>I en aquest viatge cap a un futur que cada dia \u00e9s m\u00e9s present, Llavina anir\u00e0 fins a l\u2019aeroport d\u2019Alguaire, on descobrir\u00e0 alguns dels protagonistes actuals i futurs d\u2019un dels sectors que no para de cr\u00e9ixer a Catalunya: el sector aeroespacial. Coneixer\u00e0, per exemple, l\u2019empresa que ha fabricat el primer nanosat\u00e8l\u00b7lit fabricat a Catalunya i que ja orbita des de fa mesos, o una altra empresa que fabrica motors per fer enlairar coets. Tamb\u00e9 parlar\u00e0 amb uns estudiants que han constru\u00eft amb \u00e8xit un coet supers\u00f2nic suborbital i que, sens dubte, ben aviat seran alguns dels protagonistes destacats de l\u2019ecosistema catal\u00e0 de l\u2019anomenat New Space.<\/p>\n<p>En el programa tamb\u00e9 hi intervindran el meteor\u00f2leg Tom\u00e0s Molina; el periodista i divulgador cient\u00edfic Joan Anton Catal\u00e0; la presidenta de la Cambra de Comer\u00e7 de Barcelona, M\u00f2nica Roca; el periodista i gestor d\u2019empreses culturals Jordi Sellas, i l\u2019enginyera Cristina Barrado, professora de la Universitat Polit\u00e8cnica de Catalunya. Tots coincidiran a destacar que cal treure el m\u00e0xim profit d\u2019una paraula sense la qual no s\u2019entendr\u00e0 el m\u00f3n dels pr\u00f2xims anys: la connectivitat. #SomConnectivitat.<\/p>\n<p><img decoding=\"async\" src=\"https:\/\/blogger.googleusercontent.com\/img\/b\/R29vZ2xl\/AVvXsEgi25R-AKUe6w2ZnSb7qm6AK32OkL9CGJH2yXeRIofH_hWCYDziqyAtNCprvALv5nw1bDnUKXJQePMzowqVBDZSv67DotfOlBaNrCvpOZn5mQcmJsRByY8hHpyz2eb2vsd_o7vxx3726CJ8Ilf8Db8OfQ8JlZE1qYR8EZw5uoSXRzjGRYFhuEnV-hpN\/s320\/A71A0205.jpg\" \/><img decoding=\"async\" src=\"https:\/\/blogger.googleusercontent.com\/img\/b\/R29vZ2xl\/AVvXsEhlK_eGlUVen85oabvbafoJGIqHDzYmrCCxmAxy4JzCDf9qBXGEopj2Wudn1LPS1Te_90HJjPVIpchM5-kw4NEIURAIxxP1zg5hu6szjaoLome2OtMq4suyrO5ZQLf_rqoYX_zmlum3LSlYrw8-2906cXc_FW-Su8S03gkKWWXTHTiCGxEqOrgHYP4U\/s320\/A71A0283.jpg\" \/><img decoding=\"async\" src=\"https:\/\/blogger.googleusercontent.com\/img\/b\/R29vZ2xl\/AVvXsEjYcK_tEoCqsEVUb6G-WF7VlXDC--8qEjp2a2-o5hq5FTFQkoqnDG3hUUQUOJmnNkl5F1z8VYVBAeqxqlcZgRdVE6GmVcqEkcWR4ZfIAHRkNzWuxtNCmAgcY200iELG6_sS-DV5t4FVT54iGd_iMH7jJPMEhs4MSQgnGJQHQ0Wv_H5BLfstQjyhFmG3\/s320\/A71A6690.jpg\" \/><img decoding=\"async\" src=\"https:\/\/blogger.googleusercontent.com\/img\/b\/R29vZ2xl\/AVvXsEjZ7Y5vKbn0uMe0KS_Xigc9bBBUKvYUGTnyIt2TcHe8o0sv6AGWQQcGBBNedqmOlFqK02Dw7vAYmGMKnEpEPyNhvlfgWV7Yuh2OqPh18SljaPI2JCjX3F881RVVwtuEM3CPLtmtns76q8NeycYe_0p8JZr5kmPloU3LNnhPGkOEHEhanUNDqDQylqPw\/s320\/cap%205.jpg\" \/><\/p>\n<p><strong>Els altres cap\u00edtols<\/strong><\/p>\n<p>&nbsp;<\/p>\n<p>La resta de programes tindran els t\u00edtols seg\u00fcents:<\/p>\n<p>&nbsp;<\/p>\n<p>\u2013 Les aules catalanes del futur<\/p>\n<p>\u2013 Ja ens operen robots. Com seran els metges del futur?<\/p>\n<p>\u2013 L\u2019estiu durar\u00e0 quatre mesos a Catalunya el 2050<\/p>\n<p>\u2013 El milionari mercat de terrenys al metavers<\/p>\n<p><img decoding=\"async\" src=\"https:\/\/blogger.googleusercontent.com\/img\/b\/R29vZ2xl\/AVvXsEjLCR-JzvoRWHDUk5dpgOi_K5xDSNZXb33Je7QDznhKfSCHkzbXT9aiwceBfx0u3aUp5TI8UkDPzsgKYAx2_KkqIUNP0S6cO-4-qMOGmmWEkfsa4tgFxf1W4ZgJiZ4YFQeWoybwmVwQTfglfkyzSd0J2XJ-3GL6oiAVoQNYEybEl1DNPPNInaZ9HY9g\/s320\/A71A9205.jpg\" \/><img decoding=\"async\" src=\"https:\/\/blogger.googleusercontent.com\/img\/b\/R29vZ2xl\/AVvXsEhRGWhwgbEnDSkBadI1udrdZqH_9UXsbXFbJlj168eYrvP8xGze0xXNIQ_d01gAP4pIktkze8CuBznRQaAHzGEX23P6Ngse_ELSewyPQCgsEz8VtUHKUMUWvAP3b3dvDdupuyE44HoAtEs6EaWgRvDhyTfRHu6qkJIIVcL0qyN4KqKCegeNbk3SORGg\/s320\/cap%201.jpg\" \/><img decoding=\"async\" src=\"https:\/\/blogger.googleusercontent.com\/img\/b\/R29vZ2xl\/AVvXsEiaMpF1jQiSfmey6FmWJGCBQyHNslj9HYYqrORD3ygDuot8jAmbq-04VJweLzS9LAnJfF2IuBB4WR_C3Pm5ckEczo5LdgdEpFxSGWGVqIh0B0_A93IsjRVIDwDBj9-y8EtxWlKdgRYXQCXymZvm2uyNsORVbRFXyvWe7pNf14_3jaLQMMa2j6bDbXEU\/s320\/cap%204.jpg\" \/><img decoding=\"async\" src=\"https:\/\/blogger.googleusercontent.com\/img\/b\/R29vZ2xl\/AVvXsEgWgdiaINzURt6l89sBKz1LR1GXm-cQHEzVwBvXf0tMdaR_LEKZzpvvbyGezJe-pWz4haAAkWUuxsl3LwgcyAmzo8vufhFuow6cf7ve1GFr1slURjaI720aVudzzjYBK-aUC2Pu08WB0gtf8kYFCvNYRIfjxIyXOVkoXxDZQFIJ3m1Ogr01S1MY5BzG\/s320\/cap%203.jpg\" \/><\/p>\n<p><strong>El director: David Fern\u00e1ndez de Castro\u00a0<\/strong><\/p>\n<p>David Fern\u00e1ndez de Castro (Londres, 1969) \u00e9s realitzador per l\u2019Institut de R\u00e0dio Televisi\u00f3 Espanyola (IRTV) i ha cursat el m\u00e0ster en Documental de Creaci\u00f3 de la Universitat\u00a0\u00a0Pompeu Fabra. Est\u00e0 especialment interessat en temes socials i historicopol\u00edtics, els quals tracta amb rigor i emoci\u00f3 gr\u00e0cies a la seva capacitat d\u2019empatitzar amb els personatges. Ha dirigit o codirigit els documentals seg\u00fcents: \u201cEl meu nom \u00e9s Violeta\u201d (Premi del p\u00fablic i Amnistia Internacional al DocsBarcelona i premi al Festival Memorimage);\u00a0(Premi ProDocs al millor documental de televisi\u00f3); \u201cPriorat\u201d (nominada als Gaud\u00ed 2016 i premis al Festival Memorimage i al Most Festival), \u201cAjoblanco, cr\u00f2nica en roig i negre\u201d (Premi Spanisches Filmfest Berl\u00edn 2015) i \u201cEntre el cel i la Terra\u201d (nominada al FICAMS 2014).<\/p>\n<p>&nbsp;<\/p>\n<p><strong>La subdirectora i presentadora: Xantal Llavina\u00a0<\/strong><\/p>\n<p>Xantal Llavina \u00e9s periodista de r\u00e0dio i televisi\u00f3, divulgadora TIC i conferenciant. \u00c9s llicenciada en Periodisme per la Universitat Ramon Llull i diplomada en Ci\u00e8ncies Empresarials per la Universitat Pompeu Fabra. Com a directora i presentadora de programes de r\u00e0dio i televisi\u00f3 ha estat guardonada amb set reconeixements per la seva tasca period\u00edstica: Premi RAC 2013 (\u201cDirecte 4.0\u201d, R\u00e0dio 4, RNE), Premi Zapping 2017 (\u201cAut\u00e8ntics.cat\u201d, El PuntAvuiTV), Premi Graus TIC 2017 (\u201cRevoluci\u00f3 4.0\u201d, Catalunya R\u00e0dio), Premi Dona TIC Divulgadora 2018 per la Generalitat de Catalunya (\u201cRevoluci\u00f3 4.0\u201d, Catalunya R\u00e0dio), Premi a la Comunicaci\u00f3 i Divulgaci\u00f3 TIC 2019 a la 24a Nit de les Telecomunicacions i la Inform\u00e0tica (\u201cRevoluci\u00f3 4.0\u201d, Catalunya R\u00e0dio), Premi Graus TIC Comunicaci\u00f3 i Divulgaci\u00f3 2019 (\u201cRevoluci\u00f3 4.0\u201d, TV3 \u2013 El Terrat) i Premis Sant Jordi 2020: Premi Creu Casas de l\u2019Institut d\u2019Estudis Catalans, Dones per canviar el m\u00f3n (IEC).<\/p>\n<p>&nbsp;<\/p>\n<p><img decoding=\"async\" src=\"https:\/\/blogger.googleusercontent.com\/img\/b\/R29vZ2xl\/AVvXsEjTdboQ2NVnZJoD7iWpAIT52Z7Mc74pYA3lz3m26wsSzWymGmyPxOlJ-ToH7CBf9KMHp1aMWFiopKkAV6SskQWLsIxv93NvxN7-r0psX6F_gPhOUst6NLl63M-kCIEFTFg1iI2jzNrbz2AeS_EVckGBtDggIqTU86I7OOllpoTGPup5zSxQyxbq0aO2\/s320\/A71A9296.jpg\" \/><img decoding=\"async\" src=\"https:\/\/blogger.googleusercontent.com\/img\/b\/R29vZ2xl\/AVvXsEhw59ieaRgnD5DL4EAxV0FsikB0OdhU_HfanhFA87zdH2N2yR4kDKu1Ng0oWiFYEnOuh4Z4XqyOhw2ajGL-o6ntW4OauIdtHxzFjm388NhfSIU0-exeFSf7XE6u5kSZHGI_Q0LC6gLEcdjxAYnJLlG9F0kGEk1TtsYZ9X0sDWHXz7tFIBotJG4uJ-GF\/s320\/A71A9187.jpg\" \/><img decoding=\"async\" src=\"https:\/\/blogger.googleusercontent.com\/img\/b\/R29vZ2xl\/AVvXsEhW3YkP4x5lHnsDQZhnFbFeyjOF-e4j2ND09EEIDJLbP2SzBzyc-INKZT7-XMjr1SFUHizOmqYqS1_bl2TYHgtzqrqShoyZeojTPPCC4FkwgUkHzfLZU5RLoth31rdMHPpj6_QxucFh370dpeEdW5JMYlHivAE84l5Kvl2SF82DfiH5emOjbk1rc_p4\/s320\/A71A8934.jpg\" \/><img decoding=\"async\" src=\"https:\/\/blogger.googleusercontent.com\/img\/b\/R29vZ2xl\/AVvXsEjNrYXev4B97rBMjOGDXQSNKqNCAkAItV0N5jV1CNyIxYHRFHrZ4CDJFIdaMsWGeI2miLLyq5Hs-BGnMy2NxI0Atm9MQ2rlrEUrU1GS8E73WIR7Mx0eiELxd17QtIwqe3V0b_-j8Yq7K_fzRI1rD1X6lyzrBeOFTH7mZ6zVTSc1FSxIhWkrIZo_LtY0\/s320\/A71A6360.jpg\" \/><\/p>\n<p>&nbsp;<\/p>\n<p><img decoding=\"async\" class=\"alignnone\" src=\"https:\/\/elterrat.com\/wp-content\/uploads\/2019\/07\/revolucio-1x06b.jpg\" alt=\"\" width=\"1300\" height=\"464\" \/><\/p>\n<\/div>\n<\/div>\n<p>[\/vc_column_text][vc_separator type=\u00bbsmall\u00bb position=\u00bbcenter\u00bb color=\u00bb#e9653b\u00bb border_style=\u00bb\u00bb][vc_column_text][\/vc_column_text][vc_empty_space height=\u00bb20px\u00bb][vc_row_inner row_type=\u00bbrow\u00bb type=\u00bbfull_width\u00bb use_row_as_full_screen_section_slide=\u00bbno\u00bb text_align=\u00bbleft\u00bb css_animation=\u00bb\u00bb][vc_column_inner width=\u00bb1\/6&#8243;][\/vc_column_inner][vc_column_inner width=\u00bb1\/3&#8243;][\/vc_column_inner][vc_column_inner width=\u00bb1\/6&#8243;][\/vc_column_inner][\/vc_row_inner][vc_empty_space height=\u00bb50px\u00bb][\/vc_column][\/vc_row][vc_row row_type=\u00bbrow\u00bb use_row_as_full_screen_section=\u00bbno\u00bb type=\u00bbfull_width\u00bb text_align=\u00bbleft\u00bb css_animation=\u00bb\u00bb][vc_column width=\u00bb1\/6&#8243;][\/vc_column][vc_column width=\u00bb2\/3&#8243;][vc_masonry_grid post_type=\u00bbpost\u00bb max_items=\u00bb-1&#8243; style=\u00bblazy\u00bb element_width=\u00bb6&#8243; grid_id=\u00bbvc_gid:1708415602972-40086ff2-03ff-2&#8243; taxonomies=\u00bb11&#8243;][\/vc_column][vc_column width=\u00bb1\/6&#8243;][\/vc_column][\/vc_row]<\/p>\n<\/div>","protected":false},"excerpt":{"rendered":"<p>[vc_row row_type=\u00bbrow\u00bb use_row_as_full_screen_section=\u00bbno\u00bb type=\u00bbgrid\u00bb text_align=\u00bbcenter\u00bb css_animation=\u00bb\u00bb][vc_column][vc_single_image image=\u00bb1125&#8243; img_size=\u00bb\u00bb alignment=\u00bbcenter\u00bb onclick=\u00bbcustom_link\u00bb qode_css_animation=\u00bb\u00bb link=\u00bbhttps:\/\/xantalllavina.com\/tv3\/\u00bb][vc_empty_space height=\u00bb50px\u00bb][vc_column_text] TELEVISI\u00d3 \u201c#SOMREVOLUCI\u00d3\u201d ESTRENA FORMAT PER DONAR LA VISI\u00d3 DE COM SER\u00c0 EL M\u00d3N DEL 2030 DES DE 32 LOCALITZACIONS CATALANES DIFERENTS El dimarts 2 d\u2019agost, a partir de les 23.25, TV3 estrenar\u00e0&#8230;<\/p>\n","protected":false},"author":1,"featured_media":0,"parent":0,"menu_order":0,"comment_status":"closed","ping_status":"closed","template":"full_width.php","meta":{"footnotes":""},"class_list":["post-18","page","type-page","status-publish","hentry"],"aioseo_notices":[],"_links":{"self":[{"href":"https:\/\/xantalllavina.com\/index.php?rest_route=\/wp\/v2\/pages\/18","targetHints":{"allow":["GET"]}}],"collection":[{"href":"https:\/\/xantalllavina.com\/index.php?rest_route=\/wp\/v2\/pages"}],"about":[{"href":"https:\/\/xantalllavina.com\/index.php?rest_route=\/wp\/v2\/types\/page"}],"author":[{"embeddable":true,"href":"https:\/\/xantalllavina.com\/index.php?rest_route=\/wp\/v2\/users\/1"}],"replies":[{"embeddable":true,"href":"https:\/\/xantalllavina.com\/index.php?rest_route=%2Fwp%2Fv2%2Fcomments&post=18"}],"version-history":[{"count":21,"href":"https:\/\/xantalllavina.com\/index.php?rest_route=\/wp\/v2\/pages\/18\/revisions"}],"predecessor-version":[{"id":4660,"href":"https:\/\/xantalllavina.com\/index.php?rest_route=\/wp\/v2\/pages\/18\/revisions\/4660"}],"wp:attachment":[{"href":"https:\/\/xantalllavina.com\/index.php?rest_route=%2Fwp%2Fv2%2Fmedia&parent=18"}],"curies":[{"name":"wp","href":"https:\/\/api.w.org\/{rel}","templated":true}]}}