{"id":20,"date":"2017-01-26T14:18:57","date_gmt":"2017-01-26T14:18:57","guid":{"rendered":"https:\/\/www.educamadrid.net\/wp\/?page_id=20"},"modified":"2025-03-30T01:47:35","modified_gmt":"2025-03-30T01:47:35","slug":"radio","status":"publish","type":"page","link":"https:\/\/xantalllavina.com\/?page_id=20","title":{"rendered":"CATALUNYA R\u00c0DIO"},"content":{"rendered":"<div class=\"wpb-content-wrapper\"><p>[vc_row row_type=\u00bbrow\u00bb use_row_as_full_screen_section=\u00bbno\u00bb type=\u00bbgrid\u00bb text_align=\u00bbleft\u00bb background_animation=\u00bbnone\u00bb css_animation=\u00bb\u00bb][vc_column][vc_column_text css=\u00bb\u00bb]<\/p>\n<h5><\/h5>\n<hr \/>\n<h1 style=\"text-align: center;\"><span style=\"color: #0000ff;\"><strong>\u201cREVOLUCI\u00d3 4.0\u201d CATALUNYA R\u00c0DIO- 3CAT:<\/strong><\/span><\/h1>\n<h1 style=\"text-align: center;\"><strong><span style=\"color: #0000ff;\">DISSABTES I DIUMENGES, 9\u00ba TEMPORADA:<\/span><br \/>\n<\/strong><\/h1>\n<h5 style=\"text-align: center;\"><span style=\"color: #000000;\"><strong>\u00abRevoluci\u00f3 4.0\u00bb \u00e9s l&#8217;espai radiof\u00f2nic de refer\u00e8ncia de l&#8217;emprenedoria i la transformaci\u00f3 digital. El programa explica com ser\u00e0 la Catalunya i el m\u00f3n del futur des de la divulgaci\u00f3 i l&#8217;entreteniment, i inclou moltes novetats sobre emprenedors, empreses emergents, tecnologia, casos de ciberseguretat, economia, sostenibilitat, intel\u00b7lig\u00e8ncia artificial, nous lideratges, casos d&#8217;\u00e8xit i com la revoluci\u00f3 digital ho transforma tot.<\/strong><\/span><\/h5>\n<h5 style=\"text-align: center;\"><span style=\"color: #000000;\"><strong>El programa, presentat per la periodista Xantal Llavina, arriba a la novena temporada amb les \u00abMasterclass\u00bb de Josep Maria Ganyet sobre intel\u00b7lig\u00e8ncia artificial i de Santiago Ni\u00f1o-Becerra, sobre not\u00edcies econ\u00f2miques; i continuen els col\u00b7laboradors de sempre: Ricard Castellet i Jordi Pi a \u00abRevolucionats\u00bb,\u00a0 \u00abCatalunya Valley\u00bb, Laura Gil amb \u00abConnexions\u00bb, el publicista Jordi Urbea amb \u00abRevolucionant la publicitat\u00bb, N\u00faria Aymerich amb \u00abInd\u00fastria 4.0\u00bb, les seccions \u00abDones TIC\u00bb i \u00abTech Talks\u00bb, amb diferents professors universitaris, i \u00abEl clic a l&#8217;ull\u00bb, amb Albert Cuesta. Les novetats d&#8217;aquesta temporada s\u00f3n la secci\u00f3 \u00abCiber 4.0\u00bb amb Selva Orej\u00f3n, \u00abLa cara i la creu d&#8217;emprendre\u00bb, amb \u00e8xits i fracassos d&#8217;startups, \u00abDistricte 4.0\u00bb, \u00abEl xat\u00bb i \u00abInnovation tot impact\u00bb, aquesta amb Roger Sendra.<\/strong><\/span><\/h5>\n<h5 style=\"text-align: center;\"><span style=\"color: #000000;\"><strong>Els eixos principals del \u00abRevoluci\u00f3 4.0\u00bb s\u00f3n l&#8217;entrevista a\u00a0personatges molt rellevants on es parla amb ells de la seva vida digital i emprenedora i totes les seccions de divulgaci\u00f3.\u00a0<\/strong><\/span><\/h5>\n<h5 style=\"text-align: center;\"><span style=\"color: #000000;\"><strong><img decoding=\"async\" class=\"aligncenter size-medium wp-image-5349\" src=\"https:\/\/xantalllavina.com\/wp-content\/uploads\/2025\/03\/I24-Xantal-036-01.jpg\" alt=\"Xantal Llavina 2024\" width=\"1\" height=\"1\" \/>El \u00abRevoluci\u00f3 4.0\u00bb celebrar\u00e0 novament l&#8217;entrega dels Premis Emprenedors Digitals 2025, per guardonar els millors emprenedors digitals del pa\u00eds. Podeu escoltar el \u00abRevoluci\u00f3 4.0\u00bb de Catalunya R\u00e0dio amb Xantal Llavina i col\u00b7laboradors els dissabtes a l&#8217;app i al web i els diumenges a l&#8217;antena de Catalunya R\u00e0dio, de 22 h a 23 h, i tamb\u00e9 el programa de dissabte a l&#8217;antena a les reemissions de la matinada de diumenge.<\/strong><\/span><br \/>\n<span style=\"color: #000000;\"><strong>Per contactar amb nosaltres, ho podeu fer a trav\u00e9s del nostre Facebook, Twitter, Instagram o correu electr\u00f2nic\u00a0<a style=\"color: #000000;\" href=\"mailto:revolucio4@catradio.cat\">revolucio4@catradio.cat<\/a>.<\/strong><\/span><\/h5>\n<h5 style=\"text-align: center;\" data-start=\"54\" data-end=\"488\"><span style=\"color: #000000;\"><strong data-start=\"54\" data-end=\"160\">\u00abRevoluci\u00f3 4.0\u00bb es el espacio radiof\u00f3nico de referencia sobre emprendimiento y transformaci\u00f3n digital.<\/strong><\/span><br data-start=\"160\" data-end=\"163\" \/><span style=\"color: #000000;\"><strong>El programa explica c\u00f3mo ser\u00e1 Catalu\u00f1a y el mundo del futuro desde una mirada divulgativa y entretenida, y presenta muchas novedades sobre emprendedores, startups, tecnolog\u00eda, ciberseguridad, econom\u00eda, sostenibilidad, inteligencia artificial, nuevos liderazgos, casos de \u00e9xito y c\u00f3mo la revoluci\u00f3n digital lo transforma todo.<\/strong><\/span><\/h5>\n<h5 style=\"text-align: center;\" data-start=\"490\" data-end=\"1155\"><span style=\"color: #000000;\"><strong>Presentado por la periodista Xantal Llavina, el programa llega a su novena temporada con las \u00abMasterclass\u00bb de Josep Maria Ganyet, sobre inteligencia artificial, y de Santiago Ni\u00f1o-Becerra, sobre actualidad econ\u00f3mica. Contin\u00faan los colaboradores habituales: Ricard Castellet y Jordi Pi en \u00abRevolucionats\u00bb, \u00a0\u00abCatalunya Valley\u00bb, Laura Gil con \u00abConnexions\u00bb, el publicista Jordi Urbea en \u00abRevolucionando la publicidad\u00bb, N\u00faria Aymerich en \u00abIndustria 4.0\u00bb, las secciones \u00abMujeres TIC\u00bb y \u00abTech Talks\u00bb con distintos profesores universitarios, y \u00abEl clic en el ojo\u00bb con Albert Cuesta. Las novedades de esta temporada son las secciones \u00abCiber 4.0\u00bb con Selva Orej\u00f3n, \u00abLa cara y la cruz de emprender\u00bb, que recoge \u00e9xitos y fracasos de startups, \u00abDistrito 4.0\u00bb, \u00abEl chat\u00bb, e \u00abInnovation tot impact\u00bb, esta \u00faltima con Roger Sendra.<\/strong><\/span><\/h5>\n<h5 style=\"text-align: center;\" data-start=\"1426\" data-end=\"1607\"><span style=\"color: #000000;\"><strong>Los principales ejes de \u00abRevoluci\u00f3 4.0\u00bb son la entrevista a personajes muy relevantes, con quienes se habla sobre su vida digital y emprendedora, y todas las secciones divulgativas.<\/strong><\/span><\/h5>\n<h5 style=\"text-align: center;\" data-start=\"1609\" data-end=\"2003\"><span style=\"color: #000000;\"><strong>\u00abRevoluci\u00f3 4.0\u00bb celebrar\u00e1 de nuevo la entrega de los Premios Emprendedores Digitales 2025, para reconocer a los mejores emprendedores digitales del pa\u00eds. Puedes escuchar \u00abRevoluci\u00f3 4.0\u00bb de Catalunya R\u00e0dio con Xantal Llavina y colaboradores los s\u00e1bados en la app y la web, y los domingos en antena, de 22 h a 23 h, adem\u00e1s de la redifusi\u00f3n del programa del s\u00e1bado en la madrugada del domingo.<\/strong><\/span><\/h5>\n<h5 style=\"text-align: center;\" data-start=\"2005\" data-end=\"2171\"><span style=\"color: #000000;\"><strong>Para contactar con nosotros, puedes hacerlo a trav\u00e9s de nuestras redes sociales (Facebook, Twitter, Instagram) o por correo electr\u00f3nico a <a style=\"color: #000000;\" rel=\"noopener\" data-start=\"2145\" data-end=\"2168\">revolucio4@catradio.cat<\/a>.<\/strong><\/span><\/h5>\n<p><img decoding=\"async\" class=\"aligncenter size-medium wp-image-5349\" src=\"https:\/\/xantalllavina.com\/wp-content\/uploads\/2025\/03\/I24-Xantal-036-01.jpg\" alt=\"Xantal Llavina 2024\" width=\"1\" height=\"1\" \/><img decoding=\"async\" class=\"wp-image-1927 size-full alignleft\" src=\"https:\/\/xantalllavina.com\/wp-content\/uploads\/2018\/03\/xantalllavina_revolucio4_MWC.jpg\" alt=\"\" width=\"667\" height=\"372\" srcset=\"https:\/\/xantalllavina.com\/wp-content\/uploads\/2018\/03\/xantalllavina_revolucio4_MWC.jpg 667w, https:\/\/xantalllavina.com\/wp-content\/uploads\/2018\/03\/xantalllavina_revolucio4_MWC-300x167.jpg 300w\" sizes=\"(max-width: 667px) 100vw, 667px\" \/><\/p>\n<p><img decoding=\"async\" class=\"wp-image-2292 alignleft\" src=\"https:\/\/xantalllavina.com\/wp-content\/uploads\/2019\/03\/xantalllavina_slide_home_premiTIC2019_02.jpg\" alt=\"\" width=\"647\" height=\"431\" srcset=\"https:\/\/xantalllavina.com\/wp-content\/uploads\/2019\/03\/xantalllavina_slide_home_premiTIC2019_02.jpg 1024w, https:\/\/xantalllavina.com\/wp-content\/uploads\/2019\/03\/xantalllavina_slide_home_premiTIC2019_02-300x200.jpg 300w, https:\/\/xantalllavina.com\/wp-content\/uploads\/2019\/03\/xantalllavina_slide_home_premiTIC2019_02-768x512.jpg 768w, https:\/\/xantalllavina.com\/wp-content\/uploads\/2019\/03\/xantalllavina_slide_home_premiTIC2019_02-700x467.jpg 700w\" sizes=\"(max-width: 647px) 100vw, 647px\" \/><img decoding=\"async\" class=\"alignleft\" src=\"https:\/\/img.ccma.cat\/multimedia\/png\/7\/6\/1694180910967.png\" alt=\"Revoluci\u00f3 4.0 - Catalunya R\u00e0dio\" width=\"652\" height=\"368\" \/><\/p>\n<p><img decoding=\"async\" class=\"alignleft\" src=\"https:\/\/xantalllavina.com\/wp-content\/uploads\/2021\/11\/1583500218023_670x378.jpg\" alt=\"Revoluci\u00f3 4.0 8a Temporada - xantalllavina\" \/><img decoding=\"async\" class=\"alignleft\" src=\"https:\/\/img.ccma.cat\/multimedia\/jpg\/7\/7\/1651848049377.jpg\" alt=\"Revoluci\u00f3 4.0 - 8 guardonats als Premis Emprenedors Revoluci\u00f3 4.0 Catalunya R\u00e0dio 2022 - 3Cat\" \/><\/p>\n<p><img decoding=\"async\" class=\"alignleft\" src=\"https:\/\/img.ccma.cat\/multimedia\/jpg\/4\/9\/1664457782694_670x378.jpg\" alt=\"El &quot;Revoluci\u00f3 4.0&quot; celebra diumenge l'edici\u00f3 n\u00famero 300 amb un programa especial\" \/><img decoding=\"async\" class=\"alignleft\" src=\"https:\/\/www.ccma.cat\/multimedia\/jpg\/6\/1\/1582141216016.jpg\" alt=\"Revoluci\u00f3 4.0 8a Temporada - xantalllavina\" \/><\/p>\n<p><img decoding=\"async\" class=\"alignleft\" src=\"https:\/\/img.ccma.cat\/multimedia\/jpg\/2\/8\/1654183984582_670x378.jpg\" alt=\"Marat\u00f3 d'emprenedors i emprenedores des de Barcelona Activa, al &quot;Revoluci\u00f3 4.0&quot; de dissabte\" \/><img decoding=\"async\" class=\"alignleft\" src=\"https:\/\/www.ccma.cat\/multimedia\/jpg\/3\/3\/1618305963933.jpg\" alt=\"Revoluci\u00f3 4.0 8a Temporada - xantalllavina\" \/><\/p>\n<p><img decoding=\"async\" class=\"alignleft\" src=\"https:\/\/www.upc.edu\/ca\/sala-de-premsa\/noticies\/e-programa-revolucio-4-0-de-catalunya-radio-a-la-fib\/@@images\/imatge\" alt=\"El programa Revoluci\u00f3 4.0, de Catalunya R\u00e0dio, grava un especial des de la FIB de la UPC, em\u00e8s el 30 d'abril - UPC Universitat Polit\u00e8cnica de Catalunya\" \/><\/p>\n<p><img decoding=\"async\" class=\"alignleft\" src=\"https:\/\/img.ccma.cat\/multimedia\/jpg\/6\/5\/1545906225356.jpg?strip=3cat-1200x628\" alt=\"Revoluci\u00f3 4.0 - &quot;Revoluci\u00f3 4.0&quot; especial Nadal - 3Cat\" width=\"691\" height=\"362\" \/><img decoding=\"async\" class=\"alignleft\" src=\"https:\/\/img.ccma.cat\/multimedia\/jpg\/2\/7\/1569414461572_670x378.jpg\" alt=\"El &quot;Revoluci\u00f3 4.0&quot; de TV3, guardonat amb el Premi GrausTIC a la Comunicaci\u00f3 i a la Divulgaci\u00f3 TIC 2019\" width=\"642\" height=\"362\" \/>[\/vc_column_text][\/vc_column][\/vc_row]<\/p>\n<\/div>","protected":false},"excerpt":{"rendered":"<p>[vc_row row_type=\u00bbrow\u00bb use_row_as_full_screen_section=\u00bbno\u00bb type=\u00bbgrid\u00bb text_align=\u00bbleft\u00bb background_animation=\u00bbnone\u00bb css_animation=\u00bb\u00bb][vc_column][vc_column_text css=\u00bb\u00bb] \u201cREVOLUCI\u00d3 4.0\u201d CATALUNYA R\u00c0DIO- 3CAT: DISSABTES I DIUMENGES, 9\u00ba TEMPORADA: \u00abRevoluci\u00f3 4.0\u00bb \u00e9s l&#8217;espai radiof\u00f2nic de refer\u00e8ncia de l&#8217;emprenedoria i la transformaci\u00f3 digital. El programa explica com ser\u00e0 la Catalunya i el m\u00f3n del futur des de&#8230;<\/p>\n","protected":false},"author":1,"featured_media":0,"parent":0,"menu_order":0,"comment_status":"closed","ping_status":"closed","template":"full_width.php","meta":{"footnotes":""},"class_list":["post-20","page","type-page","status-publish","hentry"],"aioseo_notices":[],"_links":{"self":[{"href":"https:\/\/xantalllavina.com\/index.php?rest_route=\/wp\/v2\/pages\/20","targetHints":{"allow":["GET"]}}],"collection":[{"href":"https:\/\/xantalllavina.com\/index.php?rest_route=\/wp\/v2\/pages"}],"about":[{"href":"https:\/\/xantalllavina.com\/index.php?rest_route=\/wp\/v2\/types\/page"}],"author":[{"embeddable":true,"href":"https:\/\/xantalllavina.com\/index.php?rest_route=\/wp\/v2\/users\/1"}],"replies":[{"embeddable":true,"href":"https:\/\/xantalllavina.com\/index.php?rest_route=%2Fwp%2Fv2%2Fcomments&post=20"}],"version-history":[{"count":28,"href":"https:\/\/xantalllavina.com\/index.php?rest_route=\/wp\/v2\/pages\/20\/revisions"}],"predecessor-version":[{"id":5353,"href":"https:\/\/xantalllavina.com\/index.php?rest_route=\/wp\/v2\/pages\/20\/revisions\/5353"}],"wp:attachment":[{"href":"https:\/\/xantalllavina.com\/index.php?rest_route=%2Fwp%2Fv2%2Fmedia&parent=20"}],"curies":[{"name":"wp","href":"https:\/\/api.w.org\/{rel}","templated":true}]}}