{"id":2349,"date":"2019-05-20T10:09:35","date_gmt":"2019-05-20T10:09:35","guid":{"rendered":"https:\/\/www.educamadrid.net\/wp\/?page_id=2349"},"modified":"2024-07-23T10:24:37","modified_gmt":"2024-07-23T10:24:37","slug":"revolucio-4-0-tv3","status":"publish","type":"page","link":"https:\/\/xantalllavina.com\/?page_id=2349","title":{"rendered":"Revoluci\u00f3 4.0 TV3"},"content":{"rendered":"<div class=\"wpb-content-wrapper\"><p>[vc_row row_type=\u00bbrow\u00bb use_row_as_full_screen_section=\u00bbno\u00bb type=\u00bbgrid\u00bb text_align=\u00bbcenter\u00bb css_animation=\u00bb\u00bb][vc_column][vc_empty_space height=\u00bb50px\u00bb][vc_column_text]<\/p>\n<h1 class=\"titol\">El \u00abRevoluci\u00f3 4.0\u00bb de TV3, guardonat amb el Premi GrausTIC a la Comunicaci\u00f3 i a la Divulgaci\u00f3 TIC 2019<\/h1>\n<div class=\"entradeta\">\u00abRevoluci\u00f3 4.0\u00bb, el programa d&#8217;emprenedors i transformaci\u00f3 digital de TV3 que dirigeix i presenta la periodista Xantal Llavina, ha rebut avui el guard\u00f3 que atorga l&#8217;associaci\u00f3 GrausTIC, en el marc de la Diada de les Tecnologies de la Informaci\u00f3 i la Comunicaci\u00f3 2019.<\/div>\n<div><\/div>\n<div><img decoding=\"async\" src=\"https:\/\/statics.ccma.cat\/multimedia\/jpg\/9\/9\/1569414576799.jpg\" alt=\"Agust\u00ed Esteve, Xantal Llavina i Dani Pujol.\" \/><\/div>\n<p>El jurat ha destacat \u00abel format innovador de l&#8217;espai que divulga d&#8217;una manera entretinguda el talent digital i emprenedor de Catalunya en diferents \u00e0mbits i permet la participaci\u00f3 del p\u00fablic a trav\u00e9s dels m\u00f2bils\u00bb.\u00a0<strong>Xantal Llavina<\/strong>, directora i presentadora del \u00abRevoluci\u00f3 4.0\u00bb, i\u00a0<strong>Agust\u00ed Esteve<\/strong>, director general d&#8217;El Terrat i productor executiu del programa, han recollit el guard\u00f3 de mans de\u00a0<strong>Dani Pujol<\/strong>, president de l&#8217;Associaci\u00f3 GrausTIC i vicepresident de l&#8217;Associaci\u00f3 de Professionals TIC de Catalunya (APTICC).<\/p>\n<h1>REVOLUCI\u00d3 4.0 TV3<\/h1>\n<header class=\"R-itemNotiInfo\">\n<h1 class=\"titol\">La \u00abRevoluci\u00f3 4.0\u00bb: o la fas o te la fan<\/h1>\n<h3 class=\"entradeta\">A partir de dimarts, 28 de maig, a les 23.00, el programa \u00abRevoluci\u00f3 4.0\u00bb, amb Xantal Llavina, mostrar\u00e0 el millor talent emprenedor i digital del pa\u00eds en una \u00e0gora innovadora en qu\u00e8 catorze experts i emprenedors connectaran amb la hist\u00f2ria d&#8217;un convidat medi\u00e0tic.<\/h3>\n<div class=\"wrapper-autor-data-compartir\">\n<div class=\"R-autorData noFoto C-dosDates C-senseAutor\">\n<div class=\"F-autorData C-dosDates\"><time class=\"data\" datetime=\"2019-05-23 18:42\">23\/05\/2019\u00a0<\/time><\/div>\n<\/div>\n<div class=\"R-rightShare C-dosDates\">\n<div class=\"F-addThisTop\">\n<div class=\"wrapper_M-compartir \">\n<div id=\"M-compartirTop\" class=\"M-compartir \" role=\"region\" data-id-div=\"M-compartirTop\" data-autostart=\"1\" data-hi-service-d=\"\" data-estil-form=\"cssForm\" data-mode=\"pu-premsa\" data-fb-frame=\"\" data-subtitle=\"\" data-link=\"\" data-title=\"\" data-description=\"\" aria-label=\"comparteix\">\n<div class=\"addthis_toolbox addthis_default_style addthis_32x32_style \">\n<div class=\"pu-premsa-wrap\">\n<div class=\"pu-premsa-dcha\"><\/div>\n<\/div>\n<div class=\"atclear\"><\/div>\n<\/div>\n<\/div>\n<\/div>\n<\/div>\n<\/div>\n<\/div>\n<\/header>\n<div class=\"R-itemNotiCos\">\n<div class=\"F-mediaPrincipal\"><img decoding=\"async\" class=\"imatge\" src=\"https:\/\/statics.ccma.cat\/multimedia\/jpg\/1\/9\/1558630472991.jpg\" alt=\"\" \/><\/div>\n<p>Aquest tarda el Pier 01 del Barcelona Tech City ha acollit\u00a0 la roda de premsa i la projecci\u00f3 d&#8217;un avan\u00e7ament de \u00abRevoluci\u00f3 4.0\u00bb, el nou programa de TV3 per a la nit dels dimarts, produ\u00eft amb la col\u00b7laboraci\u00f3 d&#8217;El Terrat i que s&#8217;estrenar\u00e0 el 28 de maig, a les 23.00. La versi\u00f3 televisiva del programa de Catalunya R\u00e0dio \u00e9s un debat innovador i trencador, en qu\u00e8 s&#8217;ensenyaran hist\u00f2ries d&#8217;una manera divulgadora i entretinguda, del millor talent emprenedor i digital del pa\u00eds. Hi han assistit, per explicar-ne els detalls,\u00a0<strong>Vicent Sanchis<\/strong>, director de TV3;\u00a0<strong>Sa\u00fcl Gordillo<\/strong>, director de Catalunya R\u00e0dio;\u00a0<strong>Cristian Trepat<\/strong>, cap d&#8217;Entreteniment i Culturals de TV3;\u00a0<strong>Agust\u00ed Esteve<\/strong>, director general d&#8217;El Terrat, i\u00a0<strong>Xantal Llavina<\/strong>, directora i presentadora.<\/p>\n<p>Vicent Sanchis, director de TV3, ha recordat que el format va n\u00e9ixer a Catalunya R\u00e0dio, \u00abon est\u00e0 funcionant francament b\u00e9 i es un referent de l&#8217;emprenedoria i de la transformaci\u00f3 digital, en un pa\u00eds on hi ha moltes empreses que saben adequar-se al seu moment i als canvis tecnol\u00f2gics que vivim\u00bb-<\/p>\n<p>Sa\u00fcl Gordillo, director de Catalunya R\u00e0dio, ha destacat l&#8217;aposta digital de la r\u00e0dio p\u00fablica, amb el dial +CatR\u00e0dio, \u00abun laboratori nascut el 2017 des d&#8217;on creem nous continguts i el \u00abRevoluci\u00f3 4.0&#8243; va ser dels primers d&#8217;engegar aquella graella, que r\u00e0pidament va aconseguir crear una comunitat, va passar a l&#8217;FM i va incorporar els elements audiovisuals que l&#8217;han acabat portant, de manera natural, a la televisi\u00f3\u00bb. Gordillo ha esmentat altres programes de la r\u00e0dio que han fet el salt a TV3, com \u00abEl divan\u00bb, \u00abL&#8217;ofici de viure\u00bb i \u00abEl celobert\u00bb.<\/p>\n<p>Cristian Trepat, cap d&#8217;Entreteniment i Culturals de TV3, ha explicat que la versi\u00f3 televisiva \u00abvol aprofitar la comunitat que s&#8217;ha generat al voltant del programa, incorporant elements del talk show a la divulgaci\u00f3, i l&#8217;audi\u00e8ncia podr\u00e0 comprovar que el resultat funciona molt b\u00e9\u00bb.<\/p>\n<p>Agust\u00ed Esteve, director general d&#8217;El Terrat, ha recordat que \u00abla revoluci\u00f3, la fas o te la fan\u00bb, frase que Xantal Llavina ha convertit en el lema del programa. \u00abAix\u00f2 \u00e9s el que hem volgut traslladar a la televisi\u00f3, que la transformaci\u00f3 la fa el dinamisme de les persones, i en aquest sentit, aquest \u00e9s un programa vitalista i un espectacle visual\u00bb, ha afegit Esteve.<\/p>\n<p>Xantal Llavina, directora i presentadora, ha comentat que el programa \u00abes un debat-\u00e0gora amb un personatge vip, dos emprenedors coneguts i quinze persones que intervenen, amb un total de 200 convidats, que esperem que sigui inspirador i que la gent aprengui\u00bb. Llavina, ha donat la paraula a alguns dels personatges que han passat pel programa i que han assistit a la presentaci\u00f3, com el cantant i productor\u00a0<strong>Joan Daus\u00e0<\/strong>;\u00a0<strong>Mar Alarc\u00f3n<\/strong>, de SocialCar, empresa de cotxes de lloguer; el doctor<strong>\u00a0Manel Esteller<\/strong>;\u00a0<strong>Khaoula Boumaaza<\/strong>, estudiant de Publicitat i Relacions P\u00fabliques a la Universitat de Girona i \u00abinfluencer\u00bb; l&#8217;economista, professor de m\u00e0rqueting i autor de best-sellers,\u00a0<strong>\u00c0lex Rovira<\/strong>, i\u00a0<strong>Eduard Costa<\/strong>, exmembre d&#8217;Els Amics de les Arts conegut ara com L&#8217;\u00daltim Indi, el nom del seu nou projecte.<\/p>\n<p>Despr\u00e9s de la roda de premsa, el programa tamb\u00e9 s&#8217;ha presentat a la terrassa del Pier 01 Barcelona Tech City, amb l&#8217;actuaci\u00f3 musical de Nil Moliner.<\/p>\n<p>&nbsp;<\/p>\n<p><a href=\"http:\/\/www.catradio.cat\/revolucio\">catradio.cat\/revolucio4<\/a><\/p>\n<p><a href=\"https:\/\/www.facebook.com\/revolucio4\/\">facebook\/revolucio4<\/a><\/p>\n<p><a href=\"https:\/\/twitter.com\/Revolucio4\">twitter\/revolucio4<\/a><\/p>\n<p><a href=\"https:\/\/www.instagram.com\/revolucio4\/\">instagram\/revolucio4<\/a><\/p>\n<h1>Arriba la \u201cRevoluci\u00f3 4.0\u201d a TV3:<\/h1>\n<p><img decoding=\"async\" class=\"aligncenter\" src=\"https:\/\/3.bp.blogspot.com\/-p1WvW6LlWoM\/XOFuHerTbfI\/AAAAAAAAA9Y\/b8MRDO_GgZUM2yAXBIwXFnYenXI1vGkWACLcBGAs\/s1600\/040P5paritat03.JPG\" \/><\/p>\n<p>&nbsp;<\/p>\n<h4><strong><em>Estrena el dimarts 28 de maig, a les 23.00<\/em><\/strong><\/h4>\n<h1><strong>Un debat innovador de talent emprenedor i transformaci\u00f3 digital<\/strong><\/h1>\n<p><img decoding=\"async\" class=\"aligncenter\" src=\"https:\/\/4.bp.blogspot.com\/-8eOr51CXGes\/XOFt35NaKPI\/AAAAAAAAA9Q\/sXak52lKJGADCWHciOFKK9KTMTKo1IsOQCLcBGAs\/s1600\/035P7creativ02.jpg\" \/><\/p>\n<p>&nbsp;<\/p>\n<h3>\u201c<a href=\"https:\/\/www.ccma.cat\/catradio\/revolucio\/\">Revoluci\u00f3 4.0<\/a>\u201d, el programa de refer\u00e8ncia d\u2019emprenedors i transformaci\u00f3 digital que dirigeix i presenta la periodista Xantal Llavina a Catalunya R\u00e0dio des del febrer del 2017, estrenar\u00e0 la seva versi\u00f3 televisiva a TV3, produ\u00efda en col\u00b7laboraci\u00f3 amb El Terrat, a partir de dimarts 28 de maig, a les 23.00.<\/h3>\n<h3>El nou format \u00e9s un <strong>debat innovador<\/strong> i trencador, on ens ensenyaran hist\u00f2ries, d\u2019una manera divulgadora i entretinguda, del millor <strong>talent emprenedor i digital del pa\u00eds<\/strong><strong>.<\/strong> L\u2019eix principal del programa \u00e9s un convidat medi\u00e0tic, que connecta la seva hist\u00f2ria amb <strong>una \u201c<\/strong><strong>\u00c0gora\u201d amb 14 experts<\/strong><strong> i emprenedors.<\/strong> Entre els personatges reconeguts del programa hi seran: Santiago Ni\u00f1o Becerra, Vanessa Lorenzo, Xavier Sala Mart\u00edn, els Germans Torres, Sergio i Javier, Joel Joan, Joan Daus\u00e0, Ignacio Escolar, Jaume Roures, Carme Ruscalleda, Alex Rovira o Manel Esteller.<\/h3>\n<p><img decoding=\"async\" class=\"aligncenter\" src=\"https:\/\/3.bp.blogspot.com\/-u139HRTUu8c\/XOFsQtkZweI\/AAAAAAAAA7Y\/y37KKv8Flv8pOseAZhnTBhUnydTC1OR9gCLcBGAs\/s1600\/021P4robotica06.jpg\" \/><\/p>\n<h3>Cada cap\u00edtol analitza com afecta al ciutad\u00e0 la transformaci\u00f3 digital en sectors com l<strong>\u2018emprenedoria i l\u2019economia, la gastronomia, el periodisme, la rob\u00f2tica, l\u2019educaci\u00f3, la innovaci\u00f3 i la creativitat, <u>el m\u00f3n de les dones<\/u> o la salut,<\/strong> creant un \u2018hub\u2019 espec\u00edfic de ments inquietes, amb pres\u00e8ncia d\u2019emprenedors catalans que destaquen per la seva feina i que s\u00f3n un referent indiscutible de la revoluci\u00f3 digital catalana, com Carlorta Pi (Holaluz), Marc Elena (Adsmurai), Mar Alarc\u00f3n (Social Car) o Josep Coll (RedPoints), entre molts altres.<\/h3>\n<h3>Com s\u2019aconsegueix ser un bon emprenedor i crear una \u2018startup\u2019 d\u2019\u00e8xit? D\u2019aqu\u00ed a deu anys, hi haur\u00e0 diaris en paper? Les aules del segle XXI seran digitals? La compra per internet han vingut per quedar-se? Una pastilla curar\u00e0 realment al c\u00e0ncer? La intel\u00b7lig\u00e8ncia artificial ens canviar\u00e0 la vida? Arribarem abans del 2030 a la paritat real entre homes i dones?<\/h3>\n<p><img decoding=\"async\" class=\"aligncenter\" src=\"https:\/\/4.bp.blogspot.com\/-LbIwbqmenr4\/XOFtJPOuedI\/AAAAAAAAA8c\/Y9G2YzJhU_UogUSFkW_yppWV-59zPkPRACLcBGAs\/s1600\/026P2periodisme04.jpg\" \/><\/p>\n<h3>El p\u00fablic del programa participen tamb\u00e9 de manera activa a trav\u00e9s dels seus m\u00f2bils, generant continguts transm\u00e8dia, i m\u00e9s d\u2019una trentena de cares conegudes responen a les preguntes de \u201cRevoluci\u00f3 4.0\u201d, com S\u00edlvia Abril, Quim Masferrer, \u00d2scar Dalmau, \u00d2scar Andreu o David Verdaguer.<\/h3>\n<p><img decoding=\"async\" class=\"aligncenter\" src=\"https:\/\/4.bp.blogspot.com\/-hWW00OAIVf4\/XOFtGBMOPLI\/AAAAAAAAA8U\/Cc765WmHP0IFw9Bmne7sAp09JHFMZg5-wCLcBGAs\/s1600\/026P1creativ01.jpg\" \/><\/p>\n<p><strong>\u00a0<\/strong><\/p>\n<p>&nbsp;<\/p>\n<p>&nbsp;<\/p>\n<h3><strong>Del dial digital de Catalunya R\u00e0dio a TV3<\/strong><\/h3>\n<h3>Catalunya R\u00e0dio va estrenar el programa \u201cRevoluci\u00f3 4.0\u201d al dial digital +Catr\u00e0dio el febrer del 2017 i gr\u00e0cies als bons resultats d\u2019audi\u00e8ncia, el setembre del mateix any es va incorporar a la graella de l\u2019emissora com a programa setmanal, els diumenges a la nit. Amb una audi\u00e8ncia digital de 95 programes de 211.574 usuaris \u00fanics i 329.961 reproduccions d\u2019\u00e0udio segons ComsCore i dades \u00a0d\u2019EGM que han oscil.lat entre 84.000 als 32.000 oients.<\/h3>\n<h3><\/h3>\n<h3>En aquests dos anys, el programa ha estat guardonat amb tres premis: <strong>Premi Excel\u00b7l\u00e8ncia a la Comunicaci\u00f3 i a la Divulgaci\u00f3<\/strong><strong>\u00a0<\/strong>de les TIC 2017, Premi DONA TIC Divulgadora 2018 de la Generalitat de Catalunya per Xantal Llavina i Premi a la Comunicaci\u00f3 i a la Divulgaci\u00f3 TIC 2019.<\/h3>\n<p><img decoding=\"async\" class=\"aligncenter\" src=\"https:\/\/1.bp.blogspot.com\/-VfMrWEq91Y4\/XOFqroTix-I\/AAAAAAAAA5U\/Jr38ZPIYtaoYIrIThSZMSiaZHZWQMRlbACLcBGAs\/s1600\/012P2periodisme04.jpg\" \/><\/p>\n<h3>Amb la versi\u00f3 televisiva, \u201cRevoluci\u00f3 4.0\u201d t\u00e9 l\u2019objectiu de consolidar-se encara m\u00e9s entre els seus seguidors i, a la vegada, ampliar-ne l\u2019abast a trav\u00e9s d\u2019un canal de difusi\u00f3 tan potent com \u00e9s l\u2019audiovisual. En aquest programa la frase que es repeteix en cada edici\u00f3: \u201c<strong>La Revoluci\u00f3 o la fas o te la fan\u201d guanya m\u00e9s sentit que mai.<\/strong><\/h3>\n<p><img decoding=\"async\" class=\"aligncenter\" src=\"https:\/\/3.bp.blogspot.com\/-qvhD86e8h1Y\/XOFrYSv81XI\/AAAAAAAAA6M\/XRoNaKFdla0qMILypUFQgpSa-Ha3UdOIwCLcBGAs\/s1600\/016P7creativ02.jpg\" \/><\/p>\n<p><img decoding=\"async\" class=\"aligncenter\" src=\"https:\/\/3.bp.blogspot.com\/-AoG0khwwBUY\/XOFrdbi-MvI\/AAAAAAAAA6U\/DZiaGLuTk1cjoCIH4I6tOMtVZLTM3Ot8wCLcBGAs\/s1600\/016P8educacio%25E2%2595%25A0%25C3%25BC04.jpg\" \/><\/p>\n<h3><strong>\u2018Look\u2019 cinematogr\u00e0fic i diccionari animat<\/strong><\/h3>\n<h3>El programa de TV3 tamb\u00e9 vol ser innovador en la seva realitzaci\u00f3: s\u2019ha rodat amb c\u00e0meres Canon C300, fent servir \u00f2ptiques de cinema i fotografia per donar al programa un \u2018look\u2019 m\u00e9s cinematogr\u00e0fic, i el muntatge \u00e9s molt \u00e0gil, per fugir de la realitzaci\u00f3 t\u00edpica dels programes televisius gravats a plat\u00f3. Cal destacar l\u2019\u00fas de multipantalles amb imatges de l\u2019\u201c\u00c0gora\u201d, recursos i GIFs per donar-li un toc desenfadat, i d\u2019un grafisme disruptiu, amb interfer\u00e8ncies, paraules flotants i tota la informaci\u00f3 necess\u00e0ria per fer el seguiment de tots els continguts del programa tamb\u00e9 a trav\u00e9s de la imatge.<\/h3>\n<h3>Un altre element a destacar s\u00f3n les peces de v\u00eddeo rodades en diferents mides i qualitats, gravades sovint pels propis protagonistes a mode de \u2018selfie\u2019, que donen al programa una varietat de formats i un plus est\u00e8tic important. Cada cap\u00edtol comen\u00e7a i acaba amb una m\u00fasica diferent, inspirada en la m\u00fasica de la versi\u00f3 radiof\u00f2nica.<\/h3>\n<h3><strong>\u201cRevoluci\u00f3 4,0\u201d compta amb la participaci\u00f3 de l\u2019expert cr\u00edtic \u00c0lex Marquina, que \u00e9s la veu de l\u2019espectador,<\/strong> amb un diccionari did\u00e0ctic i animat amb il\u00b7lustracions de <strong>Juanjo Fern\u00e0ndez<\/strong>, per saber qu\u00e8 volen dir conceptes i expressions de la nova economia digital com acceladora, big data, blockchain, bitcoin, business angel, biotecnologia, sostres de vidre, etc. \u00a0Finalment, el programa t\u00e9 la participaci\u00f3 de personatges medi\u00e0tics en v\u00eddeo, com S\u00edlvia Abril, Quim Masferrer, Marc Gir\u00f3, Araceli Segarra, Agn\u00e8s Marques, Itziar Castro, Jan -Els Catarres-, Nausica Bonnin, Espertac Peran o Tom\u00e1s Molina, que opinen sobre la tem\u00e0tica de cada cap\u00edtol.<\/h3>\n<h3><img decoding=\"async\" class=\"alignnone\" src=\"https:\/\/1.bp.blogspot.com\/-Qbw2uEaL49Q\/XOFrrdLD08I\/AAAAAAAAA6k\/HrNtTJWsUQojp78ee3lCM07VEMGdYZpHgCLcBGAs\/s1600\/019P2periodisme04.jpg\" \/><\/h3>\n<p><img decoding=\"async\" class=\"aligncenter\" src=\"https:\/\/4.bp.blogspot.com\/-QTocHYhj9f0\/XOFt_jXc3cI\/AAAAAAAAA9U\/yA_z2W1KeawWfC7vz9H_PpzAsECN7QctACLcBGAs\/s1600\/035P8educacio%25E2%2595%25A0%25C3%25BC04.jpg\" \/><\/p>\n<h3><strong>Equip:<\/strong><\/h3>\n<h3><strong>Direcci\u00f3<\/strong> Xantal Llavina <strong>Subdirecci\u00f3<\/strong> V\u00edctor Rins <strong>Subdirecci\u00f3 TV3<\/strong> Jordi Pi <strong>Realitzaci\u00f3<\/strong> Patricio Vial <strong>Producci\u00f3<\/strong> Albert Molins <strong>Producci\u00f3 Executiva El Terrat<\/strong> Agust\u00ed Esteve i Lydia Cerrudo <strong>Producci\u00f3 Executiva TV3 <\/strong>Cristian Trepat i Laura Cuadrado <strong>Guionistes<\/strong> Jordi Portals i Toni Cama <strong>Coordinaci\u00f3 de continguts TV3<\/strong> Pilar Cugat <strong>Coordinaci\u00f3 de convidats<\/strong> Anna Font <strong>Responsable de Branded Content TV3<\/strong> \u00c0lex Marquina <strong>Redacci\u00f3 <\/strong>Laia Creus <strong>Xarxes socials<\/strong> Carla Gonz\u00e1lez <strong>Ling\u00fcista<\/strong> Jordi Quilez <strong>Disseny Gr\u00e0fic<\/strong> Mateu Marcet <strong>Il\u00b7lustrador<\/strong> Juanjo Fern\u00e0ndez <strong>Ajudants de Producci\u00f3<\/strong> Carolina Trujillo i Anna Sosa <strong>Ambientaci\u00f3 <\/strong>Rafel Vives <strong>Direcci\u00f3 de Fotografia <\/strong>Sim\u00f3 Andreu <strong>Foto Fixa <\/strong>Roger Grau <strong>So directe <\/strong>La F\u00e1brica de Carb\u00f3n <strong>Muntatge <\/strong>Pau S\u00e0nchez, Guayarmina Amador i Eva Ni\u00f1erola <strong>Veu en OFF <\/strong>Oriol Munn\u00e9 <strong>Estilista <\/strong>Piluka de Echegaray <strong>Maquillatge i Perruqueria <\/strong>Mariona Sellas i Zoe Crespo <strong>Decorat <\/strong>Zero04uatre<\/h3>\n<h3><\/h3>\n<p><strong>\u00a0<\/strong><\/p>\n<p>&nbsp;<\/p>\n<\/div>\n<p>[\/vc_column_text][vc_separator type=\u00bbsmall\u00bb position=\u00bbcenter\u00bb color=\u00bb#e9653b\u00bb border_style=\u00bb\u00bb][vc_column_text][\/vc_column_text][vc_empty_space height=\u00bb50px\u00bb][\/vc_column][\/vc_row][vc_row row_type=\u00bbrow\u00bb use_row_as_full_screen_section=\u00bbno\u00bb type=\u00bbfull_width\u00bb text_align=\u00bbleft\u00bb css_animation=\u00bb\u00bb][vc_column width=\u00bb1\/6&#8243;][\/vc_column][vc_column width=\u00bb2\/3&#8243;][vc_masonry_grid post_type=\u00bbpost\u00bb max_items=\u00bb-1&#8243; style=\u00bblazy\u00bb element_width=\u00bb6&#8243; grid_id=\u00bbvc_gid:1596010157114-a911e24f-6cf4-3&#8243; taxonomies=\u00bb44&#8243;][\/vc_column][vc_column width=\u00bb1\/6&#8243;][\/vc_column][\/vc_row]<\/p>\n<\/div>","protected":false},"excerpt":{"rendered":"<p>[vc_row row_type=\u00bbrow\u00bb use_row_as_full_screen_section=\u00bbno\u00bb type=\u00bbgrid\u00bb text_align=\u00bbcenter\u00bb css_animation=\u00bb\u00bb][vc_column][vc_empty_space height=\u00bb50px\u00bb][vc_column_text] El \u00abRevoluci\u00f3 4.0\u00bb de TV3, guardonat amb el Premi GrausTIC a la Comunicaci\u00f3 i a la Divulgaci\u00f3 TIC 2019 \u00abRevoluci\u00f3 4.0\u00bb, el programa d&#8217;emprenedors i transformaci\u00f3 digital de TV3 que dirigeix i presenta la periodista Xantal Llavina, ha&#8230;<\/p>\n","protected":false},"author":1,"featured_media":0,"parent":0,"menu_order":0,"comment_status":"closed","ping_status":"closed","template":"full_width.php","meta":{"footnotes":""},"class_list":["post-2349","page","type-page","status-publish","hentry"],"aioseo_notices":[],"_links":{"self":[{"href":"https:\/\/xantalllavina.com\/index.php?rest_route=\/wp\/v2\/pages\/2349","targetHints":{"allow":["GET"]}}],"collection":[{"href":"https:\/\/xantalllavina.com\/index.php?rest_route=\/wp\/v2\/pages"}],"about":[{"href":"https:\/\/xantalllavina.com\/index.php?rest_route=\/wp\/v2\/types\/page"}],"author":[{"embeddable":true,"href":"https:\/\/xantalllavina.com\/index.php?rest_route=\/wp\/v2\/users\/1"}],"replies":[{"embeddable":true,"href":"https:\/\/xantalllavina.com\/index.php?rest_route=%2Fwp%2Fv2%2Fcomments&post=2349"}],"version-history":[{"count":15,"href":"https:\/\/xantalllavina.com\/index.php?rest_route=\/wp\/v2\/pages\/2349\/revisions"}],"predecessor-version":[{"id":4984,"href":"https:\/\/xantalllavina.com\/index.php?rest_route=\/wp\/v2\/pages\/2349\/revisions\/4984"}],"wp:attachment":[{"href":"https:\/\/xantalllavina.com\/index.php?rest_route=%2Fwp%2Fv2%2Fmedia&parent=2349"}],"curies":[{"name":"wp","href":"https:\/\/api.w.org\/{rel}","templated":true}]}}