{"id":2840,"date":"2020-07-29T08:02:18","date_gmt":"2020-07-29T08:02:18","guid":{"rendered":"https:\/\/www.educamadrid.net\/wp\/?page_id=2840"},"modified":"2024-07-23T10:47:22","modified_gmt":"2024-07-23T10:47:22","slug":"revolucio-4-0-tv3-2a-temporada","status":"publish","type":"page","link":"https:\/\/xantalllavina.com\/?page_id=2840","title":{"rendered":"Revoluci\u00f3 4.0 TV3 &#8211; 2a temporada"},"content":{"rendered":"<div class=\"wpb-content-wrapper\"><p>[vc_row row_type=\u00bbrow\u00bb use_row_as_full_screen_section=\u00bbno\u00bb type=\u00bbgrid\u00bb text_align=\u00bbcenter\u00bb css_animation=\u00bb\u00bb][vc_column][vc_empty_space height=\u00bb50px\u00bb][vc_column_text]<\/p>\n<h1 class=\"titol\">Com viurem els propers anys? \u00abRevoluci\u00f3 4.0\u00bb s&#8217;ho planteja a la nova temporada<\/h1>\n<p>El coronavirus ens ha canviat del tot i en 60 dies ha avan\u00e7at la revoluci\u00f3 digital 5 anys. Com viurem i treballarem els propers anys? Cares molt conegudes ens ajudaran a analitzar com seran els canvis digitals en \u00e0mbits com el de la gent gran, els adolescents o l&#8217;economia. Amb la pand\u00e8mia, som i serem m\u00e9s digitals.<\/p>\n<p>&nbsp;<\/p>\n<p><a href=\"https:\/\/www.ccma.cat\/tv3\/alacarta\/revolucio\/com-viurem-els-propers-anys-revolucio-4-0-sho-planteja-a-la-nova-temporada\/video\/6052999\/\" target=\"_blank\" rel=\"noopener noreferrer\"><img decoding=\"async\" class=\"alignnone wp-image-2850 size-large\" src=\"https:\/\/xantalllavina.com\/wp-content\/uploads\/2020\/07\/xantalllavina_1-1024x560.jpg\" alt=\"Segona temporada Revoluci\u00f3 4.0 Xantal Llavina\" width=\"1024\" height=\"560\" srcset=\"https:\/\/xantalllavina.com\/wp-content\/uploads\/2020\/07\/xantalllavina_1-1024x560.jpg 1024w, https:\/\/xantalllavina.com\/wp-content\/uploads\/2020\/07\/xantalllavina_1-300x164.jpg 300w, https:\/\/xantalllavina.com\/wp-content\/uploads\/2020\/07\/xantalllavina_1-768x420.jpg 768w, https:\/\/xantalllavina.com\/wp-content\/uploads\/2020\/07\/xantalllavina_1-700x383.jpg 700w, https:\/\/xantalllavina.com\/wp-content\/uploads\/2020\/07\/xantalllavina_1-1100x602.jpg 1100w, https:\/\/xantalllavina.com\/wp-content\/uploads\/2020\/07\/xantalllavina_1.jpg 1188w\" sizes=\"(max-width: 1024px) 100vw, 1024px\" \/><\/a><\/p>\n<p>&nbsp;<\/p>\n<p>&nbsp;<\/p>\n<p>&nbsp;<\/p>\n<header class=\"R-itemNotiInfo\">\n<h1 class=\"titol\">El coronavirus i la revoluci\u00f3 digital, protagonistes de la segona temporada del \u00abRevoluci\u00f3 4.0\u00bb a TV3<\/h1>\n<p>&nbsp;<\/p>\n<div class=\"entradeta\">El dimarts 4 d&#8217;agost, a les 22.50, TV3 estrena la segona temporada del programa \u00abRevoluci\u00f3 4.0\u00bb, amb Xantal Llavina. Una producci\u00f3 de TV3 en col\u00b7laboraci\u00f3 amb El Terrat (The Mediapro Studio), basada en el programa hom\u00f2nim de Catalunya R\u00e0dio, que abordar\u00e0 la \u00abnova normalitat\u00bb despr\u00e9s de la pand\u00e8mia i la revoluci\u00f3 digital, posant el focus en cinc grans temes: adolescents, gent gran, Catalunya digital, emprenedoria social i solidaritat i pobles, pagesos i turisme.<\/div>\n<div class=\"wrapper-autor-data-compartir\">\n<div class=\"R-autorData noFoto C-senseAutor\">\n<div class=\"F-autorData \"><time class=\"data\" datetime=\"2020-07-27 12:25\">27\/07\/2020 &#8211; 12.25<\/time><\/div>\n<div><\/div>\n<div><\/div>\n<\/div>\n<div class=\"R-rightShare\">\n<div class=\"F-addThisTop\">\n<div class=\"M-compartir \" role=\"region\" data-id-div=\"M-compartirTop\" data-autostart=\"1\" data-hi-service-d=\"\" data-estil-form=\"cssForm\" data-mode=\"pu-premsa\" data-fb-frame=\"\" data-subtitle=\"\" data-link=\"\" data-title=\"\" data-description=\"\" aria-label=\"Comparteix\"><\/div>\n<\/div>\n<div class=\"F-permestard C-separador\">\n<div class=\"botoitem-view \" data-tipus_contingut=\"NOT_NOTICIA\" data-idint=\"3039281\" data-nom=\"Informaci\u00f3 corporativa\" data-nom_programa=\"\" data-is_ru=\"\" data-caducat=\"0\"><\/div>\n<\/div>\n<\/div>\n<\/div>\n<\/header>\n<div class=\"R-itemNotiCos\">\n<div class=\"F-mediaPrincipal\">\n<figure class=\"imatge\"><img decoding=\"async\" src=\"https:\/\/statics.ccma.cat\/multimedia\/jpg\/6\/5\/1595844974256.jpg\" alt=\"\" \/><\/figure>\n<p><img decoding=\"async\" class=\"aligncenter wp-image-2868 size-large\" src=\"https:\/\/xantalllavina.com\/wp-content\/uploads\/2020\/07\/DSC2447-1024x683.jpg\" alt=\"\" width=\"1024\" height=\"683\" srcset=\"https:\/\/xantalllavina.com\/wp-content\/uploads\/2020\/07\/DSC2447-1024x683.jpg 1024w, https:\/\/xantalllavina.com\/wp-content\/uploads\/2020\/07\/DSC2447-300x200.jpg 300w, https:\/\/xantalllavina.com\/wp-content\/uploads\/2020\/07\/DSC2447-768x512.jpg 768w, https:\/\/xantalllavina.com\/wp-content\/uploads\/2020\/07\/DSC2447-700x467.jpg 700w, https:\/\/xantalllavina.com\/wp-content\/uploads\/2020\/07\/DSC2447-1100x734.jpg 1100w\" sizes=\"(max-width: 1024px) 100vw, 1024px\" \/><\/p>\n<p><img decoding=\"async\" class=\"aligncenter wp-image-2884 size-large\" src=\"https:\/\/xantalllavina.com\/wp-content\/uploads\/2020\/07\/DSC6064-1024x576.jpg\" alt=\"\" width=\"1024\" height=\"576\" srcset=\"https:\/\/xantalllavina.com\/wp-content\/uploads\/2020\/07\/DSC6064-1024x576.jpg 1024w, https:\/\/xantalllavina.com\/wp-content\/uploads\/2020\/07\/DSC6064-300x169.jpg 300w, https:\/\/xantalllavina.com\/wp-content\/uploads\/2020\/07\/DSC6064-768x432.jpg 768w, https:\/\/xantalllavina.com\/wp-content\/uploads\/2020\/07\/DSC6064-700x394.jpg 700w, https:\/\/xantalllavina.com\/wp-content\/uploads\/2020\/07\/DSC6064-1100x619.jpg 1100w\" sizes=\"(max-width: 1024px) 100vw, 1024px\" \/><\/p>\n<\/div>\n<p><img decoding=\"async\" class=\"aligncenter wp-image-2880 size-large\" src=\"https:\/\/xantalllavina.com\/wp-content\/uploads\/2020\/07\/DSC4728-1024x683.jpg\" alt=\"\" width=\"1024\" height=\"683\" srcset=\"https:\/\/xantalllavina.com\/wp-content\/uploads\/2020\/07\/DSC4728-1024x683.jpg 1024w, https:\/\/xantalllavina.com\/wp-content\/uploads\/2020\/07\/DSC4728-300x200.jpg 300w, https:\/\/xantalllavina.com\/wp-content\/uploads\/2020\/07\/DSC4728-768x512.jpg 768w, https:\/\/xantalllavina.com\/wp-content\/uploads\/2020\/07\/DSC4728-700x467.jpg 700w, https:\/\/xantalllavina.com\/wp-content\/uploads\/2020\/07\/DSC4728-1100x734.jpg 1100w\" sizes=\"(max-width: 1024px) 100vw, 1024px\" \/><\/p>\n<p><img decoding=\"async\" class=\"aligncenter wp-image-2872 size-large\" src=\"https:\/\/xantalllavina.com\/wp-content\/uploads\/2020\/07\/DSC3303-1024x683.jpg\" alt=\"\" width=\"1024\" height=\"683\" srcset=\"https:\/\/xantalllavina.com\/wp-content\/uploads\/2020\/07\/DSC3303-1024x683.jpg 1024w, https:\/\/xantalllavina.com\/wp-content\/uploads\/2020\/07\/DSC3303-300x200.jpg 300w, https:\/\/xantalllavina.com\/wp-content\/uploads\/2020\/07\/DSC3303-768x512.jpg 768w, https:\/\/xantalllavina.com\/wp-content\/uploads\/2020\/07\/DSC3303-700x467.jpg 700w, https:\/\/xantalllavina.com\/wp-content\/uploads\/2020\/07\/DSC3303-1100x734.jpg 1100w\" sizes=\"(max-width: 1024px) 100vw, 1024px\" \/><\/p>\n<div id=\"attachment_2875\" style=\"width: 1034px\" class=\"wp-caption aligncenter\"><img decoding=\"async\" aria-describedby=\"caption-attachment-2875\" class=\"wp-image-2875 size-large\" src=\"https:\/\/xantalllavina.com\/wp-content\/uploads\/2020\/07\/DSC3463-1024x683.jpg\" alt=\"\" width=\"1024\" height=\"683\" srcset=\"https:\/\/xantalllavina.com\/wp-content\/uploads\/2020\/07\/DSC3463-1024x683.jpg 1024w, https:\/\/xantalllavina.com\/wp-content\/uploads\/2020\/07\/DSC3463-300x200.jpg 300w, https:\/\/xantalllavina.com\/wp-content\/uploads\/2020\/07\/DSC3463-768x512.jpg 768w, https:\/\/xantalllavina.com\/wp-content\/uploads\/2020\/07\/DSC3463-700x467.jpg 700w, https:\/\/xantalllavina.com\/wp-content\/uploads\/2020\/07\/DSC3463-1100x734.jpg 1100w\" sizes=\"(max-width: 1024px) 100vw, 1024px\" \/><p id=\"caption-attachment-2875\" class=\"wp-caption-text\">Segona temporada Revoluci\u00f3 4.0 Xantal Llavina<\/p><\/div>\n<p>\u00ab<a href=\"https:\/\/www.ccma.cat\/catradio\/revolucio\/\">Revoluci\u00f3 4.0<\/a>\u00ab, el programa d&#8217;emprenedors i transformaci\u00f3 digital que dirigeix i presenta la periodista Xantal Llavina a Catalunya R\u00e0dio des del febrer del 2017 i que va estrenar la versi\u00f3 televisiva el maig del 2019, torna a TV3 el dimarts 4 d&#8217;agost, a les 22.50.<\/p>\n<p>&nbsp;<\/p>\n<p><strong>El coronavirus ha avan\u00e7at 5 anys la revoluci\u00f3 digital<\/strong><\/p>\n<p>La vida tal com la coneix\u00edem s&#8217;ha vist afectada per una pand\u00e8mia mundial, establint les bases d&#8217;una nova realitat que definir\u00e0 la manera com viurem durant els propers anys, amb les noves tecnologies tenint-hi un paper crucial. Els experts asseguren que la revoluci\u00f3 digital s&#8217;ha avan\u00e7at cinc anys. Videotrucades amb familiars i amics, teletreball i trobades virtuals via Skype, reunions de dirigents pol\u00edtics per videoconfer\u00e8ncia, programes de televisi\u00f3 via Zoom, concerts a Instagram, experts d&#8217;impressi\u00f3 3D creant respiradors per als ingressats per la pand\u00e8mia&#8230; I, per altra banda, l&#8217;economia s&#8217;enfronta a un sotrac sense precedents, amb una crisi que requerir\u00e0 una ambici\u00f3 molt gran tamb\u00e9 de pol\u00edtiques fiscals i econ\u00f2miques en l&#8217;\u00e0mbit europeu. Som m\u00e9s digitals que mai i el \u00abRevoluci\u00f3 4.0\u00bb en vol saber m\u00e9s.<\/p>\n<p>&nbsp;<\/p>\n<p><strong>Un programa m\u00e9s social i una entrevista central feta en espais exteriors<\/strong><\/p>\n<p>La principal novetat d&#8217;aquesta nova temporada \u00e9s un canvi total de format, amb un programa m\u00e9s social i amb una entrevista a un convidat central, enregistrada en espais exteriors, fora del plat\u00f3, com l&#8217;edifici intel\u00b7ligent del Campus Administratiu de la Generalitat o el vaixell de Proactiva Open Arms, entre d&#8217;altres. Els cinc grans temes que abordar\u00e0 el programa s\u00f3n: adolescents, gent gran, Catalunya digital, emprenedoria social i solidaritat, i pobles, pagesos i turisme. I els entrevistats seran el jove cantant Miki N\u00fa\u00f1ez; l&#8217;actriu Teresa Gimpera; el vicepresident del govern de Catalunya i conseller d&#8217;Economia i Hisenda, Pere Aragon\u00e8s; el conseller de Pol\u00edtiques Digitals, Jordi Puigner\u00f3; el director d&#8217;Open Arms, \u00d2scar Camps; el periodista Marc Gir\u00f3 i l&#8217;actor Marc Mart\u00ednez. Els temes que vagin apareixent durant l&#8217;entrevista es traslladaran a plat\u00f3, on Xantal Llavina moderar\u00e0 una \u00e0gora amb 8 participants que buscar\u00e0 refor\u00e7ar l&#8217;entreteniment sense perdre de vista la divulgaci\u00f3 i les emocions.<\/p>\n<p>&nbsp;<\/p>\n<p><strong>La directora i presentadora: Xantal Llavina<\/strong><\/p>\n<p>Xantal Llavina \u00e9s periodista, emprenedora i directora de formats relacionats amb el m\u00f3n digital, amb els quals ha estat guardonada amb set premis a la seva tasca period\u00edstica: \u00abDirecte 4.0\u00bb, a R\u00e0dio 4 RNE, Premi RAC 2013; \u00abAut\u00e8ntics.cat\u00bb, a ElPuntAvuiTV, Premi Zapping 2017; \u00abRevoluci\u00f3 4.0\u00bb, Premi Excel\u00b7l\u00e8ncia a la Comunicaci\u00f3 i a la Divulgaci\u00f3\u00a0de les TIC 2017, Premi DONA TIC Divulgadora 2018 per la Generalitat de Catalunya, i Premi a la Comunicaci\u00f3 i a la Divulgaci\u00f3 TIC 2019; \u00abRevoluci\u00f3 4.0\u00bb, Premi Graus TIC Comunicaci\u00f3 i Divulgaci\u00f3 2019 i Premi Sant Jordi Creu Casas \u0091Dones per canviar el m\u00f3n&#8217; 2020.<\/p>\n<p>Tamb\u00e9 ha treballat en diversos programes de TV3 (\u00abEn directe\u00bb, \u00abLa nit en directe\u00bb, \u00abEl club\u00bb i \u00abEls dies clau\u00bb) i d&#8217;altres canals de televisi\u00f3 (ElPuntAvuiTV, Bar\u00e7a TV, BarcelonaTV i 33), de r\u00e0dio (R\u00e0dio 4-RNE, Catalunya R\u00e0dio, RAC1, Punto Radio) i en mitjans escrits (El Peri\u00f3dico de Catalunya, El Punt Avui i P\u00fablic).<\/p>\n<p>&nbsp;<\/p>\n<p><strong>Els cap\u00edtols<\/strong><\/p>\n<p><strong>1. Miki N\u00fa\u00f1ez: \u00abEns heu deixat un llegat de merda\u00bb <\/strong><\/p>\n<p><strong>Els joves s\u00f3n el futur i els adolescents prenen la paraula<\/strong> en aquest primer programa per parlar d&#8217;expectatives despr\u00e9s de la crisi del coronavirus, d&#8217;emprenedoria digital, del potencial educatiu i comunicatiu de les noves tecnologies i de les conseq\u00fc\u00e8ncies negatives de fer-ne un \u00fas inadequat o abusiu. L&#8217;entrevista central ser\u00e0 al jove cantant Miki N\u00fa\u00f1ez, des de les Piscines Picornell de Montju\u00efc. I l&#8217;\u00e0gora estar\u00e0 integrada per Candela Ant\u00f3n, actriu en la s\u00e8rie \u00ab<a href=\"https:\/\/www.ccma.cat\/tv3\/merli\/\">Merl\u00ed<\/a>\u00ab; D\u00e8lia Brufau, actriu de \u00ab<a href=\"https:\/\/www.ccma.cat\/tv3\/les-de-lhoquei\/\">Les de l&#8217;hoquei<\/a>\u00ab; la periodista Laia Servera, directora de l'\u00bb<a href=\"https:\/\/www.ccma.cat\/tv3\/super3\/infok\/\">InfoK<\/a>\u00ab; Miquel Montoro, jove youtuber mallorqu\u00ed amb m\u00e9s de 300.000 subscriptors al seu canal; Dolors Reig, psic\u00f2loga i autora del llibre \u00abJ\u00f3venes\u00a0en la era de la\u00a0hiperconectividad\u00bb; Bru Esteve, col\u00b7laborador del programa \u00ab<a href=\"https:\/\/www.ccma.cat\/catradio\/adolescentsicat\/\">Adolescents iCat<\/a>\u00ab, i Joana Barbany, directora general de Pol\u00edtiques Digitals de la Generalitat, entre d&#8217;altres.<\/p>\n<p>&nbsp;<\/p>\n<p><strong>2. Teresa Gimpera: \u00abEl que ha passat a les resid\u00e8ncies \u00e9s un esc\u00e0ndol\u00bb <\/strong><\/p>\n<p><strong>Com ha viscut la gent gran una pand\u00e8mia que els ha afectat de manera especial i quina relaci\u00f3 tenen amb la tecnologia.<\/strong> Els protagonistes del segon cap\u00edtol del programa s\u00f3n un col\u00b7lectiu que ha cridat l&#8217;atenci\u00f3 de nombrosos emprenedors i empreses, que ja desenvolupen iniciatives tecnol\u00f2giques per millorar la nostra vellesa. L&#8217;entrevista principal del programa la protagonitzar\u00e0 l&#8217;actriu i model Teresa Gimpera, des del parc de Torreblanca de Sant Joan Desp\u00ed. I l&#8217;\u00e0gora comptar\u00e0 amb la participaci\u00f3 de Magda Oranich, advocada que ha patit la Covid-19; l&#8217;economista Josep Maria Gay de Li\u00e9bana; Miquel Pucurull, que amb 82 anys practica esport d&#8217;alta intensitat i corre maratons; el comunicador Sergi Mas, i Nat\u00e0lia Mas, secretaria de Finances P\u00fabliques de la Generalitat de Catalunya, entre d&#8217;altres.<\/p>\n<p>&nbsp;<\/p>\n<p><strong>3. Pere Aragon\u00e8s i Jordi Puigner\u00f3: \u00abCatalunya s&#8217;ha de digitalitzar en massa\u00bb <\/strong><\/p>\n<p><strong>La greu crisi econ\u00f2mica que patim amb la pand\u00e8mia i la recuperaci\u00f3 de la ind\u00fastria <\/strong>centraran el tercer cap\u00edtol de \u00abRevoluci\u00f3 4.0\u00bb. Teletreball, ind\u00fastria 4.0, rob\u00f2tica avan\u00e7ada, \u00abbig data\u00bb, realitat augmentada o ciberseguretat s\u00f3n reptes que reclamen l&#8217;adaptaci\u00f3 dels professionals a la nova realitat i caldr\u00e0 una estrat\u00e8gia conjunta de la Catalunya 4.0. El cap\u00edtol t\u00e9 dos protagonistes: Pere Aragon\u00e8s, vicepresident del govern i conseller d&#8217;Economia i Hisenda, i Jordi Puigner\u00f3, conseller de Pol\u00edtiques Digitals, des de l&#8217;edifici intel\u00b7ligent del Centre Administratiu de la Generalitat. Seran a l&#8217;\u00e0gora del plat\u00f3, entre d&#8217;altres, \u00c0ngels Chac\u00f3n, consellera d&#8217;Empresa de la Generalitat; Jaume Collboni, primer tinent d&#8217;alcaldia de l&#8217;Ajuntament de Barcelona; Joan Canadell, president de la Cambra de Comer\u00e7 de Barcelona; Miguel Vicente, fundador de Barcelona Tech City; Anna Gener, CEO de la consultora immobili\u00e0ria Savills Aguirre Newman Barcelona, i Gemma Gald\u00f3n, analista de pol\u00edtiques p\u00fabliques especialitzada en la vigil\u00e0ncia.<\/p>\n<p>&nbsp;<\/p>\n<p><strong>4. \u00d2scar Camps: \u00abLa pand\u00e8mia \u00e9s el sotrac universal amb m\u00e9s desigualtat\u00bb<\/strong><\/p>\n<p><strong>Una de les paraules que m\u00e9s s&#8217;ha repetit durant la pand\u00e8mia del coronavirus ha estat \u00absolidaritat\u00bb.<\/strong> Durant aquests darrers mesos han nascut moltes iniciatives emprenedores de caire social per ajudar els col\u00b7lectius m\u00e9s desfavorits. Aquest cap\u00edtol donar\u00e0 visibilitat a la tasca social de moltes persones i mostrar\u00e0 solucions innovadores pels grans reptes que planteja el <strong>desenvolupament hum\u00e0, social i ambiental. <\/strong>L&#8217;entrevista principal ser\u00e0 a \u00d2scar Camps, des del vaixell Proactiva Open Arms. I entre els participants de l&#8217;\u00e0gora de debat hi haur\u00e0 Judit Masc\u00f3, model i presidenta de la Fundaci\u00f3 ARED; Tom\u00e0s Molina, meteor\u00f2leg d&#8217;<a href=\"https:\/\/www.ccma.cat\/el-temps\/\">El temps<\/a> de TV3; Crist\u00f2bal Col\u00f3n, director de la cooperativa l\u00e0ctia La Fageda; l&#8217;economista i catedr\u00e0tic Santiago Ni\u00f1o-Becerra; Blanca Sorigu\u00e9, directora d&#8217;Expansi\u00f3 del Consorci de la Zona Franca, i Carme Trilla, presidenta d&#8217;Habitat 3.<\/p>\n<p>&nbsp;<\/p>\n<p><strong>5. Marc Gir\u00f3 i Marc Mart\u00ednez: despr\u00e9s de la pand\u00e8mia, viure en pobles o en ciutats?<\/strong><\/p>\n<p><strong>El territori catal\u00e0 ha viscut de manera desigual la pand\u00e8mia.<\/strong> La gent dels pobles seran la protagonistes del cinqu\u00e8 cap\u00edtol de \u00abRevoluci\u00f3 4.0\u00bb, amb hist\u00f2ries de pagesos empresaris, d&#8217;emprenedors digitals que revolucionen el camp i de persones del m\u00f3n de la restauraci\u00f3 i el turisme que busquen solucions. Els entrevistats centrals del programa seran el periodista Marc Gir\u00f3 i l&#8217;actor Marc Mart\u00ednez, des del Moll de Gregal del Port Ol\u00edmpic de Barcelona. I al plat\u00f3, protagonitzaran l&#8217;\u00e0gora, entre d&#8217;altres, Ada Parellada, restauradora al capdavant del restaurant Semproniana; Llucia Ramis, escriptora i periodista; Pep Riera, pag\u00e8s del Maresme i activista sindical; l&#8217;escriptor Mart\u00ed Gironell; els humoristes Ferm\u00ed Fern\u00e0ndez i M\u00f2nica P\u00e9rez, i Llu\u00eds Junc\u00e0, director general de Promoci\u00f3 Econ\u00f2mica de la Generalitat de Catalunya.<\/p>\n<p>&nbsp;<\/p>\n<p><strong>Equip<\/strong><\/p>\n<p><strong>Direcci\u00f3<\/strong> Xantal Llavina.\u00a0<strong>Subdirecci\u00f3<\/strong> Jordi Portals.\u00a0<strong>Subdirecci\u00f3 TV3<\/strong> Jordi Pi.\u00a0<strong>Realitzaci\u00f3<\/strong> Patricio Vial.\u00a0<strong>Direcci\u00f3 de Producci\u00f3 <\/strong>Marta Torruella.\u00a0<strong>Cap de Producci\u00f3 <\/strong>Saina C\u00e1mara.\u00a0<strong>Producci\u00f3 executiva El Terrat<\/strong> Agust\u00ed Esteve.\u00a0<strong>Producci\u00f3 executiva TV3 <\/strong>Mario Daza.\u00a0<strong>Guionistes<\/strong> Pep Bras i Jordi Portals.\u00a0<strong>Coordinaci\u00f3 de continguts TV3<\/strong> Llu\u00eds Cuevas.\u00a0<strong>Responsable de Branded Content TV3<\/strong> \u00c0lex Marquina.\u00a0<strong>Coordinaci\u00f3 de convidats<\/strong> Anna Font.\u00a0<strong>Redacci\u00f3 <\/strong>Miguel de la Fuente.\u00a0<strong>Ling\u00fcista<\/strong> Jordi Quilez.\u00a0<strong>Disseny gr\u00e0fic<\/strong> Mateu Marcet.\u00a0<strong>Ajudant de Producci\u00f3<\/strong> Toni L\u00f3pez-Huertas.\u00a0<strong>Ambientaci\u00f3 <\/strong>Rafel Vives.\u00a0<strong>Direcci\u00f3 de Fotografia <\/strong>Uri Bosch.\u00a0<strong>Foto Fixa <\/strong>Sophie Koehler.\u00a0<strong>Operador de c\u00e0mera exterior <\/strong>German de Santiago.\u00a0<strong>Operadors de c\u00e0mera plat\u00f3 <\/strong>David Bretones, David Florido, Jordi Farr\u00e9, Ra\u00fal Mart\u00ednez i Eva Alim\u00f3n.\u00a0<strong>Operadors PoleCam <\/strong>Juan Carlos Berganti\u00f1os i Cristian Mart\u00ednez.\u00a0<strong>T\u00e8cnics de so <\/strong>Pau Tolosa i Quique L\u00f3pez.\u00a0<strong>Il\u00b7luminaci\u00f3<\/strong> Celso Barandiar\u00e1n.\u00a0<strong>Regidora<\/strong> Cec\u00edlia Artigues.\u00a0<strong>Muntatge <\/strong>Pau Nadeu i Ares Botanch.\u00a0<strong>Auxiliar de Postproducci\u00f3 <\/strong>Max Palou.\u00a0<strong>Ambientador<\/strong> Rafel Vives.\u00a0<strong>Postproducci\u00f3 de so <\/strong>\u00c0lex Vilches.\u00a0<strong>Community manager <\/strong>Carla Gonz\u00e1lez.\u00a0<strong>Estilista <\/strong>Mariola Mas.\u00a0<strong>Maquillatge <\/strong>Marta Bassols.<\/p>\n<p>&nbsp;<\/p>\n<p><strong>Amb la col\u00b7laboraci\u00f3 de<\/strong> la Conselleria d&#8217;Economia i Hisenda, la Conselleria de Pol\u00edtiques Digitals i Administraci\u00f3 P\u00fablica, la Conselleria d&#8217;Empresa i Coneixement, Barcelona Activa, Barcelona Tech City, Consorci de la Zona Franca, Institut Catal\u00e0 de Finances i SolarProfit.<\/p>\n<p>&nbsp;<\/p>\n<p><a href=\"http:\/\/www.tv3.cat\/revolucio\">tv3.cat\/revolucio<\/a><\/p>\n<p><a href=\"http:\/\/www.catradio.cat\/revolucio\">catradio.cat\/revolucio<\/a><\/p>\n<p><a href=\"https:\/\/www.facebook.com\/revolucio4\/\">facebook\/revolucio4<\/a><\/p>\n<p><a href=\"https:\/\/twitter.com\/Revolucio4\">twitter\/revolucio4<\/a><\/p>\n<p><a href=\"https:\/\/www.instagram.com\/revolucio4\/\">instagram\/revolucio4<\/a><\/p>\n<p>&nbsp;<\/p>\n<p>#Revoluci\u00f3TV3<\/p>\n<\/div>\n<p>[\/vc_column_text][vc_separator type=\u00bbsmall\u00bb position=\u00bbcenter\u00bb color=\u00bb#e9653b\u00bb border_style=\u00bb\u00bb][vc_column_text][\/vc_column_text][vc_empty_space height=\u00bb50px\u00bb][\/vc_column][\/vc_row][vc_row row_type=\u00bbrow\u00bb use_row_as_full_screen_section=\u00bbno\u00bb type=\u00bbfull_width\u00bb text_align=\u00bbleft\u00bb css_animation=\u00bb\u00bb][vc_column][vc_column_text]<\/p>\n<p>[\/vc_column_text][\/vc_column][\/vc_row][vc_row row_type=\u00bbrow\u00bb use_row_as_full_screen_section=\u00bbno\u00bb type=\u00bbfull_width\u00bb text_align=\u00bbleft\u00bb css_animation=\u00bb\u00bb][vc_column width=\u00bb1\/6&#8243;][\/vc_column][vc_column width=\u00bb2\/3&#8243;][vc_masonry_grid post_type=\u00bbpost\u00bb max_items=\u00bb-1&#8243; style=\u00bblazy\u00bb element_width=\u00bb6&#8243; grid_id=\u00bbvc_gid:1626906408819-26d3100c-32f2-10&#8243; taxonomies=\u00bb46&#8243;][\/vc_column][vc_column width=\u00bb1\/6&#8243;][\/vc_column][\/vc_row][vc_row row_type=\u00bbrow\u00bb use_row_as_full_screen_section=\u00bbno\u00bb type=\u00bbfull_width\u00bb text_align=\u00bbleft\u00bb css_animation=\u00bb\u00bb][vc_column][vc_column_text]<\/p>\n<p>[\/vc_column_text][\/vc_column][\/vc_row]<\/p>\n<\/div>","protected":false},"excerpt":{"rendered":"<p>[vc_row row_type=\u00bbrow\u00bb use_row_as_full_screen_section=\u00bbno\u00bb type=\u00bbgrid\u00bb text_align=\u00bbcenter\u00bb css_animation=\u00bb\u00bb][vc_column][vc_empty_space height=\u00bb50px\u00bb][vc_column_text] Com viurem els propers anys? \u00abRevoluci\u00f3 4.0\u00bb s&#8217;ho planteja a la nova temporada El coronavirus ens ha canviat del tot i en 60 dies ha avan\u00e7at la revoluci\u00f3 digital 5 anys. Com viurem i treballarem els propers anys?&#8230;<\/p>\n","protected":false},"author":1,"featured_media":0,"parent":0,"menu_order":0,"comment_status":"closed","ping_status":"closed","template":"full_width.php","meta":{"footnotes":""},"class_list":["post-2840","page","type-page","status-publish","hentry"],"aioseo_notices":[],"_links":{"self":[{"href":"https:\/\/xantalllavina.com\/index.php?rest_route=\/wp\/v2\/pages\/2840","targetHints":{"allow":["GET"]}}],"collection":[{"href":"https:\/\/xantalllavina.com\/index.php?rest_route=\/wp\/v2\/pages"}],"about":[{"href":"https:\/\/xantalllavina.com\/index.php?rest_route=\/wp\/v2\/types\/page"}],"author":[{"embeddable":true,"href":"https:\/\/xantalllavina.com\/index.php?rest_route=\/wp\/v2\/users\/1"}],"replies":[{"embeddable":true,"href":"https:\/\/xantalllavina.com\/index.php?rest_route=%2Fwp%2Fv2%2Fcomments&post=2840"}],"version-history":[{"count":13,"href":"https:\/\/xantalllavina.com\/index.php?rest_route=\/wp\/v2\/pages\/2840\/revisions"}],"predecessor-version":[{"id":3423,"href":"https:\/\/xantalllavina.com\/index.php?rest_route=\/wp\/v2\/pages\/2840\/revisions\/3423"}],"wp:attachment":[{"href":"https:\/\/xantalllavina.com\/index.php?rest_route=%2Fwp%2Fv2%2Fmedia&parent=2840"}],"curies":[{"name":"wp","href":"https:\/\/api.w.org\/{rel}","templated":true}]}}