{"id":3096,"date":"2020-12-01T15:24:04","date_gmt":"2020-12-01T15:24:04","guid":{"rendered":"https:\/\/www.educamadrid.net\/wp\/?page_id=3096"},"modified":"2024-07-23T10:25:01","modified_gmt":"2024-07-23T10:25:01","slug":"revolucio-oberta","status":"publish","type":"page","link":"https:\/\/xantalllavina.com\/?page_id=3096","title":{"rendered":"REVOLUCI\u00d3 OBERTA"},"content":{"rendered":"<div class=\"wpb-content-wrapper\"><p>[vc_row row_type=\u00bbrow\u00bb use_row_as_full_screen_section=\u00bbno\u00bb type=\u00bbgrid\u00bb text_align=\u00bbcenter\u00bb css_animation=\u00bb\u00bb][vc_column][vc_empty_space height=\u00bb50px\u00bb][vc_column_text]<\/p>\n<h1>YOUTUBE CATALUNYA R\u00c0DIO &#8211; REVOLUCI\u00d3 OBERTA<\/h1>\n<p>[\/vc_column_text][vc_separator type=\u00bbsmall\u00bb position=\u00bbcenter\u00bb color=\u00bb#1852f6&#8243; border_style=\u00bb\u00bb][vc_column_text]L&#8217;equip de \u00abRevoluci\u00f3 4.0\u00bb, dirigit per <strong>Xantal Llavina<\/strong>, posa en marxa un espai de debat, de preguntes i respostes anomenat \u00abRevoluci\u00f3 oberta\u00bb. Ser\u00e0 una mena una \u00e0gora, gravada a l&#8217;estudi d&#8217;iCat amb \u00e0udio i v\u00eddeo, en qu\u00e8 persones rellevants i experts analitzaran cap a on ens porta aquesta nova normalitat.<\/p>\n<p>Com ser\u00e0 l&#8217;educaci\u00f3 del futur amb la pand\u00e8mia? Com es pot conviure amb l&#8217;assetjament sexual a la feina? Com sortirem de la profunda crisi econ\u00f2mica de la Covid-19? L&#8217;objectiu \u00e9s cobrir \u00e0mbits socials com la salut, la gastronomia, la sostenibilitat, les xarxes socials, el sexe, la mobilitat, la cultura, la motivaci\u00f3 o com reinventar-nos laboralment en \u00e8poca de pand\u00e8mia i de grans canvis. Tamb\u00e9 hi haur\u00e0 entrevistes a gent del carrer.<img decoding=\"async\" class=\"size-medium wp-image-3351 alignleft\" src=\"https:\/\/xantalllavina.com\/wp-content\/uploads\/2021\/06\/I21-Xantal_096_v5.3-300x200.jpg\" alt=\"\" width=\"300\" height=\"200\" srcset=\"https:\/\/xantalllavina.com\/wp-content\/uploads\/2021\/06\/I21-Xantal_096_v5.3-300x200.jpg 300w, https:\/\/xantalllavina.com\/wp-content\/uploads\/2021\/06\/I21-Xantal_096_v5.3-768x512.jpg 768w, https:\/\/xantalllavina.com\/wp-content\/uploads\/2021\/06\/I21-Xantal_096_v5.3-1024x683.jpg 1024w, https:\/\/xantalllavina.com\/wp-content\/uploads\/2021\/06\/I21-Xantal_096_v5.3-700x467.jpg 700w, https:\/\/xantalllavina.com\/wp-content\/uploads\/2021\/06\/I21-Xantal_096_v5.3-1100x734.jpg 1100w\" sizes=\"(max-width: 300px) 100vw, 300px\" \/><\/p>\n<p>Els dissabtes \u00abRevoluci\u00f3 oberta\u00bb, es far\u00e0 preguntes socials sobre grans temes, que ens preocupen a la ciutadania en el dia a dia i, sobretot, analitzar\u00e0 cap a on va el m\u00f3n, per trobar respostes.<\/p>\n<div id=\"attachment_3237\" style=\"width: 310px\" class=\"wp-caption aligncenter\"><img decoding=\"async\" aria-describedby=\"caption-attachment-3237\" class=\"size-medium wp-image-3237\" src=\"https:\/\/xantalllavina.com\/wp-content\/uploads\/2021\/03\/xantalllavina_revolucioobertacrisis_recuperarrestaurants-300x169.jpg\" alt=\"Recuperar restaurants Revoluci\u00f3 oberta Xantal\" width=\"300\" height=\"169\" srcset=\"https:\/\/xantalllavina.com\/wp-content\/uploads\/2021\/03\/xantalllavina_revolucioobertacrisis_recuperarrestaurants-300x169.jpg 300w, https:\/\/xantalllavina.com\/wp-content\/uploads\/2021\/03\/xantalllavina_revolucioobertacrisis_recuperarrestaurants-768x432.jpg 768w, https:\/\/xantalllavina.com\/wp-content\/uploads\/2021\/03\/xantalllavina_revolucioobertacrisis_recuperarrestaurants-1024x576.jpg 1024w, https:\/\/xantalllavina.com\/wp-content\/uploads\/2021\/03\/xantalllavina_revolucioobertacrisis_recuperarrestaurants-700x394.jpg 700w, https:\/\/xantalllavina.com\/wp-content\/uploads\/2021\/03\/xantalllavina_revolucioobertacrisis_recuperarrestaurants-1100x618.jpg 1100w, https:\/\/xantalllavina.com\/wp-content\/uploads\/2021\/03\/xantalllavina_revolucioobertacrisis_recuperarrestaurants.jpg 1101w\" sizes=\"(max-width: 300px) 100vw, 300px\" \/><p id=\"caption-attachment-3237\" class=\"wp-caption-text\">Recuperar restaurants Revoluci\u00f3 oberta Xantal<\/p><\/div>\n<div id=\"attachment_3188\" style=\"width: 310px\" class=\"wp-caption aligncenter\"><img decoding=\"async\" aria-describedby=\"caption-attachment-3188\" class=\"size-medium wp-image-3188\" src=\"https:\/\/xantalllavina.com\/wp-content\/uploads\/2021\/01\/xantalllavina_revolucioobertacrisis_xarxessocials-300x168.jpg\" alt=\"Xarxes socials Revoluci\u00f3 oberta Xantal\" width=\"300\" height=\"168\" srcset=\"https:\/\/xantalllavina.com\/wp-content\/uploads\/2021\/01\/xantalllavina_revolucioobertacrisis_xarxessocials-300x168.jpg 300w, https:\/\/xantalllavina.com\/wp-content\/uploads\/2021\/01\/xantalllavina_revolucioobertacrisis_xarxessocials-768x430.jpg 768w, https:\/\/xantalllavina.com\/wp-content\/uploads\/2021\/01\/xantalllavina_revolucioobertacrisis_xarxessocials-1024x574.jpg 1024w, https:\/\/xantalllavina.com\/wp-content\/uploads\/2021\/01\/xantalllavina_revolucioobertacrisis_xarxessocials-700x392.jpg 700w, https:\/\/xantalllavina.com\/wp-content\/uploads\/2021\/01\/xantalllavina_revolucioobertacrisis_xarxessocials-1100x616.jpg 1100w, https:\/\/xantalllavina.com\/wp-content\/uploads\/2021\/01\/xantalllavina_revolucioobertacrisis_xarxessocials.jpg 1101w\" sizes=\"(max-width: 300px) 100vw, 300px\" \/><p id=\"caption-attachment-3188\" class=\"wp-caption-text\">Xarxes socials Revoluci\u00f3 oberta Xantal<\/p><\/div>\n<p><img decoding=\"async\" class=\"aligncenter size-medium wp-image-3167\" src=\"https:\/\/xantalllavina.com\/wp-content\/uploads\/2021\/01\/frameCARETArevolucioV2-300x169.jpg\" alt=\"\" width=\"300\" height=\"169\" srcset=\"https:\/\/xantalllavina.com\/wp-content\/uploads\/2021\/01\/frameCARETArevolucioV2-300x169.jpg 300w, https:\/\/xantalllavina.com\/wp-content\/uploads\/2021\/01\/frameCARETArevolucioV2-768x432.jpg 768w, https:\/\/xantalllavina.com\/wp-content\/uploads\/2021\/01\/frameCARETArevolucioV2-1024x576.jpg 1024w, https:\/\/xantalllavina.com\/wp-content\/uploads\/2021\/01\/frameCARETArevolucioV2-700x394.jpg 700w, https:\/\/xantalllavina.com\/wp-content\/uploads\/2021\/01\/frameCARETArevolucioV2-1100x619.jpg 1100w, https:\/\/xantalllavina.com\/wp-content\/uploads\/2021\/01\/frameCARETArevolucioV2.jpg 1920w\" sizes=\"(max-width: 300px) 100vw, 300px\" \/><\/p>\n<div id=\"attachment_3121\" style=\"width: 310px\" class=\"wp-caption aligncenter\"><img decoding=\"async\" aria-describedby=\"caption-attachment-3121\" class=\"size-medium wp-image-3121\" src=\"https:\/\/xantalllavina.com\/wp-content\/uploads\/2020\/12\/xantalllavina_revoluciooberta_assetjaments-300x169.jpg\" alt=\"Mireia Boya Revoluci\u00f3 4.0 Xantal\" width=\"300\" height=\"169\" srcset=\"https:\/\/xantalllavina.com\/wp-content\/uploads\/2020\/12\/xantalllavina_revoluciooberta_assetjaments-300x169.jpg 300w, https:\/\/xantalllavina.com\/wp-content\/uploads\/2020\/12\/xantalllavina_revoluciooberta_assetjaments-768x432.jpg 768w, https:\/\/xantalllavina.com\/wp-content\/uploads\/2020\/12\/xantalllavina_revoluciooberta_assetjaments-1024x577.jpg 1024w, https:\/\/xantalllavina.com\/wp-content\/uploads\/2020\/12\/xantalllavina_revoluciooberta_assetjaments-700x394.jpg 700w, https:\/\/xantalllavina.com\/wp-content\/uploads\/2020\/12\/xantalllavina_revoluciooberta_assetjaments-1100x619.jpg 1100w, https:\/\/xantalllavina.com\/wp-content\/uploads\/2020\/12\/xantalllavina_revoluciooberta_assetjaments.jpg 1101w\" sizes=\"(max-width: 300px) 100vw, 300px\" \/><p id=\"caption-attachment-3121\" class=\"wp-caption-text\">Mireia Boya Revoluci\u00f3 4.0 Xantal<\/p><\/div>\n<div id=\"attachment_3102\" style=\"width: 310px\" class=\"wp-caption aligncenter\"><img decoding=\"async\" aria-describedby=\"caption-attachment-3102\" class=\"size-medium wp-image-3102\" src=\"https:\/\/xantalllavina.com\/wp-content\/uploads\/2020\/12\/xantalllavina_revoluciooberta_ensenyamentvirtual-300x172.jpg\" alt=\"Ensenyament Virtual Revoluci\u00f3 Oberta Xantal\" width=\"300\" height=\"172\" srcset=\"https:\/\/xantalllavina.com\/wp-content\/uploads\/2020\/12\/xantalllavina_revoluciooberta_ensenyamentvirtual-300x172.jpg 300w, https:\/\/xantalllavina.com\/wp-content\/uploads\/2020\/12\/xantalllavina_revoluciooberta_ensenyamentvirtual-768x441.jpg 768w, https:\/\/xantalllavina.com\/wp-content\/uploads\/2020\/12\/xantalllavina_revoluciooberta_ensenyamentvirtual-1024x588.jpg 1024w, https:\/\/xantalllavina.com\/wp-content\/uploads\/2020\/12\/xantalllavina_revoluciooberta_ensenyamentvirtual-345x198.jpg 345w, https:\/\/xantalllavina.com\/wp-content\/uploads\/2020\/12\/xantalllavina_revoluciooberta_ensenyamentvirtual-700x402.jpg 700w, https:\/\/xantalllavina.com\/wp-content\/uploads\/2020\/12\/xantalllavina_revoluciooberta_ensenyamentvirtual-1100x631.jpg 1100w, https:\/\/xantalllavina.com\/wp-content\/uploads\/2020\/12\/xantalllavina_revoluciooberta_ensenyamentvirtual.jpg 1274w\" sizes=\"(max-width: 300px) 100vw, 300px\" \/><p id=\"caption-attachment-3102\" class=\"wp-caption-text\">Ensenyament Virtual Revoluci\u00f3 Oberta Xantal<\/p><\/div>\n<div id=\"attachment_3103\" style=\"width: 310px\" class=\"wp-caption aligncenter\"><img decoding=\"async\" aria-describedby=\"caption-attachment-3103\" class=\"size-medium wp-image-3103\" src=\"https:\/\/xantalllavina.com\/wp-content\/uploads\/2020\/12\/xantalllavina_revolucioobertacrisis_economica-300x168.jpg\" alt=\"Crisis econ\u00f2mica Revoluci\u00f3 Oberta Xantal\" width=\"300\" height=\"168\" srcset=\"https:\/\/xantalllavina.com\/wp-content\/uploads\/2020\/12\/xantalllavina_revolucioobertacrisis_economica-300x168.jpg 300w, https:\/\/xantalllavina.com\/wp-content\/uploads\/2020\/12\/xantalllavina_revolucioobertacrisis_economica-768x430.jpg 768w, https:\/\/xantalllavina.com\/wp-content\/uploads\/2020\/12\/xantalllavina_revolucioobertacrisis_economica-1024x574.jpg 1024w, https:\/\/xantalllavina.com\/wp-content\/uploads\/2020\/12\/xantalllavina_revolucioobertacrisis_economica-700x392.jpg 700w, https:\/\/xantalllavina.com\/wp-content\/uploads\/2020\/12\/xantalllavina_revolucioobertacrisis_economica-1100x616.jpg 1100w, https:\/\/xantalllavina.com\/wp-content\/uploads\/2020\/12\/xantalllavina_revolucioobertacrisis_economica.jpg 1273w\" sizes=\"(max-width: 300px) 100vw, 300px\" \/><p id=\"caption-attachment-3103\" class=\"wp-caption-text\">Crisis econ\u00f2mica Revoluci\u00f3 Oberta Xantal<\/p><\/div>\n<p>[\/vc_column_text][vc_empty_space height=\u00bb50px\u00bb][\/vc_column][\/vc_row]<\/p>\n<p>[vc_row row_type=\u00bbrow\u00bb use_row_as_full_screen_section=\u00bbno\u00bb type=\u00bbfull_width\u00bb text_align=\u00bbcenter\u00bb css_animation=\u00bb\u00bb][vc_column width=\u00bb1\/6&#8243;][\/vc_column][vc_column width=\u00bb2\/3&#8243;][vc_masonry_grid post_type=\u00bbpost\u00bb max_items=\u00bb-1&#8243; style=\u00bblazy\u00bb element_width=\u00bb6&#8243; grid_id=\u00bbvc_gid:1709450176220-b3c3670e-a14f-9&#8243; taxonomies=\u00bb56&#8243;][vc_empty_space height=\u00bb50px\u00bb][\/vc_column][vc_column width=\u00bb1\/6&#8243;][\/vc_column][\/vc_row]<\/p>\n<p>&nbsp;<\/p>\n<\/div>","protected":false},"excerpt":{"rendered":"<p>[vc_row row_type=\u00bbrow\u00bb use_row_as_full_screen_section=\u00bbno\u00bb type=\u00bbgrid\u00bb text_align=\u00bbcenter\u00bb css_animation=\u00bb\u00bb][vc_column][vc_empty_space height=\u00bb50px\u00bb][vc_column_text] YOUTUBE CATALUNYA R\u00c0DIO &#8211; REVOLUCI\u00d3 OBERTA [\/vc_column_text][vc_separator type=\u00bbsmall\u00bb position=\u00bbcenter\u00bb color=\u00bb#1852f6&#8243; border_style=\u00bb\u00bb][vc_column_text]L&#8217;equip de \u00abRevoluci\u00f3 4.0\u00bb, dirigit per Xantal Llavina, posa en marxa un espai de debat, de preguntes i respostes anomenat \u00abRevoluci\u00f3 oberta\u00bb. Ser\u00e0 una mena una \u00e0gora, gravada&#8230;<\/p>\n","protected":false},"author":1,"featured_media":0,"parent":0,"menu_order":0,"comment_status":"closed","ping_status":"closed","template":"","meta":{"footnotes":""},"class_list":["post-3096","page","type-page","status-publish","hentry"],"aioseo_notices":[],"_links":{"self":[{"href":"https:\/\/xantalllavina.com\/index.php?rest_route=\/wp\/v2\/pages\/3096","targetHints":{"allow":["GET"]}}],"collection":[{"href":"https:\/\/xantalllavina.com\/index.php?rest_route=\/wp\/v2\/pages"}],"about":[{"href":"https:\/\/xantalllavina.com\/index.php?rest_route=\/wp\/v2\/types\/page"}],"author":[{"embeddable":true,"href":"https:\/\/xantalllavina.com\/index.php?rest_route=\/wp\/v2\/users\/1"}],"replies":[{"embeddable":true,"href":"https:\/\/xantalllavina.com\/index.php?rest_route=%2Fwp%2Fv2%2Fcomments&post=3096"}],"version-history":[{"count":9,"href":"https:\/\/xantalllavina.com\/index.php?rest_route=\/wp\/v2\/pages\/3096\/revisions"}],"predecessor-version":[{"id":4671,"href":"https:\/\/xantalllavina.com\/index.php?rest_route=\/wp\/v2\/pages\/3096\/revisions\/4671"}],"wp:attachment":[{"href":"https:\/\/xantalllavina.com\/index.php?rest_route=%2Fwp%2Fv2%2Fmedia&parent=3096"}],"curies":[{"name":"wp","href":"https:\/\/api.w.org\/{rel}","templated":true}]}}