{"id":3385,"date":"2021-07-21T14:54:58","date_gmt":"2021-07-21T14:54:58","guid":{"rendered":"https:\/\/www.educamadrid.net\/wp\/?page_id=3385"},"modified":"2024-07-23T10:43:29","modified_gmt":"2024-07-23T10:43:29","slug":"revolucio-4-0-tv3-3a-temporada","status":"publish","type":"page","link":"https:\/\/xantalllavina.com\/?page_id=3385","title":{"rendered":"SOM REVOLUCI\u00d3- Revoluci\u00f3 4.0 TV3 &#8211; 4a temporada"},"content":{"rendered":"<div class=\"wpb-content-wrapper\"><p>[vc_row row_type=\u00bbrow\u00bb use_row_as_full_screen_section=\u00bbno\u00bb type=\u00bbfull_width\u00bb text_align=\u00bbleft\u00bb css_animation=\u00bb\u00bb][vc_column][vc_column_text]<\/p>\n<h1><strong>\u201cSOM REVOLUCI\u00d3 \u201d TV3,\u00a0 4\u00ba TEMPORADA, NOU FORMAT<\/strong><\/h1>\n<h2><strong>#SOMREVOLUCI\u00d3 ESTRENA FORMAT PER DONAR LA VISI\u00d3 DE COM SER\u00c0 LA CATALUNYA DEL 2030. DES DE 32 LOCALITZACIONS CATALANES DIFERENTS<\/strong><\/h2>\n<p>&nbsp;<\/p>\n<h5><\/h5>\n<h5><\/h5>\n<h5><strong>El dimarts 2 d\u2019agost, a partir de les 23.25, TV3 estrenar\u00e0 la quarta temporada del programa \u201c#SomRevoluci\u00f3\u201d amb un format totalment renovat. En les tres temporades anteriors, l\u2019espai compartia nom amb el programa \u201cRevoluci\u00f3 4.0\u201d, de Catalunya R\u00e0dio, que tamb\u00e9 presenta Xantal Llavina.<\/strong><\/h5>\n<h5><strong>El \u201c#SomRevoluci\u00f3\u201d d\u2019aquest estiu ser\u00e0 un documental que, amb la producci\u00f3 de TV3 i El Terrat (The Mediapro Studio), combinar\u00e0 divulgaci\u00f3 i entreteniment per donar la visi\u00f3 des de Catalunya de com ser\u00e0 el m\u00f3n que ens espera fins al 2030. Els rodatges s\u2019han fet en exteriors, en 32 localitzacions catalanes diferents.<\/strong><\/h5>\n<h5><strong>Xantal Llavina viur\u00e0 com a investigadora, per\u00f2 d\u2019una manera molt distesa, tota mena d\u2019experi\u00e8ncies al \u201c<a href=\"https:\/\/www.ccma.cat\/tv3\/revolucio\/\" data-saferedirecturl=\"https:\/\/www.google.com\/url?q=https:\/\/www.ccma.cat\/tv3\/revolucio\/&amp;source=gmail&amp;ust=1658587272212000&amp;usg=AOvVaw1LkHwPM2OVTHJRUA4qzRE4\">#SomRevoluci\u00f3<\/a>\u201d. Les claus del nou format s\u00f3n divulgar i entretenir al mateix temps i des del lloc dels fets, amb una vocaci\u00f3 art\u00edstica. Durant el seu periple per Catalunya, concentrat en cinc cap\u00edtols, Llavina coneixer\u00e0 molts personatges i centres d\u2019innovaci\u00f3, i parlar\u00e0 amb molts experts per comprovar, en primera persona, com la tecnologia est\u00e0 transformant les vides per sempre.<\/strong><\/h5>\n<h5><strong>Les claus i els protagonistes de la quarta temporada\u00a0<\/strong><\/h5>\n<h5><strong>El programa, en la nova temporada, mostrar\u00e0 les cinc grans revolucions digitals que hi ha: la revoluci\u00f3 sostenible i de canvi clim\u00e0tic; la de connectivitat, hologrames i espai; la de talent digital i metavers; la d\u2019educaci\u00f3 digital, i la de recerca, amb els millors investigadors del pa\u00eds. Llavina visitar\u00e0, entre altres indrets, el Barcelona Drone Center i una empresa que fabrica hologrames, l\u2019aeroport d\u2019Alguaire, diverses classes de rob\u00f2tica d\u2019escoles catalanes, empreses que fan realitat augmentada i virtual, la\u00a0\u00a0Universitat Polit\u00e8cnica de Catalunya, el sincrotr\u00f3 Alba, l\u2019abocador de Can Mata o el CatVers, el metavers catal\u00e0, que li permetr\u00e0 entrar dins del m\u00f3n virtual.<\/strong><\/h5>\n<h5><strong>Al programa hi participaran, a m\u00e9s, 25 testimonis i experts de primer nivell que valoraran les innovacions del futur a Catalunya. Personatges coneguts com Gemma Mengual, Joan Daus\u00e0, Lildami, Ra\u00fcl Balam, Cristina Brondo, Pep Nogu\u00e9, Ada Parellada o Jos\u00e9 El\u00edas, que viuran tamb\u00e9 algunes experi\u00e8ncies innovadores dins del nou format de programa, centrat en el futur que ens espera.<\/strong><\/h5>\n<h5><strong>El programa, produ\u00eft per TV3 i El Terrat, est\u00e0 dirigit per l\u2019expert en documentals David Fern\u00e1ndez de Castro. La periodista TIC Xantal Llavina, que ja fa sis temporades que realitza el\u00a0\u201c<a href=\"https:\/\/www.ccma.cat\/catradio\/revolucio\/\" data-saferedirecturl=\"https:\/\/www.google.com\/url?q=https:\/\/www.ccma.cat\/catradio\/revolucio\/&amp;source=gmail&amp;ust=1658587272212000&amp;usg=AOvVaw30FEO_MkZfdCfLvOxEp2Cu\">Revoluci\u00f3 4.0<\/a>\u201d a Catalunya R\u00e0dio, exerceix de subdirectora i presentadora.\u00a0La segona veu del programa ser\u00e0 el tamb\u00e9 periodista de Catalunya R\u00e0dio Quim Morales.<\/strong><\/h5>\n<h5><strong><img decoding=\"async\" src=\"https:\/\/blogger.googleusercontent.com\/img\/b\/R29vZ2xl\/AVvXsEhRGWhwgbEnDSkBadI1udrdZqH_9UXsbXFbJlj168eYrvP8xGze0xXNIQ_d01gAP4pIktkze8CuBznRQaAHzGEX23P6Ngse_ELSewyPQCgsEz8VtUHKUMUWvAP3b3dvDdupuyE44HoAtEs6EaWgRvDhyTfRHu6qkJIIVcL0qyN4KqKCegeNbk3SORGg\/s320\/cap%201.jpg\" \/><img decoding=\"async\" src=\"https:\/\/blogger.googleusercontent.com\/img\/b\/R29vZ2xl\/AVvXsEjLCR-JzvoRWHDUk5dpgOi_K5xDSNZXb33Je7QDznhKfSCHkzbXT9aiwceBfx0u3aUp5TI8UkDPzsgKYAx2_KkqIUNP0S6cO-4-qMOGmmWEkfsa4tgFxf1W4ZgJiZ4YFQeWoybwmVwQTfglfkyzSd0J2XJ-3GL6oiAVoQNYEybEl1DNPPNInaZ9HY9g\/s320\/A71A9205.jpg\" \/><img decoding=\"async\" src=\"https:\/\/blogger.googleusercontent.com\/img\/b\/R29vZ2xl\/AVvXsEiaMpF1jQiSfmey6FmWJGCBQyHNslj9HYYqrORD3ygDuot8jAmbq-04VJweLzS9LAnJfF2IuBB4WR_C3Pm5ckEczo5LdgdEpFxSGWGVqIh0B0_A93IsjRVIDwDBj9-y8EtxWlKdgRYXQCXymZvm2uyNsORVbRFXyvWe7pNf14_3jaLQMMa2j6bDbXEU\/s320\/cap%204.jpg\" \/><img decoding=\"async\" src=\"https:\/\/blogger.googleusercontent.com\/img\/b\/R29vZ2xl\/AVvXsEgWgdiaINzURt6l89sBKz1LR1GXm-cQHEzVwBvXf0tMdaR_LEKZzpvvbyGezJe-pWz4haAAkWUuxsl3LwgcyAmzo8vufhFuow6cf7ve1GFr1slURjaI720aVudzzjYBK-aUC2Pu08WB0gtf8kYFCvNYRIfjxIyXOVkoXxDZQFIJ3m1Ogr01S1MY5BzG\/s320\/cap%203.jpg\" \/><\/strong><\/h5>\n<h5><strong>Primer cap\u00edtol: hologrames, drons i coets catalans<\/strong><\/h5>\n<h5><strong>\u00a0<\/strong><strong>El programa de l\u2019estrena, el 2 d\u2019agost, segurament ser\u00e0 el m\u00e9s futurista de tota la s\u00e8rie. Al m\u00f3n cada vegada tot est\u00e0 m\u00e9s connectat i l\u2019anomenada \u201cinternet de les coses\u201d acabar\u00e0 oferint un potencial que transformar\u00e0 totalment les vides.<\/strong><\/h5>\n<h5><strong>\u201c#SomRevoluci\u00f3\u201d descobrir\u00e0, a partir d\u2019una visita al Barcelona Drone Center, com funcionen tota mena de drons que estan canviant la manera de treballar de moltes empreses, i tamb\u00e9 dels cossos de seguretat i vigil\u00e0ncia de Catalunya.\u00a0Ben aviat la pres\u00e8ncia de drons augmentar\u00e0 de manera exponencial.<\/strong><\/h5>\n<h5><strong>Xantal Llavina visitar\u00e0 tamb\u00e9 una empresa que fabrica hologrames a Sant Boi de Llobregat. Ella i l\u2019actriu Cristina Brondo descobriran un m\u00f3n apassionant: el de la creaci\u00f3 de c\u00f2pies virtuals de persones. Sens dubte, els hologrames oferiran unes possibilitats professionals o d\u2019oci que ara mateix no es poden imaginar.<\/strong><\/h5>\n<h5><strong>I en aquest viatge cap a un futur que cada dia \u00e9s m\u00e9s present, Llavina anir\u00e0 fins a l\u2019aeroport d\u2019Alguaire, on descobrir\u00e0 alguns dels protagonistes actuals i futurs d\u2019un dels sectors que no para de cr\u00e9ixer a Catalunya: el sector aeroespacial. Coneixer\u00e0, per exemple, l\u2019empresa que ha fabricat el primer nanosat\u00e8l\u00b7lit fabricat a Catalunya i que ja orbita des de fa mesos, o una altra empresa que fabrica motors per fer enlairar coets. Tamb\u00e9 parlar\u00e0 amb uns estudiants que han constru\u00eft amb \u00e8xit un coet supers\u00f2nic suborbital i que, sens dubte, ben aviat seran alguns dels protagonistes destacats de l\u2019ecosistema catal\u00e0 de l\u2019anomenat New Space.<\/strong><\/h5>\n<h5><strong>En el programa tamb\u00e9 hi intervindran el meteor\u00f2leg Tom\u00e0s Molina; el periodista i divulgador cient\u00edfic Joan Anton Catal\u00e0; la presidenta de la Cambra de Comer\u00e7 de Barcelona, M\u00f2nica Roca; el periodista i gestor d\u2019empreses culturals Jordi Sellas, i l\u2019enginyera Cristina Barrado, professora de la Universitat Polit\u00e8cnica de Catalunya. Tots coincidiran a destacar que cal treure el m\u00e0xim profit d\u2019una paraula sense la qual no s\u2019entendr\u00e0 el m\u00f3n dels pr\u00f2xims anys: la connectivitat. #SomConnectivitat.<\/strong><\/h5>\n<h5><strong><img decoding=\"async\" src=\"https:\/\/blogger.googleusercontent.com\/img\/b\/R29vZ2xl\/AVvXsEgi25R-AKUe6w2ZnSb7qm6AK32OkL9CGJH2yXeRIofH_hWCYDziqyAtNCprvALv5nw1bDnUKXJQePMzowqVBDZSv67DotfOlBaNrCvpOZn5mQcmJsRByY8hHpyz2eb2vsd_o7vxx3726CJ8Ilf8Db8OfQ8JlZE1qYR8EZw5uoSXRzjGRYFhuEnV-hpN\/s320\/A71A0205.jpg\" \/><img decoding=\"async\" src=\"https:\/\/blogger.googleusercontent.com\/img\/b\/R29vZ2xl\/AVvXsEhlK_eGlUVen85oabvbafoJGIqHDzYmrCCxmAxy4JzCDf9qBXGEopj2Wudn1LPS1Te_90HJjPVIpchM5-kw4NEIURAIxxP1zg5hu6szjaoLome2OtMq4suyrO5ZQLf_rqoYX_zmlum3LSlYrw8-2906cXc_FW-Su8S03gkKWWXTHTiCGxEqOrgHYP4U\/s320\/A71A0283.jpg\" \/><img decoding=\"async\" src=\"https:\/\/blogger.googleusercontent.com\/img\/b\/R29vZ2xl\/AVvXsEjYcK_tEoCqsEVUb6G-WF7VlXDC--8qEjp2a2-o5hq5FTFQkoqnDG3hUUQUOJmnNkl5F1z8VYVBAeqxqlcZgRdVE6GmVcqEkcWR4ZfIAHRkNzWuxtNCmAgcY200iELG6_sS-DV5t4FVT54iGd_iMH7jJPMEhs4MSQgnGJQHQ0Wv_H5BLfstQjyhFmG3\/s320\/A71A6690.jpg\" \/><img decoding=\"async\" src=\"https:\/\/blogger.googleusercontent.com\/img\/b\/R29vZ2xl\/AVvXsEjZ7Y5vKbn0uMe0KS_Xigc9bBBUKvYUGTnyIt2TcHe8o0sv6AGWQQcGBBNedqmOlFqK02Dw7vAYmGMKnEpEPyNhvlfgWV7Yuh2OqPh18SljaPI2JCjX3F881RVVwtuEM3CPLtmtns76q8NeycYe_0p8JZr5kmPloU3LNnhPGkOEHEhanUNDqDQylqPw\/s320\/cap%205.jpg\" \/><\/strong><\/h5>\n<h5><strong>Els altres cap\u00edtols<\/strong><\/h5>\n<h5><\/h5>\n<h5><strong>La resta de programes tindran els t\u00edtols seg\u00fcents:<\/strong><\/h5>\n<h5><strong>\u2013 Les aules catalanes del futur<\/strong><\/h5>\n<h5><strong>\u2013 Ja ens operen robots. Com seran els metges del futur?<\/strong><\/h5>\n<h5><strong>\u2013 L\u2019estiu durar\u00e0 quatre mesos a Catalunya el 2050<\/strong><\/h5>\n<h5><strong>\u2013 El milionari mercat de terrenys al metavers<\/strong><\/h5>\n<h5><\/h5>\n<h5><\/h5>\n<p>&nbsp;<\/p>\n<p><img decoding=\"async\" src=\"https:\/\/blogger.googleusercontent.com\/img\/b\/R29vZ2xl\/AVvXsEjTdboQ2NVnZJoD7iWpAIT52Z7Mc74pYA3lz3m26wsSzWymGmyPxOlJ-ToH7CBf9KMHp1aMWFiopKkAV6SskQWLsIxv93NvxN7-r0psX6F_gPhOUst6NLl63M-kCIEFTFg1iI2jzNrbz2AeS_EVckGBtDggIqTU86I7OOllpoTGPup5zSxQyxbq0aO2\/s320\/A71A9296.jpg\" \/><img decoding=\"async\" src=\"https:\/\/blogger.googleusercontent.com\/img\/b\/R29vZ2xl\/AVvXsEhw59ieaRgnD5DL4EAxV0FsikB0OdhU_HfanhFA87zdH2N2yR4kDKu1Ng0oWiFYEnOuh4Z4XqyOhw2ajGL-o6ntW4OauIdtHxzFjm388NhfSIU0-exeFSf7XE6u5kSZHGI_Q0LC6gLEcdjxAYnJLlG9F0kGEk1TtsYZ9X0sDWHXz7tFIBotJG4uJ-GF\/s320\/A71A9187.jpg\" \/><img decoding=\"async\" src=\"https:\/\/blogger.googleusercontent.com\/img\/b\/R29vZ2xl\/AVvXsEhW3YkP4x5lHnsDQZhnFbFeyjOF-e4j2ND09EEIDJLbP2SzBzyc-INKZT7-XMjr1SFUHizOmqYqS1_bl2TYHgtzqrqShoyZeojTPPCC4FkwgUkHzfLZU5RLoth31rdMHPpj6_QxucFh370dpeEdW5JMYlHivAE84l5Kvl2SF82DfiH5emOjbk1rc_p4\/s320\/A71A8934.jpg\" \/><img decoding=\"async\" src=\"https:\/\/blogger.googleusercontent.com\/img\/b\/R29vZ2xl\/AVvXsEjNrYXev4B97rBMjOGDXQSNKqNCAkAItV0N5jV1CNyIxYHRFHrZ4CDJFIdaMsWGeI2miLLyq5Hs-BGnMy2NxI0Atm9MQ2rlrEUrU1GS8E73WIR7Mx0eiELxd17QtIwqe3V0b_-j8Yq7K_fzRI1rD1X6lyzrBeOFTH7mZ6zVTSc1FSxIhWkrIZo_LtY0\/s320\/A71A6360.jpg\" \/><\/p>\n<p>&nbsp;<\/p>\n<p>&nbsp;<\/p>\n<p>&nbsp;<\/p>\n<p>[\/vc_column_text][\/vc_column][\/vc_row][vc_row row_type=\u00bbrow\u00bb use_row_as_full_screen_section=\u00bbno\u00bb type=\u00bbfull_width\u00bb text_align=\u00bbleft\u00bb css_animation=\u00bb\u00bb][vc_column][vc_column_text]<\/p>\n<h1 class=\"titol\">Xantal Llavina, guardonada amb el Premi Talent en Comunicaci\u00f3 i Mitjans<\/h1>\n<h3 class=\"entradeta\">La periodista Xantal Llavina, directora i presentadora del programa \u00abRevoluci\u00f3\u00bb de TV3, produ\u00eft amb la col\u00b7laboraci\u00f3 d&#8217;El Terrat (The Mediapro Studio), ha guanyat el Premi Talent en Comunicaci\u00f3 i Mitjans que atorga la Fundaci\u00f3 Impulsa Talentum.<\/h3>\n<h3 class=\"entradeta\">La gala de lliurament ser\u00e0 el pr\u00f2xim 20 de desembre al 12&#215;12 Congress, a la seu del Reial Cercle Art\u00edstic de Barcelona<\/h3>\n<h2><strong>\u00a0<\/strong><\/h2>\n<h5><img decoding=\"async\" class=\"media-object imatgeNoticia\" src=\"https:\/\/img.ccma.cat\/multimedia\/jpg\/6\/4\/1670253420946_670x378.jpg\" sizes=\"(max-width: 360px) 328px,(max-width: 400px) 382px,(max-width: 500px) 498px,(max-width: 600px) 536px,(max-width: 768px) 670px,(max-width: 1024px) 498px,(max-width: 1280px) 656px,670px\" srcset=\"https:\/\/img.ccma.cat\/multimedia\/jpg\/6\/4\/1670253420946_670x378.jpg 670w,https:\/\/img.ccma.cat\/multimedia\/jpg\/6\/4\/1670253420946_656x370.jpg 656w,https:\/\/img.ccma.cat\/multimedia\/jpg\/6\/4\/1670253420946_608x342.jpg 608w,https:\/\/img.ccma.cat\/multimedia\/jpg\/6\/4\/1670253420946_536x302.jpg 536w,https:\/\/img.ccma.cat\/multimedia\/jpg\/6\/4\/1670253420946_498x281.jpg 498w,https:\/\/img.ccma.cat\/multimedia\/jpg\/6\/4\/1670253420946_382x216.jpg 382w,https:\/\/img.ccma.cat\/multimedia\/jpg\/6\/4\/1670253420946_328x185.jpg 328w\" alt=\"Xantal Llavina, guardonada amb el Premi Talent en Comunicaci\u00f3 i Media\" width=\"670\" height=\"378\" \/><\/h5>\n<p>&nbsp;<\/p>\n<p>Cada any, la Fundaci\u00f3 Impulsa Talentum entrega aquest reconeixement a comunicadors i professionals destacats dels mitjans. El Premi Talent \u00e9s per a Xantal Llavina per la seva \u00ab<strong>destacada traject\u00f2ria en la divulgaci\u00f3 de la innovaci\u00f3, el talent i la tecnologia posada al servei de les persones amb el programa &#8216;Revoluci\u00f3&#8217; de la productora El Terrat<\/strong>\u00ab, tal com ha expressat el president de la fundaci\u00f3, Bru Recolons.<\/p>\n<p>El programa, que combina divulgaci\u00f3 i entreteniment, dona la visi\u00f3 des de Catalunya de com ser\u00e0 el m\u00f3n que ens espera fins al 2030. Les claus del format s\u00f3n divulgar i entretenir al mateix temps i des del lloc dels fets, amb una vocaci\u00f3 art\u00edstica. En aquestes quatre temporades a TV3, Xantal Llavina comprova en primera persona com la tecnologia est\u00e0 transformant les vides per sempre.<\/p>\n<p>El guard\u00f3 li ser\u00e0 entregat en la clausura del 12&#215;12 Congress, el 20 de desembre, a la seu del Reial Cercle Art\u00edstic de Barcelona. Un esdeveniment organitzat per Tert\u00falia Digital i la Generalitat de Catalunya amb la col\u00b7laboraci\u00f3 d&#8217;ACEC i de la Cambra de Comer\u00e7 de Barcelona, que t\u00e9 per objectiu aprofundir en la transformaci\u00f3 digital de la societat. Llavina recollir\u00e0 el guard\u00f3 acompanyada de Jordi Pi, coordinador de Continguts de TV3, i Jordi Portals, guionista i subdirector del programa \u00ab<a href=\"https:\/\/www.ccma.cat\/catradio\/revolucio\/\">Revoluci\u00f3<\/a>\u00ab.<\/p>\n<p>La Fundaci\u00f3 Impulsa Talentum t\u00e9 per missi\u00f3 la detecci\u00f3, promoci\u00f3 i acompanyament del talent a trav\u00e9s de la divulgaci\u00f3 de programes, iniciatives i projectes d&#8217;inter\u00e8s social, que vinculen humanisme i tecnologia. Aix\u00ed mateix, \u00e9s l&#8217;organitzadora dels Premis Talent, que arribaran enguany a la VIII edici\u00f3, i activitats acad\u00e8miques com la C\u00e0tedra Impulsa Talentum, els summits de gesti\u00f3 del talent i transfer\u00e8ncia del coneixement arreu de Catalunya, i el Talent &amp; Knowledge Congress, que far\u00e0 la seva edici\u00f3 el 2023.<\/p>\n<p>\u00abRevoluci\u00f3\u00bb \u00e9s una producci\u00f3 de TV3 en col\u00b7laboraci\u00f3 amb El Terrat.<\/p>\n<p><a href=\"http:\/\/www.catradio.cat\/revolucio\" target=\"_blank\" rel=\"noreferrer noopener\"><span xml:lang=\"CA-ES\" data-contrast=\"none\">catradio.cat\/revolucio4<\/span><\/a><br \/>\n<a href=\"https:\/\/twitter.com\/Revolucio4\" target=\"_blank\" rel=\"noreferrer noopener\"><span xml:lang=\"CA-ES\" data-contrast=\"none\">twitter\/revolucio4<\/span><\/a><br \/>\n<a href=\"https:\/\/www.facebook.com\/revolucio4\/\" target=\"_blank\" rel=\"noreferrer noopener\"><span xml:lang=\"CA-ES\" data-contrast=\"none\">facebook\/revolucio4<\/span><\/a><\/p>\n<p>&nbsp;<\/p>\n<p>&nbsp;<\/p>\n<p>[\/vc_column_text][\/vc_column][\/vc_row][vc_row row_type=\u00bbrow\u00bb use_row_as_full_screen_section=\u00bbno\u00bb type=\u00bbgrid\u00bb text_align=\u00bbcenter\u00bb css_animation=\u00bb\u00bb][vc_column][vc_empty_space height=\u00bb50px\u00bb][vc_separator type=\u00bbsmall\u00bb position=\u00bbcenter\u00bb color=\u00bb#e9653b\u00bb border_style=\u00bb\u00bb][vc_empty_space height=\u00bb50px\u00bb][\/vc_column][\/vc_row][vc_row row_type=\u00bbrow\u00bb use_row_as_full_screen_section=\u00bbno\u00bb type=\u00bbfull_width\u00bb text_align=\u00bbleft\u00bb css_animation=\u00bb\u00bb][vc_column][vc_column_text]<\/p>\n<p>[\/vc_column_text][\/vc_column][\/vc_row][vc_row row_type=\u00bbrow\u00bb use_row_as_full_screen_section=\u00bbno\u00bb type=\u00bbfull_width\u00bb text_align=\u00bbleft\u00bb css_animation=\u00bb\u00bb][vc_column width=\u00bb1\/6&#8243;][\/vc_column][vc_column width=\u00bb2\/3&#8243;][vc_masonry_grid post_type=\u00bbpost\u00bb max_items=\u00bb-1&#8243; style=\u00bblazy\u00bb element_width=\u00bb6&#8243; grid_id=\u00bbvc_gid:1671623793166-127f6c48-9c3d-2&#8243; taxonomies=\u00bb62&#8243;][\/vc_column][vc_column width=\u00bb1\/6&#8243;][\/vc_column][\/vc_row][vc_row row_type=\u00bbrow\u00bb use_row_as_full_screen_section=\u00bbno\u00bb type=\u00bbfull_width\u00bb text_align=\u00bbleft\u00bb css_animation=\u00bb\u00bb][vc_column][vc_column_text]<\/p>\n<p>[\/vc_column_text][\/vc_column][\/vc_row]<\/p>\n<\/div>","protected":false},"excerpt":{"rendered":"<p>[vc_row row_type=\u00bbrow\u00bb use_row_as_full_screen_section=\u00bbno\u00bb type=\u00bbfull_width\u00bb text_align=\u00bbleft\u00bb css_animation=\u00bb\u00bb][vc_column][vc_column_text] \u201cSOM REVOLUCI\u00d3 \u201d TV3,\u00a0 4\u00ba TEMPORADA, NOU FORMAT #SOMREVOLUCI\u00d3 ESTRENA FORMAT PER DONAR LA VISI\u00d3 DE COM SER\u00c0 LA CATALUNYA DEL 2030. DES DE 32 LOCALITZACIONS CATALANES DIFERENTS &nbsp; El dimarts 2 d\u2019agost, a partir de les 23.25, TV3&#8230;<\/p>\n","protected":false},"author":1,"featured_media":0,"parent":0,"menu_order":0,"comment_status":"closed","ping_status":"closed","template":"","meta":{"footnotes":""},"class_list":["post-3385","page","type-page","status-publish","hentry"],"aioseo_notices":[],"_links":{"self":[{"href":"https:\/\/xantalllavina.com\/index.php?rest_route=\/wp\/v2\/pages\/3385","targetHints":{"allow":["GET"]}}],"collection":[{"href":"https:\/\/xantalllavina.com\/index.php?rest_route=\/wp\/v2\/pages"}],"about":[{"href":"https:\/\/xantalllavina.com\/index.php?rest_route=\/wp\/v2\/types\/page"}],"author":[{"embeddable":true,"href":"https:\/\/xantalllavina.com\/index.php?rest_route=\/wp\/v2\/users\/1"}],"replies":[{"embeddable":true,"href":"https:\/\/xantalllavina.com\/index.php?rest_route=%2Fwp%2Fv2%2Fcomments&post=3385"}],"version-history":[{"count":13,"href":"https:\/\/xantalllavina.com\/index.php?rest_route=\/wp\/v2\/pages\/3385\/revisions"}],"predecessor-version":[{"id":4116,"href":"https:\/\/xantalllavina.com\/index.php?rest_route=\/wp\/v2\/pages\/3385\/revisions\/4116"}],"wp:attachment":[{"href":"https:\/\/xantalllavina.com\/index.php?rest_route=%2Fwp%2Fv2%2Fmedia&parent=3385"}],"curies":[{"name":"wp","href":"https:\/\/api.w.org\/{rel}","templated":true}]}}