{"id":400,"date":"2017-01-29T18:19:32","date_gmt":"2017-01-29T18:19:32","guid":{"rendered":"https:\/\/www.educamadrid.net\/wp\/?page_id=400"},"modified":"2024-09-09T13:59:55","modified_gmt":"2024-09-09T13:59:55","slug":"premi-rac-directe-4-0","status":"publish","type":"page","link":"https:\/\/xantalllavina.com\/?page_id=400","title":{"rendered":"Premi RAC Directe 4.0"},"content":{"rendered":"<div class=\"wpb-content-wrapper\"><p>[vc_row row_type=\u00bbrow\u00bb use_row_as_full_screen_section=\u00bbno\u00bb type=\u00bbgrid\u00bb text_align=\u00bbcenter\u00bb css_animation=\u00bb\u00bb][vc_column][vc_empty_space height=\u00bb50px\u00bb][vc_column_text]<\/p>\n<h1>PREMI RAC &#8211; DIRECTE 4.0<\/h1>\n<p>[\/vc_column_text][vc_separator type=\u00bbsmall\u00bb position=\u00bbcenter\u00bb color=\u00bb#1852f6&#8243; border_style=\u00bb\u00bb][vc_column_text]<\/p>\n<h3>PREMI RAC PEL \u201d DIRECTE4.0\u2033<\/h3>\n<h4>13A EDICI\u00d3 PREMIS R\u00c0DIO ASSOCIACI\u00d3 DE CATALUNYA<br \/>\nEL PROGRAMA \u201cDIRECTE 4.0\u2033 DE R\u00c0DIO 4 REP LA MENCI\u00d3 DE QUALITAT EN ELS PREMIS DE LA R\u00c0DIO ASSOCIACI\u00d3 DE CATALUNYA<\/h4>\n<ul>\n<li>Xantal Llavina va recollir ahir el guard\u00f3 \u201cper presentar de manera fresca i din\u00e0mica l\u2019actualitat, per la innovaci\u00f3 i per la tecnologia\u201d<\/li>\n<li>Els premis es van entregar ahir a l\u2019Auditori de la ONCE a Barcelona<\/li>\n<\/ul>\n<p>[\/vc_column_text][vc_empty_space height=\u00bb20px\u00bb][vc_row_inner row_type=\u00bbrow\u00bb type=\u00bbfull_width\u00bb use_row_as_full_screen_section_slide=\u00bbno\u00bb text_align=\u00bbleft\u00bb css_animation=\u00bb\u00bb][vc_column_inner width=\u00bb1\/4&#8243;][\/vc_column_inner][vc_column_inner width=\u00bb1\/2&#8243;][vc_gallery type=\u00bbimage_grid\u00bb images=\u00bb401,402&#8243; img_size=\u00bb300&#215;300&#8243; column_number=\u00bb2&#8243; grayscale=\u00bbno\u00bb space_between_images=\u00bbno\u00bb][\/vc_column_inner][vc_column_inner width=\u00bb1\/4&#8243;][\/vc_column_inner][\/vc_row_inner][vc_empty_space height=\u00bb20px\u00bb][vc_column_text]Xantal Llavina \u00e9s la presentadora i directora del magazine \u201cDirecte 4.0\u2033 de R\u00e0dio 4, acompanyada del seu equip habitual: Quique Quera, Edu Fust\u00e9, Ferran Grau, Bruno Sokolowich i Ram\u00f3n Forn\u00f3s.<\/p>\n<p>Llocs web relacionats:<\/p>\n<h5><a href=\"http:\/\/www.rtve.es\/radio\/radio4\/\">WEB DE R\u00c0DIO 4<\/a><\/h5>\n<p>&nbsp;<\/p>\n<h3>COMUNICACI\u00d3 \u2013 TVE CATALUNYA<\/h3>\n<p>10.05.2013<\/p>\n<p align=\"justify\"><b>\u201cDirecte 4.0\u2033, el programa de les tardes de R\u00e0dio 4, va ser distingit ahir al vespre a amb la Menci\u00f3 de Qualitat al Millor Programa de R\u00e0dio que atorga Radio Associaci\u00f3 de Catalunya. El jurat ha valorat tant la frescor a l\u2019hora d\u2019abordar l\u2019actualitat com l\u2019\u00fas de noves tecnologies que fomenten la participaci\u00f3 del p\u00fablic.<\/b><\/p>\n<p align=\"justify\">La tretzena edici\u00f3 d\u2019aquests guardons, celebrada ahir al vespre a l\u2019Auditori de la ONCE a Barcelona, va recon\u00e8ixer el programa \u201cDirecte 4.0\u2033 de R\u00e0dio 4, \u201cper presentar d\u2019una manera fresca i din\u00e0mica l\u2019actualitat, per la innovaci\u00f3, i per la tecnologia amb una clara aposta per Internet i les xarxes socials com a elements que permeten estar en contacte amb els oients \u201c.<br \/>\nL\u2019espai que dirigeix i presenta Xantal Llavina, de dilluns a divendres a les 16.00 hores, a R\u00e0dio 4, inclou entrevistes en profunditat, xerrades i confid\u00e8ncies amb famosos, actualitat, opini\u00f3, i el m\u00e9s destacat d\u2019Internet.<br \/>\nEl programa compta amb el seu propi equip, i tamb\u00e9 amb connexions en directe amb els responsables dels diaris La Vanguardia, El Peri\u00f3dico, El Punt Avui i el Diari Ara. Entre els col\u2022laboradors m\u00e9s recents, Sergi Mas i Quim Masferrer, amb el \u2018Cara a Cara\u2019 m\u00e9s ir\u00f2nic de l\u2019actualitat; Sa\u00fcl Gordillo amb el seu Xarxa.cat i les \u00faltimes not\u00edcies d\u2019Internet i Twitter; Albert Rami, amb els seus remeis per viure millor de forma natural;Conxita Casanovas i les estrenes de cinema; Maite Boada i els viatges; la secci\u00f3 Den\u00fancia4 sobre conflictes socials; i Dolors Boatella, que rastreja la xarxa a la recerca de les imatges m\u00e9s curioses.<br \/>\nEs mantenen a m\u00e9s les col\u2022laboracions del periodista Llu\u00eds Amiguet; el professor Jaume Llopis; el fil\u00f2sof Bernat Ded\u00e9u; el cuiner Fabi\u00e1n Mart\u00edn; Dani Casanova i Carlota F\u00e0bregas sobre social media i publicitat; Enric Cambray, amb les novetats de l\u2019escena i el teatre; i els companys del programa de TVE \u201cTinc una idea\u201d. I cada tarda, concurs amb doble premi per als oients amb Quique Quera.<\/p>\n<p>[\/vc_column_text][vc_empty_space height=\u00bb50px\u00bb][\/vc_column][\/vc_row]<\/p>\n<\/div>","protected":false},"excerpt":{"rendered":"<p>[vc_row row_type=\u00bbrow\u00bb use_row_as_full_screen_section=\u00bbno\u00bb type=\u00bbgrid\u00bb text_align=\u00bbcenter\u00bb css_animation=\u00bb\u00bb][vc_column][vc_empty_space height=\u00bb50px\u00bb][vc_column_text] PREMI RAC &#8211; DIRECTE 4.0 [\/vc_column_text][vc_separator type=\u00bbsmall\u00bb position=\u00bbcenter\u00bb color=\u00bb#1852f6&#8243; border_style=\u00bb\u00bb][vc_column_text] PREMI RAC PEL \u201d DIRECTE4.0\u2033 13A EDICI\u00d3 PREMIS R\u00c0DIO ASSOCIACI\u00d3 DE CATALUNYA EL PROGRAMA \u201cDIRECTE 4.0\u2033 DE R\u00c0DIO 4 REP LA MENCI\u00d3 DE QUALITAT EN ELS PREMIS DE&#8230;<\/p>\n","protected":false},"author":1,"featured_media":0,"parent":0,"menu_order":0,"comment_status":"closed","ping_status":"closed","template":"","meta":{"footnotes":""},"class_list":["post-400","page","type-page","status-publish","hentry"],"aioseo_notices":[],"_links":{"self":[{"href":"https:\/\/xantalllavina.com\/index.php?rest_route=\/wp\/v2\/pages\/400","targetHints":{"allow":["GET"]}}],"collection":[{"href":"https:\/\/xantalllavina.com\/index.php?rest_route=\/wp\/v2\/pages"}],"about":[{"href":"https:\/\/xantalllavina.com\/index.php?rest_route=\/wp\/v2\/types\/page"}],"author":[{"embeddable":true,"href":"https:\/\/xantalllavina.com\/index.php?rest_route=\/wp\/v2\/users\/1"}],"replies":[{"embeddable":true,"href":"https:\/\/xantalllavina.com\/index.php?rest_route=%2Fwp%2Fv2%2Fcomments&post=400"}],"version-history":[{"count":6,"href":"https:\/\/xantalllavina.com\/index.php?rest_route=\/wp\/v2\/pages\/400\/revisions"}],"predecessor-version":[{"id":5012,"href":"https:\/\/xantalllavina.com\/index.php?rest_route=\/wp\/v2\/pages\/400\/revisions\/5012"}],"wp:attachment":[{"href":"https:\/\/xantalllavina.com\/index.php?rest_route=%2Fwp%2Fv2%2Fmedia&parent=400"}],"curies":[{"name":"wp","href":"https:\/\/api.w.org\/{rel}","templated":true}]}}