{"id":408,"date":"2017-01-29T18:46:36","date_gmt":"2017-01-29T18:46:36","guid":{"rendered":"https:\/\/www.educamadrid.net\/wp\/?page_id=408"},"modified":"2024-07-23T10:42:27","modified_gmt":"2024-07-23T10:42:27","slug":"especials-directe-4-0","status":"publish","type":"page","link":"https:\/\/xantalllavina.com\/?page_id=408","title":{"rendered":"Especials Directe 4.0"},"content":{"rendered":"<div class=\"wpb-content-wrapper\"><p>[vc_row row_type=\u00bbrow\u00bb use_row_as_full_screen_section=\u00bbno\u00bb type=\u00bbgrid\u00bb text_align=\u00bbcenter\u00bb css_animation=\u00bb\u00bb][vc_column][vc_empty_space height=\u00bb50px\u00bb][vc_column_text]<\/p>\n<h1>ESPECIALS &#8211; DIRECTE 4.0<\/h1>\n<p>[\/vc_column_text][vc_separator type=\u00bbsmall\u00bb position=\u00bbcenter\u00bb color=\u00bb#1852f6&#8243; border_style=\u00bb\u00bb][vc_column_text]<\/p>\n<h2>ESPECIAL SANT JORDI 2014<\/h2>\n<h2>Aquest \u2018SANT JORDI 2014\u2019 de R\u00e0dio4 el viurem tamb\u00e9 al Directe 4.0 de 16h a 19h des de Pla\u00e7a de Catalunya<\/h2>\n<p>&nbsp;<\/p>\n<p><strong>Els Catarres<\/strong>,\u00a0<strong>Cesc Freixas<\/strong>\u00a0i\u00a0<strong>Gerard Quintana<\/strong>\u00a0&amp;\u00a0<strong>Xarim Arest\u00e9<\/strong>\u00a0actuaran en directe.<br \/>\n<strong>Miguel R\u00edos<\/strong>,\u00a0<strong>Llu\u00eds Bassat<\/strong>,\u00a0<strong>\u00c1ngeles Gonz\u00e1lez Sinde<\/strong>\u00a0i\u00a0<strong>Ferran Mascarell<\/strong>\u00a0entre els convidats de l\u2019especial.<\/p>\n<p>&nbsp;<\/p>\n<p>Els autors, la m\u00fasica en directe i els oients seran els protagonistes. Ens acompanyaran a partir de les 16h la cantant\u00a0<strong>Nina<\/strong>\u00a0que ens presenta el seu llibre: \u201cAmb veu pr\u00f2pia\u201d,\u00a0<strong>Isabel Clara Sim\u00f3\u00a0<\/strong>\u00a0amb el t\u00edtol \u201cTota aquesta gent\u201d i\u00a0<strong>Llu\u00eds Bassat<\/strong>\u00a0amb \u201cCreativitat\u201d. Tamb\u00e9 l\u2019escriptora\u00a0<strong>Rosa Reg\u00e0s<\/strong>\u00a0amb el seu llibre \u201cEntre el seny i la rauxa\u201d i tamb\u00e9 la gran visita de\u00a0<strong>Miguel R\u00edos<\/strong>\u00a0que tamb\u00e9 estrena llibre \u201cCosas que siempre quise contarte\u201d. Tot aix\u00f2 amb la m\u00fasica i l\u2019 actuaci\u00f3 en directe de\u00a0<strong>Cesc\u00a0Freixes<\/strong>!<\/p>\n<p>Pel\u00a0<strong>Sant Jordi<\/strong>\u00a0escoltarem hist\u00f2ries d\u2019amor dels nostres oients i a partir de les 17h ens acompanyaran els escriptors\u00a0\u00a0<strong>Rafel Nadal<\/strong>\u00a0que ens presenta el seu llibre \u201cQuan en d\u00e8iem xampany\u201d,\u00a0<strong>Manel Cuy\u00e0s<\/strong>\u00a0amb el seu \u201cEl n\u00e9t del pirata\u201di la periodista i presentadora\u00a0<strong>M\u00f2nica Carrillo<\/strong>\u00a0amb el seu llibre \u201cLa luz de Candela\u201d.Farem Ci\u00e8ncia per a gent de Lletres amb el nostre cient\u00edfic\u00a0<strong>Dani Jim\u00e9nez<\/strong>\u00a0i tamb\u00e9 hi ser\u00e0 l\u2019escriptora\u00a0<strong>Clara S\u00e1nchez<\/strong>\u00a0(Premi Planeta 2013) amb el \u201cEl cielo ha vuelto\u201d i \u00a0<strong>\u00c1ngeles Gonz\u00e1lez Sinde<\/strong>\u00a0(finalista Premi Planeta) amb \u201cEl buen hijo\u201d<br \/>\nTot amb aix\u00f2 amb l\u2019actuaci\u00f3 \u00a0en directe des de pla\u00e7a \u00a0Catalunya dels\u00a0<strong>Catarres<\/strong>!I a partir de les 18h ens visitar\u00e0 tamb\u00e9\u00a0<strong>Ignacio Elguero<\/strong>\u00a0de RNE ens presenta: \u201cLeif Garret en el dormitorio de mi hermana\u201d,<strong>\u00a0Albert Villar\u00f3<\/strong>\u00a0(Premi Josep Pla) amb \u201cEls Ambaixadors\u201d,\u00a0 el nostre col.laborador \u00a0<strong>Quim Masferrer<\/strong>, \u00a0tindrem l\u2019actuaci\u00f3 dels<strong>\u00a0Mali Vanili<\/strong>\u00a0i la visita de luxe del conseller de Cultura, \u00a0<strong>Ferran Mascarell<\/strong>. Acabarem l\u2019especial amb la m\u00fasica en directe de\u00a0<strong>\u00a0Gerard\u00a0Quintana<\/strong>\u00a0&amp;\u00a0<strong>Xarim\u00a0Arest\u00e9<\/strong>!<\/p>\n<p>Us esperem des de R\u00e0dio 4<strong>\u00a0a la pla\u00e7a de Catalunya<\/strong>, a la banda de la Rambla, per celebrar el Sant Jordi plegats! Hi haur\u00e0 regals!<\/p>\n<p><strong>Hi ser\u00e0 tot l\u2019equip dirigit i presentat per Xantal Llavina,\u00a0 Quique Quera, Ferran Grau, Bruno Sokolowich, David Serra i Ram\u00f3n Forn\u00f3s.\u00a0<\/strong>[\/vc_column_text][vc_empty_space height=\u00bb20px\u00bb][vc_row_inner row_type=\u00bbrow\u00bb type=\u00bbfull_width\u00bb use_row_as_full_screen_section_slide=\u00bbno\u00bb text_align=\u00bbcenter\u00bb css_animation=\u00bb\u00bb][vc_column_inner width=\u00bb1\/4&#8243;][\/vc_column_inner][vc_column_inner width=\u00bb1\/2&#8243;][vc_gallery type=\u00bbimage_grid\u00bb images=\u00bb409,410,411&#8243; column_number=\u00bb3&#8243; grayscale=\u00bbno\u00bb space_between_images=\u00bbyes\u00bb][\/vc_column_inner][vc_column_inner width=\u00bb1\/4&#8243;][\/vc_column_inner][\/vc_row_inner][vc_empty_space height=\u00bb20px\u00bb][vc_column_text]<\/p>\n<h3>ESPECIAL DIRECTE 4.0\u00a0GOD\u00d3 2014<\/h3>\n<h3>\u201cDirecte 4.0\u201d emet un programa especial des del Barcelona Open Banc Sabadell, 62\u00e8 trofeu Conde de God\u00f3 de tennis<\/h3>\n<p>Alguns dels convidats de l\u2019especial seran els ex tennistes Manuel Orantes, Jordi Arrese i Juan Avenda\u00f1o A m\u00e9s, la tert\u00falia esportiva dels divendres se centrar\u00e0 en l\u2019actualitat del tennis i el torneig.<\/p>\n<p>&nbsp;<\/p>\n<p>Aquest divendres el programa \u201cDirecte 4.0\u201d de R\u00e0dio 4 RNE, dirigit i presentat per Xantal Llavina, es despla\u00e7a al Barcelona Open Banc Sabadell per fer el programa, des del Village del Reial Club de Tennis Barcelona on se celebra el \u201cTrofeu Conde de God\u00f3\u201d en l\u2019edici\u00f3 n\u00famero 62.<\/p>\n<p>A partir de les 16h,\u00a0<strong>Xantal Llavina<\/strong>, des de l\u2019estand de RTVE al Village, entrevistar\u00e0 els ex tennistes\u00a0<strong>Manuel Orantes, Jordi Arrese \u00a0i Juan Avenda\u00f1o\u00a0<\/strong>(ex capit\u00e0 de la Copa Davis), amb connexions amb\u00a0<strong>Bruno Sokolowicz i David Serra<\/strong>.<\/p>\n<p><strong>Ferran Grau<\/strong>\u00a0explicar\u00e0 les novetats del torneig d\u2019aquest any i connectar\u00e0 en directe amb la\u00a0<strong>Marga Lluch<\/strong>, cap d\u2019esports de R\u00e0dio 4, des dels partits de la pista central. A m\u00e9s, el col\u00b7laborador del programa\u00a0<strong>Roger Franco\u00a0<\/strong>repassar\u00e0 les darreres novetats en aplicacions esportives.<\/p>\n<p>A partir de les 17h visitaran el programa\u00a0<strong>Albert Agust\u00ed<\/strong>, President del Reial Club de Tennis Barcelona, i\u00a0<strong>Albert Costa<\/strong>, Director del Barcelona Open Banc Sabadell.<\/p>\n<p>El periodista de la Vanguardia\u00a0<strong>Llu\u00eds Amiguet f<\/strong>ar\u00e0 la seva\u00a0<strong>\u2018Contra 4.0\u2019\u00a0<\/strong>i participaran al programa els emprenedors esportius:\u00a0<strong>Sara Carmona<\/strong>, entrenadora personal de vips, i\u00a0<strong>Radikal Swim<\/strong>.<\/p>\n<p>A partir de les 18h comen\u00e7ar\u00e0 la tert\u00falia esportiva del divendres, centrada aquesta setmana en el tennis i el Bar\u00e7a, amb la participaci\u00f3 dels ex tennistes\u00a0<strong>Andr\u00e9s Gimeno i Jos\u00e9 Luis Arilla\u00a0<\/strong>i els col\u00b7laboradors esportius habituals del programa,\u00a0els periodistes\u00a0<strong>Pitu Abril, Ferran Mart\u00ednez, Josep Capdevila, N\u00faria Casas i Marga Lluch<\/strong>.<\/p>\n<p>Per acabar, com cada divendres, els millors moments de la setmana del\u00a0<strong>\u201cDirecte 4.0\u201d<\/strong>.[\/vc_column_text][vc_empty_space height=\u00bb20px\u00bb][vc_row_inner row_type=\u00bbrow\u00bb type=\u00bbfull_width\u00bb use_row_as_full_screen_section_slide=\u00bbno\u00bb text_align=\u00bbcenter\u00bb css_animation=\u00bb\u00bb][vc_column_inner width=\u00bb1\/4&#8243;][\/vc_column_inner][vc_column_inner width=\u00bb1\/2&#8243;][vc_gallery type=\u00bbimage_grid\u00bb images=\u00bb412,413,414&#8243; column_number=\u00bb3&#8243; grayscale=\u00bbno\u00bb space_between_images=\u00bbyes\u00bb][\/vc_column_inner][vc_column_inner width=\u00bb1\/4&#8243;][\/vc_column_inner][\/vc_row_inner][vc_empty_space height=\u00bb20px\u00bb][vc_column_text]<\/p>\n<h3>ESPECIAL DES DEL FESTIVAL DE LA INF\u00c0NCIA DE BARCELONA<\/h3>\n<ul>\n<li>ESPECIAL DES DEL 080 BARCELONA FASHION WEEK<\/li>\n<li>ESPECIAL DES DEL MOBILE WORLD CONGRES BARCELONA<\/li>\n<li>ESPECIAL DES DEL SAL\u00d3 DE L\u2019ENSENYAMENT<\/li>\n<\/ul>\n<h3>PROGRAMES ESPECIALS- SEGONA TEMPORADA:<\/h3>\n<p><b>ESPECIAL DES DEL MUSEU DEL FC.BARCELONA<\/b><\/p>\n<p>El dilluns 3 de desembre del 2012, l\u2019equip del programa es despla\u00e7a al<b> Museu del F.C. Barcelona<\/b> per realitzar un especial sobre el el passat, el present i el futur del club. Durant la primera hora el programa repassa el passat del club amb diferents exjugadors: Josep Maria Fust\u00e9, Charly Reixach o la veu blaugrana Manel Vic.<\/p>\n<p>En la segona hora el programa repassa l\u2019actualitat de les seccions esportives amb els seus protagonistes, el capit\u00e0 de l\u2019equip d\u2019hanbol V\u00edctor Tom\u00e0s, l\u2019exjugador de b\u00e0squet Ferran Mart\u00ednez i els tertulians habituals del nostre programa, Jaume Llopis (IESE), Josep Pons (estilista) i els periodistes esportius Isabel Bosch (TVC), Edgar Forn\u00f3s (Bar\u00e7a TV) i Xavi Riera (la Sexta Deportes).<\/p>\n<p>I acabem l\u2019especial parlant del futur del club amb el director t\u00e8cnic del futbol formatiu, Guillermo Amor, i el director de la Masia, Carles Folguera, acompanyats de Toni Frieros (Sport), Ferran Espada (el 9 esportiu) i Paco Aguilar (Mundo Deportivo).[\/vc_column_text][vc_empty_space height=\u00bb20px\u00bb][vc_row_inner row_type=\u00bbrow\u00bb type=\u00bbfull_width\u00bb use_row_as_full_screen_section_slide=\u00bbno\u00bb text_align=\u00bbcenter\u00bb css_animation=\u00bb\u00bb][vc_column_inner width=\u00bb1\/4&#8243;][\/vc_column_inner][vc_column_inner width=\u00bb1\/2&#8243;][vc_gallery type=\u00bbimage_grid\u00bb images=\u00bb415,416&#8243; column_number=\u00bb3&#8243; grayscale=\u00bbno\u00bb space_between_images=\u00bbyes\u00bb][\/vc_column_inner][vc_column_inner width=\u00bb1\/4&#8243;][\/vc_column_inner][\/vc_row_inner][vc_empty_space height=\u00bb20px\u00bb][vc_column_text]<\/p>\n<h3>ESPECIAL DES DEL FESTIVAL DE LA INF\u00c0NCIA DE BARCELONA<\/h3>\n<p>El divendres 4 de gener del 2013, el \u201cDirecte 4.0\u201d es despla\u00e7a al <b>\u201cFestival de la Inf\u00e0ncia de Barcelona\u201d<\/b> per parlar dels m\u00e9s petits.\u00a0 En la primera hora, Xantal Llavina entrevista la Presidenta del Festival i Primera Dama de Catalunya, Helena Rakonsik. Amb ella fan un balan\u00e7 del Festival i del futur dels nens a Catalunya.<\/p>\n<p>Actuen en directe el grup infantil<b> \u201cMaced\u00f2nia\u201d <\/b>i es realitzen connexions amb les principals activitats i espais de la Fira de la m\u00e0 de l\u2019actor Quim Masferrer i el periodista Ferran Grau.<\/p>\n<p>La segona i tercera hora \u00e9s on participen activament els nens del mateix Festival, opinant de l\u2019actualitat en una tert\u00falia social, i donant els seus bons desitjos a la \u201cPatge Estel\u201d que visita l\u2019estand de R\u00e0dio 4.[\/vc_column_text][vc_empty_space height=\u00bb20px\u00bb][vc_column_text]<\/p>\n<h3>Directe 4.0 des del Sal\u00f3 de l\u2019Ensenyament<\/h3>\n<ul>\n<li><strong>Aquest dimecres 12 de mar\u00e7 teniu 4 raons per escoltar el Directe 4.0 de R\u00e0dio 4 que farem de 4 a 7 de la tarda des del Sal\u00f3 de l\u2019Ensenyament\u2026<\/strong><br \/>\n<h3><\/h3>\n<h3><\/h3>\n<h3><\/h3>\n<h3><\/h3>\n<\/li>\n<\/ul>\n<h3>Josep Echaburu<\/h3>\n<p><strong>DIRECTE 4.0 \u2013 RTVE.es<\/strong> 12.03.2014<\/p>\n<p align=\"justify\"><strong>Ra\u00f3 n\u00famero 1:<\/strong> Entrevistarem a la directora del Sal\u00f3,<strong>Roser Solei<\/strong> i farem una tert\u00falia de joves estudiants de Batxillerat. Tamb\u00e9 parlarem amb la directora d\u2019Educaweb i responsable del portal <a href=\"http:\/\/xn--formaci365-mbb.cat\/\">formaci\u00f3365.cat<\/a>,<strong>Montserrat Oliveres<\/strong>.Farem una tert\u00falia especial amb rectors de les universitats catalanes. Ens acompanyaran <strong>Andreu Ibars<\/strong>, director general de Blanquerna i <strong>Juan Jes\u00fas Don Aire<\/strong>, vicerector de professorat i programaci\u00f3 acad\u00e8mica.<\/p>\n<p><strong>Ra\u00f3 n\u00famero 2<\/strong>: Coneixerem les 4 millors alumnes de la selectivitat de l\u2019any passat i ens acompanyar\u00e0 <strong>Claudi Alzina<\/strong>, Secretari General del Consell Interuniversitari de Catalunya.<\/p>\n<p><strong>Ra\u00f3 n\u00famero 3<\/strong>: El nostre cient\u00edfic de cap\u00e7alera, En <strong>Dani Jim\u00e9nez<\/strong> ens far\u00e0 alguns experiments en directe des del Sal\u00f3 en la seva particular secci\u00f3 CI\u00c8NCIA PER A GENT DE LLETRES.<\/p>\n<p><strong>Ra\u00f3 n\u00famero 4:<\/strong> Entrevistarem el Sotsdirector de la Formaci\u00f3 Professional a Catalunya,<strong>Jos\u00e9 Antonio Mart\u00edn<\/strong> i tamb\u00e9 conversarem amb el vicepresident d\u2019ASEPROCE, <strong>Ignacio Mas de Xaxas<\/strong>.<\/p>\n<p>Finalment amb la <strong>Marta Royo<\/strong> descobrirem com el m\u00f3n de l\u2019emprenedor no t\u00e9 edat.[\/vc_column_text][vc_empty_space height=\u00bb20px\u00bb][vc_column_text]<\/p>\n<h3>Especial Directe 4.0 des del Mobile World Congress de Barcelona<\/h3>\n<ul>\n<li><strong>Kim Faura,<\/strong> director General de Telef\u00f3nica a Catalunya i <strong>Albert Buxad\u00e9<\/strong>, director General de Vodafone, entre els convidats del programa de<strong> R\u00e0dio4<\/strong>.<\/li>\n<li>Durant tres hores el programa Directe 4.0 explicar\u00e0 les novetats en tel\u00e8fons, aplicacions, tauletes i la tecnologia portable (polseres, ulleres intel\u2022ligents i rellotges).\n<p align=\"justify\">\n<\/li>\n<\/ul>\n<p>&nbsp;<\/p>\n<p align=\"justify\"><strong>DIRECTE 4.0 \u2013 RTVE.es<\/strong> 24.02.2014Aquest dimarts 25 de Febrer es far\u00e0 el programa <b>Directe 4.0<\/b> de <b>R\u00e0dio 4<\/b> RNE des de la fira del m\u00f2bil organitzada per <b>GSMA<\/b> que destaca per la seva repercussi\u00f3 internacional i per l\u2019oportunitat que tenen les marques de presentar nous models de tel\u00e8fon i noves tecnologies.<\/p>\n<p>El programa, dirigit i presentat per la periodista <b>Xantal Llavina<\/b>, explicar\u00e0 les darreres tend\u00e8ncies del m\u00f2bil en connexions en directe amb Ferran Grau i tots els detalls de la confer\u00e8ncia de dilluns del fundador de Facebook, <b>Mark Zuckerberg<\/b>, on parlar\u00e0 de la compra de Facebook de Whatsapp per 16.000 milions de d\u00f3lars.<\/p>\n<p>Durant les tres hores passaran per l\u2019stand de RTVE del Directe 4.0 en <b>Sergio Cort\u00e9s<\/b>, Director de <b>Cink<\/b> i <b>Social-Buy.com<\/b> i Edu Fust\u00e9 que ens parlaran de la visita de <b>Mark Zuckerberg<\/b> . L\u2019<b>\u00d2scar Pallarols<\/b>, Director del projecte industrial de <b>Mobile World Capital<\/b> i <b>Carlos Ferreiro<\/b>, CEO d\u2019 <b>Appcircus<\/b>.<\/p>\n<p>A partir de les 17h ens visitar\u00e0 <b>Kim Faura<\/b>, Director General de <b>Telef\u00f3nica <\/b>a Catalunya i Director de Relacions Corporatives de Telef\u00f3nica a Espanya. Amb en <b>Ricard Castellet<\/b> conversarem amb <b>Manel Cervera<\/b>, director de desenvolupament de negoci \u201c<b>Lleida.net<\/b>\u201d i <b>Albert Sitj\u00e0<\/b>, Director d\u2019IPR &amp; Desenvolupament Corporatiu del <b>Centre Tecnol\u00f2gic de Telecomunicacions de Catalunya<\/b>. I amb en <b>Roger Franco<\/b> sabrem totes les novetats en aplicacions amb el President de \u201c<b>Catalunya Apps<\/b>\u201c, <b>Pau Font<\/b>.<\/p>\n<p>A partir de les 18h visitar\u00e0 l\u2019stand del Directe4.0 l\u2019 <b>Albert Buxad\u00e9<\/b>, Director General de <b>Vodafone<\/b> a Catalunya per con\u00e8ixer les darreres novetats en m\u00f2bils. Amb l\u2019 <b>Albert Riba<\/b> conversarem amb <b>Jordi Martin<\/b>, Desenvolupador de negoci de la <b>UPC Tenchology Center<\/b> i amb un representat d\u2019 <b>ACCI\u00d3 <\/b>de la Generalitat de Catalunya.<\/p>\n<p>Amb l\u2019economista de <b>IESE<\/b>, <b>Jaume Llopis<\/b> analitzarem el gran impacte econ\u00f2mic del <b>MWC<\/b>. La fira tindr\u00e0 un impacte positiu de 356 milions d\u2019euros, amb la creaci\u00f3 de 7.200 llocs de treball directes i amb en <b>Mohamed El Amrani<\/b> explicarem l\u2019evoluci\u00f3 de la telefonia m\u00f3bil, des del primer dispositiu creat el 1977.<\/p>\n<p>Dijous 30 de gener a les 16h a R\u00e0dio 4, l\u2019emissora en catal\u00e0 de RNE[\/vc_column_text][vc_empty_space height=\u00bb20px\u00bb][vc_column_text]<\/p>\n<h3>\u2018Directe 4.0\u2019 emet un programa especial des de la 080Barcelona Fashion<\/h3>\n<ul>\n<li>El magazine de les tardes de R\u00e0dio 4 comptar\u00e0 amb el model catal\u00e0 <strong>Andr\u00e9s Velencoso<\/strong> i el responsable de la <strong>080<\/strong> <strong>Miquel Rodr\u00edguez<\/strong>.<\/li>\n<\/ul>\n<p>Xantal Llavina i tots els col\u00b7laboradors del Directe 4.0Josep Echaburu<\/p>\n<p><strong>DIRECTE 4.0 \u2013 RTVE.es<\/strong> 30.01.2014<\/p>\n<p align=\"justify\"><strong>Aquest dijous amb motiu de la setmana de la moda a Barcelona, \u201cDirecte 4.0\u201d emet un programa especial des de la 080 Barcelona Fashion que t\u00e9 lloc al Born Centre Cultural.<\/strong><\/p>\n<p>Per con\u00e8ixer el m\u00f3n de la moda catalana <strong>Xantal Llavina<\/strong> entrevistar\u00e0 el model internacional <strong>Andr\u00e9s Velencoso<\/strong>, que aquesta setmana ha desfilat per les firmes catalanes Mango i Desigual; i el responsable de la 080 Barcelona Fashion, <strong>Miquel Rodr\u00edguez<\/strong>.<\/p>\n<p>El programa tamb\u00e9 comptar\u00e0 amb l\u2019agent de models <strong>Francina D\u00edaz <\/strong>que presentar\u00e0 les seves mem\u00f2ries \u201cM\u00e1s all\u00e1 de la moda\u201d, amb el perruquer oficial de la setmana de la moda de Barcelona <strong>Raffel Pag\u00e8s<\/strong> i amb un membre del jurat de la 080, <strong>\u00d3scar Heredero<\/strong>. Xantal Llavina tamb\u00e9 conduir\u00e0 una tert\u00falia de bloggers de moda i coolhunters.<\/p>\n<p>A m\u00e9s, <strong>l\u2019Edu Fust\u00e9<\/strong> i el <strong>Ferran Grau<\/strong> es passejaran pels stands i backstage. I per acabar, participaran al programa <strong>Marta Royo<\/strong> amb la seva secci\u00f3 d\u2019emprenedors \u2018ADR\u2019 i <strong>Roger Franco <\/strong>amb l\u2019espai <strong>\u2018Un m\u00f3n d\u2019aplicacions\u2019<\/strong>.[\/vc_column_text][vc_empty_space height=\u00bb20px\u00bb][vc_column_text]<\/p>\n<h3>ESPECIAL DES DE LA UNIVERSITAT POMPEU FABRA- CELEBRACI\u00d3 DELS 400 PROGRAMES<\/h3>\n<p>El dimecres 20 de febrer del 2013, el programa es despla\u00e7a a l\u2019Auditori Principal de la Universitat Pompeu Fabra de Periodisme per celebrar els seus 400 programes, el dia de la R\u00e0dio i tamb\u00e9 per analitzar el passat, el present i el futur del mitj\u00e0.<br \/>\nEn la primera hora, ens acompayen Enric Frigola, Joan Armengol, David Escamilla i els guanyadors dels Premis Escamilla d\u2019enguany: Rosa Badia i Cinto Niqui; amb ells parlem dels premis i de l\u2019evoluci\u00f3 del mitj\u00e0.<\/p>\n<p>En la segona hora parlem de la r\u00e0dio i del periodisme amb 3 professionals i professors de la UPF com s\u00f3n: Salvador Alsius, Llu\u00eds Caelles i Toni Aira.<\/p>\n<p>Tamb\u00e9 analitzem el m\u00f3n del doblatge i del postgrau que es realitza a la UPF amb la seva directora, Emma Rodero i els professors: Maite Buenafuente, Camilo Garc\u00eda i Bruno Jord\u00e0. I acabem la tercera hora, amb l\u2019actuaci\u00f3 en directe dels \u201cBlaumut\u201d.[\/vc_column_text][vc_empty_space height=\u00bb20px\u00bb][vc_row_inner row_type=\u00bbrow\u00bb type=\u00bbfull_width\u00bb use_row_as_full_screen_section_slide=\u00bbno\u00bb text_align=\u00bbcenter\u00bb css_animation=\u00bb\u00bb][vc_column_inner width=\u00bb1\/4&#8243;][\/vc_column_inner][vc_column_inner width=\u00bb1\/2&#8243;][vc_gallery type=\u00bbimage_grid\u00bb images=\u00bb417,418,419,420&#8243; column_number=\u00bb3&#8243; grayscale=\u00bbno\u00bb space_between_images=\u00bbyes\u00bb][\/vc_column_inner][vc_column_inner width=\u00bb1\/4&#8243;][\/vc_column_inner][\/vc_row_inner][vc_empty_space height=\u00bb20px\u00bb][vc_column_text]<\/p>\n<h3>SANT JORDI 2013 DES DE L\u2019ATENEU BARCELON\u00c8S<\/h3>\n<p>El programa dirigit i presentat per la periodista Xantal Llavina Directe 4.0 de R\u00e0dio 4-RNE celebra la diada de Sant Jordi des de l\u2019Ateneu Barcelon\u00e8s de les 16.00 a les 19.00.<br \/>\nEn el programa es presentaran els llibres de la periodista Mar\u00eda Teresa Campos, l\u2019escriptor Ildefonso Falcones, el televisiu<br \/>\nFrank de la Jungla, el periodista Carlos del Amor, la novel\u00b7lista \u00c1ngela Becerra, els escriptors Siu Kam Wen i David Ponce i, per acabar,<br \/>\nel del comunicador David Escamilla. Acte seguit i abans que finalitzi el programa, Xantal Llavina entrevistar\u00e0 el conseller de Cultura, Ferran Mascarell, per fer una valoraci\u00f3 del dia de la rosa i el llibre.<br \/>\nAquest any, Directe 4.0 regalar\u00e0 100 llibres i 50 roses als primers oients que s\u2019acostin per veure el programa en directe. A m\u00e9s, des de l\u2019Ateneu Barcelon\u00e8s es podr\u00e0 escoltar m\u00fasica en directe de la mans de Lexu\u2019s i La Porta dels Somnis.[\/vc_column_text][vc_empty_space height=\u00bb20px\u00bb][vc_row_inner row_type=\u00bbrow\u00bb type=\u00bbfull_width\u00bb use_row_as_full_screen_section_slide=\u00bbno\u00bb text_align=\u00bbcenter\u00bb css_animation=\u00bb\u00bb][vc_column_inner width=\u00bb1\/4&#8243;][\/vc_column_inner][vc_column_inner width=\u00bb1\/2&#8243;][vc_gallery type=\u00bbimage_grid\u00bb images=\u00bb421&#8243; column_number=\u00bb3&#8243; grayscale=\u00bbno\u00bb space_between_images=\u00bbyes\u00bb][\/vc_column_inner][vc_column_inner width=\u00bb1\/4&#8243;][\/vc_column_inner][\/vc_row_inner][vc_empty_space height=\u00bb20px\u00bb][vc_column_text]<\/p>\n<h3>PROGRAMES ESPECIALS \u2013 PRIMERA TEMPORADA:<\/h3>\n<p><b>ESPECIAL DES DE LA PRES\u00d3 DE WAD-RAS<\/b><\/p>\n<p>El Dimarts 22 de novembre del 2011, el programa de R\u00e0dio 4, \u201cDirecte 4.0\u2033 que presenta i dirigeix Xantal Llavina, es va realitzar \u00edntegrament des del Centre Penitenciari de Dones de Barcelona, Wad-Ras.<\/p>\n<p><strong>\u201cDirecte 4.0\u2033 <\/strong>es volia apropar a la realitat del dia a dia que viuen les dones del centre penitenciari de Wad-Ras. En aquest programa, que es va fer des de l\u2019auditori de la pres\u00f3 amb l\u2019assist\u00e8ncia d\u2019un centenar d\u2019internes, hi van participar el president de CiU al Parlament, <strong>Oriol Pujol<\/strong>, els cantants <strong>Chenoa i David Civera<\/strong>, l\u2019actor <strong>Quim Masferrer<\/strong>, el cuiner i millor pizzer del m\u00f3n <strong>Fabi\u00e1n Mart\u00edn<\/strong>. A m\u00e9s, va comptar amb l\u2019actuaci\u00f3 de l\u2019humorista <strong>Reugenio<\/strong>.[\/vc_column_text][vc_empty_space height=\u00bb20px\u00bb][vc_column_text]<\/p>\n<h3>ESPECIAL RADIODAYS EUROPA-CCCB<\/h3>\n<p>El 15 de mar\u00e7 del 2012 el programa Directe 4.0 es va realitzar des del Centre de Cultura Contempor\u00e0nea de Barcelona (CCCB) explicant el Radiodays Europe,\u00a0 el punt de trobada de la r\u00e0dio a Europa, on es troben el Server p\u00fablic com el privat de la r\u00e0dio, amb les veus m\u00e9s destacades de la r\u00e0dio p\u00fablica i privada de Catalunya.[\/vc_column_text][vc_empty_space height=\u00bb20px\u00bb][vc_column_text]<\/p>\n<h3>ESPECIAL SANT JORDI 2012<\/h3>\n<p>El 23 d\u2019abril l\u2019equip del Directe 4.0 es despla\u00e7a a L\u2019Ateneu Barcelon\u00e8s per parlar amb els principals protagonistes del dia: els escriptors.<br \/>\nCarlos Ruiz Zaf\u00f3n ens presenta el seu darrer llibre \u201cEl Prisionero del Cielo\u201d; tamb\u00e9 ens visiten autors com Mart\u00ed Saballs, Gisela Pulido, Ricard Torquemada, Mart\u00ed Gironell, Maruja Torres i Manel Trallero entre d\u2019altres.<\/p>\n<p><b>Tot amenitzat amb la m\u00fasica en directe dels \u201cCatarres\u201d.<\/b>[\/vc_column_text][vc_empty_space height=\u00bb50px\u00bb][\/vc_column][\/vc_row][vc_row row_type=\u00bbrow\u00bb use_row_as_full_screen_section=\u00bbno\u00bb type=\u00bbfull_width\u00bb text_align=\u00bbleft\u00bb css_animation=\u00bb\u00bb][vc_column width=\u00bb1\/6&#8243;][\/vc_column][vc_column width=\u00bb2\/3&#8243;][vc_masonry_grid post_type=\u00bbpost\u00bb max_items=\u00bb-1&#8243; style=\u00bblazy\u00bb element_width=\u00bb6&#8243; grid_id=\u00bbvc_gid:1706621152698-a3ac40f6-056f-3&#8243; taxonomies=\u00bb28&#8243;][\/vc_column][vc_column width=\u00bb1\/6&#8243;][\/vc_column][\/vc_row]<\/p>\n<\/div>","protected":false},"excerpt":{"rendered":"<p>[vc_row row_type=\u00bbrow\u00bb use_row_as_full_screen_section=\u00bbno\u00bb type=\u00bbgrid\u00bb text_align=\u00bbcenter\u00bb css_animation=\u00bb\u00bb][vc_column][vc_empty_space height=\u00bb50px\u00bb][vc_column_text] ESPECIALS &#8211; DIRECTE 4.0 [\/vc_column_text][vc_separator type=\u00bbsmall\u00bb position=\u00bbcenter\u00bb color=\u00bb#1852f6&#8243; border_style=\u00bb\u00bb][vc_column_text] ESPECIAL SANT JORDI 2014 Aquest \u2018SANT JORDI 2014\u2019 de R\u00e0dio4 el viurem tamb\u00e9 al Directe 4.0 de 16h a 19h des de Pla\u00e7a de Catalunya &nbsp; Els Catarres,\u00a0Cesc Freixas\u00a0i\u00a0Gerard&#8230;<\/p>\n","protected":false},"author":1,"featured_media":0,"parent":0,"menu_order":0,"comment_status":"closed","ping_status":"closed","template":"full_width.php","meta":{"footnotes":""},"class_list":["post-408","page","type-page","status-publish","hentry"],"aioseo_notices":[],"_links":{"self":[{"href":"https:\/\/xantalllavina.com\/index.php?rest_route=\/wp\/v2\/pages\/408","targetHints":{"allow":["GET"]}}],"collection":[{"href":"https:\/\/xantalllavina.com\/index.php?rest_route=\/wp\/v2\/pages"}],"about":[{"href":"https:\/\/xantalllavina.com\/index.php?rest_route=\/wp\/v2\/types\/page"}],"author":[{"embeddable":true,"href":"https:\/\/xantalllavina.com\/index.php?rest_route=\/wp\/v2\/users\/1"}],"replies":[{"embeddable":true,"href":"https:\/\/xantalllavina.com\/index.php?rest_route=%2Fwp%2Fv2%2Fcomments&post=408"}],"version-history":[{"count":10,"href":"https:\/\/xantalllavina.com\/index.php?rest_route=\/wp\/v2\/pages\/408\/revisions"}],"predecessor-version":[{"id":4614,"href":"https:\/\/xantalllavina.com\/index.php?rest_route=\/wp\/v2\/pages\/408\/revisions\/4614"}],"wp:attachment":[{"href":"https:\/\/xantalllavina.com\/index.php?rest_route=%2Fwp%2Fv2%2Fmedia&parent=408"}],"curies":[{"name":"wp","href":"https:\/\/api.w.org\/{rel}","templated":true}]}}