{"id":4698,"date":"2024-03-18T16:55:34","date_gmt":"2024-03-18T16:55:34","guid":{"rendered":"https:\/\/xantalllavina.com\/?page_id=4698"},"modified":"2025-11-02T10:16:14","modified_gmt":"2025-11-02T10:16:14","slug":"ho-he-superat-1","status":"publish","type":"page","link":"https:\/\/xantalllavina.com\/?page_id=4698","title":{"rendered":"Ho he superat &#8211; 2a i 1a temporada"},"content":{"rendered":"<div class=\"capcalera_itemnoticia__3vqY7\" data-testid=\"item-noti-capcalera\">\n<div class=\"capcalera_infoWrapper__Ljj5J\">\n<h1 class=\"capcalera_titol__xA7Tm\" data-testid=\"item-noti-capcalera-titol\"><img decoding=\"async\" class=\"aligncenter\" src=\"https:\/\/img.3cat.cat\/multimedia\/jpg\/0\/5\/1761034485450_1920.jpg\" alt=\"Torna &quot;Ho he superat&quot;, el videop\u00f2dcast sobre hist\u00f2ries de superaci\u00f3 personal amb Xantal Llavina\" width=\"881\" height=\"661\" \/><\/h1>\n<h1 class=\"capcalera_titol__xA7Tm\" style=\"text-align: center;\" data-testid=\"item-noti-capcalera-titol\">Torna \u00abHo he superat\u00bb, el videop\u00f2dcast sobre hist\u00f2ries de superaci\u00f3 personal amb Xantal Llavina<\/h1>\n<h3 class=\"capcalera_entradeta__dSiCA\" style=\"text-align: center;\" data-testid=\"item-noti-capcalera-entradeta\"><strong>En aquesta segona temporada, Miki N\u00fa\u00f1ez, Sandro Rosell o Laia Sanz expliquen en primera persona com se n&#8217;han sortit de situacions personals o de salut molt complicades<\/strong><\/h3>\n<div class=\"itemautor_itemAutor__Gnhp4 itemautor_capcalera_noticia__bqkh5\" data-testid=\"item-autor\">\n<div class=\"itemautor_autor_wrapper___B9hx\">\n<div><\/div>\n<\/div>\n<\/div>\n<\/div>\n<\/div>\n<div class=\"stickyHeader_stickyHeader__UhM4H\" data-testid=\"item-noti-sticky\">\n<div class=\"stickyHeader_contentNoti__AtZs2\">\n<div class=\"cosNoticia_cos___Ejbm\" data-testid=\"item-noti-cos\">\n<h3 style=\"text-align: center;\"><strong>Aquesta segona temporada d'\u00bbHo he superat\u00bb, el\u00a0<a href=\"https:\/\/www.3cat.cat\/3cat\/ho-he-superat\/\" target=\"_self\">videop\u00f2dcast<\/a>\u00a0dirigit per\u00a0Xantal Llavina\u00a0veu, i molt, de\u00a0la filosofia japonesa del kintsugi, que ens ensenya a trobar la bellesa en les cicatrius que ens deixa la vida. El kintsugi \u00e9s un art que ajuda a reconstruir o reparar amb or objectes de cer\u00e0mica que s&#8217;han trencat.<\/strong><\/h3>\n<h3 style=\"text-align: center;\"><strong>En cadascun dels 8 nous cap\u00edtols disponibles a la plataforma 3Cat i l&#8217;app de Catalunya R\u00e0dio, cada protagonista comparteix el seu proc\u00e9s de superaci\u00f3 de manera honesta i profunda. El videop\u00f2dcast vol reflectir, a trav\u00e9s de cada hist\u00f2ria, la bellesa de recompondre&#8217;s despr\u00e9s de les adversitats. Les converses exploren el moment inicial del problema, la lluita per sortir-se&#8217;n i l&#8217;aprenentatge vital que suposa encarar la vida despr\u00e9s de superar grans adversitats.<\/strong><\/h3>\n<h3 style=\"text-align: center;\"><strong>Qui s&#8217;asseu aquest cop al sof\u00e0?<\/strong><\/h3>\n<h3 style=\"text-align: center;\"><strong>La segona temporada d'\u00bbHo he superat\u00bb es vertebra amb nous protagonistes populars que han superat situacions personals i de salut molt complicades. \u00abL&#8217;ansietat \u00e9s com un got que he anat omplint durant tota la vida, sense forats. Al final, vessa\u00bb.\u00a0La frase \u00e9s del cantant Miki N\u00fa\u00f1ez,\u00a0<a href=\"https:\/\/www.3cat.cat\/3cat\/t2xc1-miki-nunez-i-la-superacio-de-trastorns-de-conducta-alimentaria\/video\/6363706\/\" target=\"_blank\" rel=\"noopener\">un dels vuit entrevistats<\/a>\u00a0de la segona temporada.<\/strong><\/h3>\n<h3 style=\"text-align: center;\"><strong>Xantal Llavina conversa amb el cantant sobre tres aspectes fonamentals de la seva vida: en primer lloc, el seu trastorn alimentari, que va comen\u00e7ar als vuit anys; en segon lloc, l&#8217;\u00e8xit assolit que li ha perm\u00e8s rebre discos d&#8217;or i plat\u00ed i connectar de forma natural amb el p\u00fablic; i, finalment, la gesti\u00f3 de la salut mental, des de la recerca inicial d&#8217;un psic\u00f2leg despr\u00e9s d'\u00bbOperaci\u00f3n Triunfo\u00bb fins a trobar un professional que li va canviar la vida, i la seva estrat\u00e8gia de compondre can\u00e7ons alegres per animar-se i oferir suport als qui ho necessiten.<\/strong><\/h3>\n<h3 class=\"raw-html-embed\" style=\"text-align: center;\"><iframe id=\"instagram-embed-2\" class=\"instagram-media instagram-media-rendered\" src=\"https:\/\/www.instagram.com\/reel\/DQD3uYXjIPD\/embed\/?cr=1&amp;v=14&amp;wp=370&amp;rd=https%3A%2F%2Fwww.3cat.cat&amp;rp=%2F3catinfo%2Ftorna-ho-he-superat-el-videopodcast-sobre-histories-de-superacio-personal-amb-xantal-llavina%2Fnoticia%2F3354895%2F#%7B%22ci%22%3A2%2C%22os%22%3A11126.69999999972%2C%22ls%22%3A575.8999999999069%2C%22le%22%3A1083.5%7D\" height=\"613\" frameborder=\"0\" scrolling=\"no\" allowfullscreen=\"allowfullscreen\" data-instgrm-payload-id=\"instagram-media-payload-2\" data-mce-fragment=\"1\"><\/iframe><\/h3>\n<div class=\"text_text__RmsUL cosNoticia_textNoti__sa_BC\" data-testid=\"cos-noticia-text\">\n<h3 style=\"text-align: center;\"><strong>Recompondre&#8217;s despr\u00e9s d&#8217;una adversitat<\/strong><\/h3>\n<h3 style=\"text-align: center;\"><strong>Aix\u00f2 \u00e9s el que fan\u00a0Sandro Rosell, despr\u00e9s de la seva estada a la pres\u00f3, o\u00a0Bojan Krkic, amb la seva lluita contra l&#8217;ansietat. S&#8217;asseuen al sof\u00e0 de Xantal Llavina, en un ambient \u00edntim que afavoreix la connexi\u00f3 emocional i l&#8217;autenticitat, tot escoltant la m\u00fasica triada per cadascun d&#8217;ells.<\/strong><\/h3>\n<h3 style=\"text-align: center;\"><strong>N\u00faria Bacardit,\u00a0Marc Marginedas,\u00a0Pep Sala,\u00a0Laia Sanz\u00a0i\u00a0Albert Llovera\u00a0completen la llista de convidats d&#8217;aquesta segona temporada del videop\u00f2dcast, amb vuit converses sense filtre que exploren el moment inicial del problema, la lluita per sortir-se&#8217;n i\u00a0l&#8217;aprenentatge vital que suposa encarar la vida\u00a0despr\u00e9s de superar grans adversitats.<\/strong><\/h3>\n<h3 style=\"text-align: center;\"><strong>Reflexions de vida, al \u00abHo he superat\u00bb! Com les que van fer, a la primera temporada,\u00a0<a href=\"https:\/\/www.3cat.cat\/3cat\/elisenda-roca-a-casa-tens-por-del-que-diras-sents-que-no-vals-res\/noticia\/3286137\/\" target=\"_self\">Elisenda Roca<\/a>,\u00a0<a href=\"https:\/\/www.3cat.cat\/3cat\/joan-reig-els-crims-dabusos-sexuals-a-menors-no-poden-quedar-impunes\/noticia\/3292627\/\" target=\"_self\">Joan Reig<\/a>,\u00a0<a href=\"https:\/\/www.3cat.cat\/3cat\/paula-valls-perdre-pes-i-emmalaltir-era-una-manera-lenta-de-suicidar-me\/noticia\/3283162\/\" target=\"_self\">Paula Valls<\/a>\u00a0o\u00a0<a href=\"https:\/\/www.3cat.cat\/3cat\/raul-balam-dir-al-mon-que-soc-addicte-es-dir-li-a-la-malaltia-que-no-hi-ha-res-a-fer\/noticia\/3287383\/\" target=\"_self\">Ra\u00fcl Balam<\/a>.<\/strong><\/h3>\n<h3 style=\"text-align: center;\"><strong>Pots veure els nous cap\u00edtols d&#8217;aquesta segona temporada\u00a0<a href=\"https:\/\/www.3cat.cat\/3cat\/ho-he-superat\/\" target=\"_blank\" rel=\"noopener\">aqu\u00ed<\/a>.<\/strong><\/h3>\n<div class=\"temesrelacionats_tags__CoLk_\" data-testid=\"item-noti-tags\">\n<div class=\"temesrelacionats_header__WPCCb\">\n<div class=\"cosNoticia_cos___Ejbm\" data-testid=\"item-noti-cos\">\n<h3 class=\"text_text__RmsUL cosNoticia_textNoti__sa_BC\" style=\"text-align: center;\" data-testid=\"cos-noticia-text\"><\/h3>\n<\/div>\n<div class=\"temesrelacionats_tags__CoLk_\" data-testid=\"item-noti-tags\">\n<div class=\"temesrelacionats_header__WPCCb\">\n<h3 class=\"temesrelacionats_title__xQIih\"><\/h3>\n<\/div>\n<\/div>\n<\/div>\n<\/div>\n<\/div>\n<\/div>\n<\/div>\n<\/div>\n","protected":false},"excerpt":{"rendered":"<p>Torna \u00abHo he superat\u00bb, el videop\u00f2dcast sobre hist\u00f2ries de superaci\u00f3 personal amb Xantal Llavina En aquesta segona temporada, Miki N\u00fa\u00f1ez, Sandro Rosell o Laia Sanz expliquen en primera persona com se n&#8217;han sortit de situacions personals o de salut molt complicades Aquesta segona temporada d&#8217;\u00bbHo&#8230;<\/p>\n","protected":false},"author":1,"featured_media":0,"parent":0,"menu_order":0,"comment_status":"closed","ping_status":"closed","template":"full_width.php","meta":{"footnotes":""},"class_list":["post-4698","page","type-page","status-publish","hentry"],"aioseo_notices":[],"_links":{"self":[{"href":"https:\/\/xantalllavina.com\/index.php?rest_route=\/wp\/v2\/pages\/4698","targetHints":{"allow":["GET"]}}],"collection":[{"href":"https:\/\/xantalllavina.com\/index.php?rest_route=\/wp\/v2\/pages"}],"about":[{"href":"https:\/\/xantalllavina.com\/index.php?rest_route=\/wp\/v2\/types\/page"}],"author":[{"embeddable":true,"href":"https:\/\/xantalllavina.com\/index.php?rest_route=\/wp\/v2\/users\/1"}],"replies":[{"embeddable":true,"href":"https:\/\/xantalllavina.com\/index.php?rest_route=%2Fwp%2Fv2%2Fcomments&post=4698"}],"version-history":[{"count":14,"href":"https:\/\/xantalllavina.com\/index.php?rest_route=\/wp\/v2\/pages\/4698\/revisions"}],"predecessor-version":[{"id":4700,"href":"https:\/\/xantalllavina.com\/index.php?rest_route=\/wp\/v2\/pages\/4698\/revisions\/4700"}],"wp:attachment":[{"href":"https:\/\/xantalllavina.com\/index.php?rest_route=%2Fwp%2Fv2%2Fmedia&parent=4698"}],"curies":[{"name":"wp","href":"https:\/\/api.w.org\/{rel}","templated":true}]}}