{"id":5129,"date":"2024-11-19T11:22:43","date_gmt":"2024-11-19T11:22:43","guid":{"rendered":"https:\/\/xantalllavina.com\/?page_id=5129"},"modified":"2025-03-30T01:20:55","modified_gmt":"2025-03-30T01:20:55","slug":"empren-el-teu-futur","status":"publish","type":"page","link":"https:\/\/xantalllavina.com\/?page_id=5129","title":{"rendered":"Empr\u00e8n el teu Futur"},"content":{"rendered":"<div class=\"wpb-content-wrapper\"><p>[vc_row row_type=\u00bbrow\u00bb use_row_as_full_screen_section=\u00bbno\u00bb type=\u00bbgrid\u00bb text_align=\u00bbcenter\u00bb background_animation=\u00bbnone\u00bb css_animation=\u00bb\u00bb][vc_column][vc_empty_space height=\u00bb50px\u00bb][vc_column_text css=\u00bb\u00bb]<\/p>\n<h1>NOU LLIBRE<\/h1>\n<h1 class=\"product_title entry-title\"><strong>Empr\u00e8n el teu futur d&#8217;Ara Llibres<\/strong><\/h1>\n<h3><span class=\"by-book\">Autora: Xantal Llavina<\/span><\/h3>\n<div class=\"elementor-element elementor-element-c5e877c elementor-widget elementor-widget-text-editor\" data-id=\"c5e877c\" data-element_type=\"widget\" data-widget_type=\"text-editor.default\">\n<h3 class=\"elementor-widget-container\" style=\"text-align: center;\"><span style=\"color: #000000;\"><strong>Una guia inspiradora per a persones amb ganes de canviar el m\u00f3n i les seves vides.<\/strong><\/span><\/h3>\n<\/div>\n<div class=\"elementor-element elementor-element-be9278c elementor-widget elementor-widget-woocommerce-product-content\" data-id=\"be9278c\" data-element_type=\"widget\" data-widget_type=\"woocommerce-product-content.default\">\n<div class=\"elementor-widget-container\">\n<h3 style=\"text-align: center;\"><span style=\"color: #000000;\"><strong>A casa nostra tenim grans emprenedors i emprenedores. La Xantal Llavina els coneix b\u00e9 i vol compartir les seves hist\u00f2ries i valors perqu\u00e8 serveixin d\u2019inspiraci\u00f3.<\/strong><\/span><\/h3>\n<h3 style=\"text-align: center;\"><span style=\"color: #000000;\"><strong>L\u2019\u00e8xit es pot assolir a trav\u00e9s de moltes vies, per\u00f2 en la majoria de casos hi trobem uns valors comuns, imprescindibles per tirar endavant empreses o, simplement, per sortir-se\u2019n a la feina i a la vida. Perseveran\u00e7a, resili\u00e8ncia, creativitat, optimisme\u2026 qualitats que cal entrenar i tenir sempre ben presents per avan\u00e7ar i ser millors.<\/strong><\/span><\/h3>\n<h3 style=\"text-align: center;\"><span style=\"color: #000000;\"><strong>La Xantal Llavina ha dedicat gran part de la seva vida professional a entrevistar persones inspiradores, que han sobresortit als seus \u00e0mbits i s\u2019han convertit en referents a casa nostra i al m\u00f3n. Alhora, ha estat tamb\u00e9 emprenedora i ha impulsat projectes propis en el m\u00f3n de la comunicaci\u00f3, emmirallant-se en aquestes hist\u00f2ries. Amb aquest llibre vol compartir tot el que ha apr\u00e8s sobre com triomfar en un m\u00f3n competitiu i canviant per contribuir que m\u00e9s gent pugui fer realitat els seus somnis.<\/strong><\/span><\/h3>\n<\/div>\n<\/div>\n<div>\n<div id=\"attachment_5321\" style=\"width: 310px\" class=\"wp-caption alignleft\"><img decoding=\"async\" aria-describedby=\"caption-attachment-5321\" class=\"size-medium wp-image-5321\" src=\"https:\/\/xantalllavina.com\/wp-content\/uploads\/2025\/03\/0bb41ac3-80ae-4c01-ac76-dcbcf2a138d4-300x200.jpg\" alt=\"Xantal Llavina, Llibre.\" width=\"300\" height=\"200\" srcset=\"https:\/\/xantalllavina.com\/wp-content\/uploads\/2025\/03\/0bb41ac3-80ae-4c01-ac76-dcbcf2a138d4-300x200.jpg 300w, https:\/\/xantalllavina.com\/wp-content\/uploads\/2025\/03\/0bb41ac3-80ae-4c01-ac76-dcbcf2a138d4.jpg 640w\" sizes=\"(max-width: 300px) 100vw, 300px\" \/><p id=\"caption-attachment-5321\" class=\"wp-caption-text\">Xantal Llavina, Llibre.<\/p><\/div>\n<p><img decoding=\"async\" class=\"size-medium wp-image-5322 alignleft\" src=\"https:\/\/xantalllavina.com\/wp-content\/uploads\/2025\/03\/1d04a86b-9302-4851-a47b-b39c25e098d3-300x200.jpg\" alt=\"\" width=\"300\" height=\"200\" srcset=\"https:\/\/xantalllavina.com\/wp-content\/uploads\/2025\/03\/1d04a86b-9302-4851-a47b-b39c25e098d3-300x200.jpg 300w, https:\/\/xantalllavina.com\/wp-content\/uploads\/2025\/03\/1d04a86b-9302-4851-a47b-b39c25e098d3-1024x682.jpg 1024w, https:\/\/xantalllavina.com\/wp-content\/uploads\/2025\/03\/1d04a86b-9302-4851-a47b-b39c25e098d3-768x512.jpg 768w, https:\/\/xantalllavina.com\/wp-content\/uploads\/2025\/03\/1d04a86b-9302-4851-a47b-b39c25e098d3-1536x1023.jpg 1536w, https:\/\/xantalllavina.com\/wp-content\/uploads\/2025\/03\/1d04a86b-9302-4851-a47b-b39c25e098d3-700x466.jpg 700w, https:\/\/xantalllavina.com\/wp-content\/uploads\/2025\/03\/1d04a86b-9302-4851-a47b-b39c25e098d3-1100x733.jpg 1100w, https:\/\/xantalllavina.com\/wp-content\/uploads\/2025\/03\/1d04a86b-9302-4851-a47b-b39c25e098d3.jpg 1600w\" sizes=\"(max-width: 300px) 100vw, 300px\" \/><img decoding=\"async\" class=\"size-medium wp-image-5323 alignleft\" src=\"https:\/\/xantalllavina.com\/wp-content\/uploads\/2025\/03\/2f1e8e73-a7dd-4ea4-b385-2a77a2f6c715-300x200.jpg\" alt=\"\" width=\"300\" height=\"200\" srcset=\"https:\/\/xantalllavina.com\/wp-content\/uploads\/2025\/03\/2f1e8e73-a7dd-4ea4-b385-2a77a2f6c715-300x200.jpg 300w, https:\/\/xantalllavina.com\/wp-content\/uploads\/2025\/03\/2f1e8e73-a7dd-4ea4-b385-2a77a2f6c715.jpg 640w\" sizes=\"(max-width: 300px) 100vw, 300px\" \/><img decoding=\"async\" class=\"size-medium wp-image-5324 alignleft\" src=\"https:\/\/xantalllavina.com\/wp-content\/uploads\/2025\/03\/3f6e020b-8652-41a3-9a01-dd578173533c-300x200.jpg\" alt=\"\" width=\"300\" height=\"200\" srcset=\"https:\/\/xantalllavina.com\/wp-content\/uploads\/2025\/03\/3f6e020b-8652-41a3-9a01-dd578173533c-300x200.jpg 300w, https:\/\/xantalllavina.com\/wp-content\/uploads\/2025\/03\/3f6e020b-8652-41a3-9a01-dd578173533c-1024x682.jpg 1024w, https:\/\/xantalllavina.com\/wp-content\/uploads\/2025\/03\/3f6e020b-8652-41a3-9a01-dd578173533c-768x512.jpg 768w, https:\/\/xantalllavina.com\/wp-content\/uploads\/2025\/03\/3f6e020b-8652-41a3-9a01-dd578173533c-1536x1023.jpg 1536w, https:\/\/xantalllavina.com\/wp-content\/uploads\/2025\/03\/3f6e020b-8652-41a3-9a01-dd578173533c-700x466.jpg 700w, https:\/\/xantalllavina.com\/wp-content\/uploads\/2025\/03\/3f6e020b-8652-41a3-9a01-dd578173533c-1100x733.jpg 1100w, https:\/\/xantalllavina.com\/wp-content\/uploads\/2025\/03\/3f6e020b-8652-41a3-9a01-dd578173533c.jpg 1600w\" sizes=\"(max-width: 300px) 100vw, 300px\" \/><img decoding=\"async\" class=\"size-medium wp-image-5325 alignleft\" src=\"https:\/\/xantalllavina.com\/wp-content\/uploads\/2025\/03\/4f030c92-0d15-47c9-a446-7a106ffd1314-300x200.jpg\" alt=\"\" width=\"300\" height=\"200\" srcset=\"https:\/\/xantalllavina.com\/wp-content\/uploads\/2025\/03\/4f030c92-0d15-47c9-a446-7a106ffd1314-300x200.jpg 300w, https:\/\/xantalllavina.com\/wp-content\/uploads\/2025\/03\/4f030c92-0d15-47c9-a446-7a106ffd1314.jpg 640w\" sizes=\"(max-width: 300px) 100vw, 300px\" \/><img decoding=\"async\" class=\"size-medium wp-image-5326 alignleft\" src=\"https:\/\/xantalllavina.com\/wp-content\/uploads\/2025\/03\/9dc73b91-f367-4a17-ade2-fc9604b049e1-300x200.jpg\" alt=\"\" width=\"300\" height=\"200\" srcset=\"https:\/\/xantalllavina.com\/wp-content\/uploads\/2025\/03\/9dc73b91-f367-4a17-ade2-fc9604b049e1-300x200.jpg 300w, https:\/\/xantalllavina.com\/wp-content\/uploads\/2025\/03\/9dc73b91-f367-4a17-ade2-fc9604b049e1-1024x682.jpg 1024w, https:\/\/xantalllavina.com\/wp-content\/uploads\/2025\/03\/9dc73b91-f367-4a17-ade2-fc9604b049e1-768x512.jpg 768w, https:\/\/xantalllavina.com\/wp-content\/uploads\/2025\/03\/9dc73b91-f367-4a17-ade2-fc9604b049e1-1536x1023.jpg 1536w, https:\/\/xantalllavina.com\/wp-content\/uploads\/2025\/03\/9dc73b91-f367-4a17-ade2-fc9604b049e1-700x466.jpg 700w, https:\/\/xantalllavina.com\/wp-content\/uploads\/2025\/03\/9dc73b91-f367-4a17-ade2-fc9604b049e1-1100x733.jpg 1100w, https:\/\/xantalllavina.com\/wp-content\/uploads\/2025\/03\/9dc73b91-f367-4a17-ade2-fc9604b049e1.jpg 1600w\" sizes=\"(max-width: 300px) 100vw, 300px\" \/><img decoding=\"async\" class=\"size-medium wp-image-5327 alignleft\" src=\"https:\/\/xantalllavina.com\/wp-content\/uploads\/2025\/03\/73f45e53-917d-46f7-a162-04464c9a5216-300x200.jpg\" alt=\"\" width=\"300\" height=\"200\" srcset=\"https:\/\/xantalllavina.com\/wp-content\/uploads\/2025\/03\/73f45e53-917d-46f7-a162-04464c9a5216-300x200.jpg 300w, https:\/\/xantalllavina.com\/wp-content\/uploads\/2025\/03\/73f45e53-917d-46f7-a162-04464c9a5216.jpg 640w\" sizes=\"(max-width: 300px) 100vw, 300px\" \/><img decoding=\"async\" class=\"size-medium wp-image-5328 alignleft\" src=\"https:\/\/xantalllavina.com\/wp-content\/uploads\/2025\/03\/145cdaaf-1929-40a2-b342-1011cd9d2d9a-300x200.jpg\" alt=\"\" width=\"300\" height=\"200\" srcset=\"https:\/\/xantalllavina.com\/wp-content\/uploads\/2025\/03\/145cdaaf-1929-40a2-b342-1011cd9d2d9a-300x200.jpg 300w, https:\/\/xantalllavina.com\/wp-content\/uploads\/2025\/03\/145cdaaf-1929-40a2-b342-1011cd9d2d9a.jpg 640w\" sizes=\"(max-width: 300px) 100vw, 300px\" \/><img decoding=\"async\" class=\"size-medium wp-image-5329 alignleft\" src=\"https:\/\/xantalllavina.com\/wp-content\/uploads\/2025\/03\/709eb296-703f-464e-b777-9f3050be9fb1-300x200.jpg\" alt=\"\" width=\"300\" height=\"200\" srcset=\"https:\/\/xantalllavina.com\/wp-content\/uploads\/2025\/03\/709eb296-703f-464e-b777-9f3050be9fb1-300x200.jpg 300w, https:\/\/xantalllavina.com\/wp-content\/uploads\/2025\/03\/709eb296-703f-464e-b777-9f3050be9fb1-1024x682.jpg 1024w, https:\/\/xantalllavina.com\/wp-content\/uploads\/2025\/03\/709eb296-703f-464e-b777-9f3050be9fb1-768x512.jpg 768w, https:\/\/xantalllavina.com\/wp-content\/uploads\/2025\/03\/709eb296-703f-464e-b777-9f3050be9fb1-1536x1023.jpg 1536w, https:\/\/xantalllavina.com\/wp-content\/uploads\/2025\/03\/709eb296-703f-464e-b777-9f3050be9fb1-700x466.jpg 700w, https:\/\/xantalllavina.com\/wp-content\/uploads\/2025\/03\/709eb296-703f-464e-b777-9f3050be9fb1-1100x733.jpg 1100w, https:\/\/xantalllavina.com\/wp-content\/uploads\/2025\/03\/709eb296-703f-464e-b777-9f3050be9fb1.jpg 1600w\" sizes=\"(max-width: 300px) 100vw, 300px\" \/><img decoding=\"async\" class=\"size-medium wp-image-5330 alignleft\" src=\"https:\/\/xantalllavina.com\/wp-content\/uploads\/2025\/03\/0909a077-17b2-48d8-9232-9510d136dbe7-300x200.jpg\" alt=\"\" width=\"300\" height=\"200\" srcset=\"https:\/\/xantalllavina.com\/wp-content\/uploads\/2025\/03\/0909a077-17b2-48d8-9232-9510d136dbe7-300x200.jpg 300w, https:\/\/xantalllavina.com\/wp-content\/uploads\/2025\/03\/0909a077-17b2-48d8-9232-9510d136dbe7-1024x682.jpg 1024w, https:\/\/xantalllavina.com\/wp-content\/uploads\/2025\/03\/0909a077-17b2-48d8-9232-9510d136dbe7-768x512.jpg 768w, https:\/\/xantalllavina.com\/wp-content\/uploads\/2025\/03\/0909a077-17b2-48d8-9232-9510d136dbe7-1536x1023.jpg 1536w, https:\/\/xantalllavina.com\/wp-content\/uploads\/2025\/03\/0909a077-17b2-48d8-9232-9510d136dbe7-700x466.jpg 700w, https:\/\/xantalllavina.com\/wp-content\/uploads\/2025\/03\/0909a077-17b2-48d8-9232-9510d136dbe7-1100x733.jpg 1100w, https:\/\/xantalllavina.com\/wp-content\/uploads\/2025\/03\/0909a077-17b2-48d8-9232-9510d136dbe7.jpg 1600w\" sizes=\"(max-width: 300px) 100vw, 300px\" \/><img decoding=\"async\" class=\"size-medium wp-image-5331 alignleft\" src=\"https:\/\/xantalllavina.com\/wp-content\/uploads\/2025\/03\/99464b93-4cae-4e64-bfcc-d109ff663d7b-300x200.jpg\" alt=\"\" width=\"300\" height=\"200\" srcset=\"https:\/\/xantalllavina.com\/wp-content\/uploads\/2025\/03\/99464b93-4cae-4e64-bfcc-d109ff663d7b-300x200.jpg 300w, https:\/\/xantalllavina.com\/wp-content\/uploads\/2025\/03\/99464b93-4cae-4e64-bfcc-d109ff663d7b.jpg 640w\" sizes=\"(max-width: 300px) 100vw, 300px\" \/><img decoding=\"async\" class=\"size-medium wp-image-5332 alignleft\" src=\"https:\/\/xantalllavina.com\/wp-content\/uploads\/2025\/03\/a00eb3d8-27c4-433e-84cc-b4531fa8f7c1-300x200.jpg\" alt=\"\" width=\"300\" height=\"200\" srcset=\"https:\/\/xantalllavina.com\/wp-content\/uploads\/2025\/03\/a00eb3d8-27c4-433e-84cc-b4531fa8f7c1-300x200.jpg 300w, https:\/\/xantalllavina.com\/wp-content\/uploads\/2025\/03\/a00eb3d8-27c4-433e-84cc-b4531fa8f7c1.jpg 640w\" sizes=\"(max-width: 300px) 100vw, 300px\" \/><img decoding=\"async\" class=\"size-medium wp-image-5333 alignleft\" src=\"https:\/\/xantalllavina.com\/wp-content\/uploads\/2025\/03\/a135f804-9239-44e7-ace1-5ab8e4c0cabc-300x200.jpg\" alt=\"\" width=\"300\" height=\"200\" srcset=\"https:\/\/xantalllavina.com\/wp-content\/uploads\/2025\/03\/a135f804-9239-44e7-ace1-5ab8e4c0cabc-300x200.jpg 300w, https:\/\/xantalllavina.com\/wp-content\/uploads\/2025\/03\/a135f804-9239-44e7-ace1-5ab8e4c0cabc.jpg 640w\" sizes=\"(max-width: 300px) 100vw, 300px\" \/><img decoding=\"async\" class=\"size-medium wp-image-5334 alignleft\" src=\"https:\/\/xantalllavina.com\/wp-content\/uploads\/2025\/03\/ad709da5-27f1-436a-a2cb-72e5ac0bde79-300x200.jpg\" alt=\"\" width=\"300\" height=\"200\" srcset=\"https:\/\/xantalllavina.com\/wp-content\/uploads\/2025\/03\/ad709da5-27f1-436a-a2cb-72e5ac0bde79-300x200.jpg 300w, https:\/\/xantalllavina.com\/wp-content\/uploads\/2025\/03\/ad709da5-27f1-436a-a2cb-72e5ac0bde79-1024x682.jpg 1024w, https:\/\/xantalllavina.com\/wp-content\/uploads\/2025\/03\/ad709da5-27f1-436a-a2cb-72e5ac0bde79-768x512.jpg 768w, https:\/\/xantalllavina.com\/wp-content\/uploads\/2025\/03\/ad709da5-27f1-436a-a2cb-72e5ac0bde79-1536x1023.jpg 1536w, https:\/\/xantalllavina.com\/wp-content\/uploads\/2025\/03\/ad709da5-27f1-436a-a2cb-72e5ac0bde79-700x466.jpg 700w, https:\/\/xantalllavina.com\/wp-content\/uploads\/2025\/03\/ad709da5-27f1-436a-a2cb-72e5ac0bde79-1100x733.jpg 1100w, https:\/\/xantalllavina.com\/wp-content\/uploads\/2025\/03\/ad709da5-27f1-436a-a2cb-72e5ac0bde79.jpg 1600w\" sizes=\"(max-width: 300px) 100vw, 300px\" \/><img decoding=\"async\" class=\"size-medium wp-image-5335 alignleft\" src=\"https:\/\/xantalllavina.com\/wp-content\/uploads\/2025\/03\/bb097b25-7213-41b3-a5bc-da6a7c1bf965-300x200.jpg\" alt=\"\" width=\"300\" height=\"200\" srcset=\"https:\/\/xantalllavina.com\/wp-content\/uploads\/2025\/03\/bb097b25-7213-41b3-a5bc-da6a7c1bf965-300x200.jpg 300w, https:\/\/xantalllavina.com\/wp-content\/uploads\/2025\/03\/bb097b25-7213-41b3-a5bc-da6a7c1bf965-1024x682.jpg 1024w, https:\/\/xantalllavina.com\/wp-content\/uploads\/2025\/03\/bb097b25-7213-41b3-a5bc-da6a7c1bf965-768x512.jpg 768w, https:\/\/xantalllavina.com\/wp-content\/uploads\/2025\/03\/bb097b25-7213-41b3-a5bc-da6a7c1bf965-1536x1023.jpg 1536w, https:\/\/xantalllavina.com\/wp-content\/uploads\/2025\/03\/bb097b25-7213-41b3-a5bc-da6a7c1bf965-700x466.jpg 700w, https:\/\/xantalllavina.com\/wp-content\/uploads\/2025\/03\/bb097b25-7213-41b3-a5bc-da6a7c1bf965-1100x733.jpg 1100w, https:\/\/xantalllavina.com\/wp-content\/uploads\/2025\/03\/bb097b25-7213-41b3-a5bc-da6a7c1bf965.jpg 1600w\" sizes=\"(max-width: 300px) 100vw, 300px\" \/><img decoding=\"async\" class=\"size-medium wp-image-5336 alignleft\" src=\"https:\/\/xantalllavina.com\/wp-content\/uploads\/2025\/03\/c8a7fb3f-6636-41ba-a3da-7717eb48f9e6-300x200.jpg\" alt=\"\" width=\"300\" height=\"200\" srcset=\"https:\/\/xantalllavina.com\/wp-content\/uploads\/2025\/03\/c8a7fb3f-6636-41ba-a3da-7717eb48f9e6-300x200.jpg 300w, https:\/\/xantalllavina.com\/wp-content\/uploads\/2025\/03\/c8a7fb3f-6636-41ba-a3da-7717eb48f9e6-1024x682.jpg 1024w, https:\/\/xantalllavina.com\/wp-content\/uploads\/2025\/03\/c8a7fb3f-6636-41ba-a3da-7717eb48f9e6-768x512.jpg 768w, https:\/\/xantalllavina.com\/wp-content\/uploads\/2025\/03\/c8a7fb3f-6636-41ba-a3da-7717eb48f9e6-1536x1023.jpg 1536w, https:\/\/xantalllavina.com\/wp-content\/uploads\/2025\/03\/c8a7fb3f-6636-41ba-a3da-7717eb48f9e6-700x466.jpg 700w, https:\/\/xantalllavina.com\/wp-content\/uploads\/2025\/03\/c8a7fb3f-6636-41ba-a3da-7717eb48f9e6-1100x733.jpg 1100w, https:\/\/xantalllavina.com\/wp-content\/uploads\/2025\/03\/c8a7fb3f-6636-41ba-a3da-7717eb48f9e6.jpg 1600w\" sizes=\"(max-width: 300px) 100vw, 300px\" \/><img decoding=\"async\" class=\"size-medium wp-image-5337 alignleft\" src=\"https:\/\/xantalllavina.com\/wp-content\/uploads\/2025\/03\/c58f670c-4536-49bc-b513-37ab53ab9e88-300x200.jpg\" alt=\"\" width=\"300\" height=\"200\" srcset=\"https:\/\/xantalllavina.com\/wp-content\/uploads\/2025\/03\/c58f670c-4536-49bc-b513-37ab53ab9e88-300x200.jpg 300w, https:\/\/xantalllavina.com\/wp-content\/uploads\/2025\/03\/c58f670c-4536-49bc-b513-37ab53ab9e88-1024x682.jpg 1024w, https:\/\/xantalllavina.com\/wp-content\/uploads\/2025\/03\/c58f670c-4536-49bc-b513-37ab53ab9e88-768x512.jpg 768w, https:\/\/xantalllavina.com\/wp-content\/uploads\/2025\/03\/c58f670c-4536-49bc-b513-37ab53ab9e88-1536x1023.jpg 1536w, https:\/\/xantalllavina.com\/wp-content\/uploads\/2025\/03\/c58f670c-4536-49bc-b513-37ab53ab9e88-700x466.jpg 700w, https:\/\/xantalllavina.com\/wp-content\/uploads\/2025\/03\/c58f670c-4536-49bc-b513-37ab53ab9e88-1100x733.jpg 1100w, https:\/\/xantalllavina.com\/wp-content\/uploads\/2025\/03\/c58f670c-4536-49bc-b513-37ab53ab9e88.jpg 1600w\" sizes=\"(max-width: 300px) 100vw, 300px\" \/><img decoding=\"async\" class=\"size-medium wp-image-5338 alignleft\" src=\"https:\/\/xantalllavina.com\/wp-content\/uploads\/2025\/03\/c83f339f-7455-4c2e-b7f1-a59d3199b372-300x200.jpg\" alt=\"\" width=\"300\" height=\"200\" srcset=\"https:\/\/xantalllavina.com\/wp-content\/uploads\/2025\/03\/c83f339f-7455-4c2e-b7f1-a59d3199b372-300x200.jpg 300w, https:\/\/xantalllavina.com\/wp-content\/uploads\/2025\/03\/c83f339f-7455-4c2e-b7f1-a59d3199b372.jpg 640w\" sizes=\"(max-width: 300px) 100vw, 300px\" \/><img decoding=\"async\" class=\"size-medium wp-image-5339 alignleft\" src=\"https:\/\/xantalllavina.com\/wp-content\/uploads\/2025\/03\/e16e8e0d-a27b-4bdd-8b19-73cdd6bb399c-300x200.jpg\" alt=\"\" width=\"300\" height=\"200\" srcset=\"https:\/\/xantalllavina.com\/wp-content\/uploads\/2025\/03\/e16e8e0d-a27b-4bdd-8b19-73cdd6bb399c-300x200.jpg 300w, https:\/\/xantalllavina.com\/wp-content\/uploads\/2025\/03\/e16e8e0d-a27b-4bdd-8b19-73cdd6bb399c.jpg 640w\" sizes=\"(max-width: 300px) 100vw, 300px\" \/><img decoding=\"async\" class=\"size-medium wp-image-5340 alignleft\" src=\"https:\/\/xantalllavina.com\/wp-content\/uploads\/2025\/03\/e693ed30-c71b-40fb-ac5f-8473a3e93fbc-300x200.jpg\" alt=\"\" width=\"300\" height=\"200\" srcset=\"https:\/\/xantalllavina.com\/wp-content\/uploads\/2025\/03\/e693ed30-c71b-40fb-ac5f-8473a3e93fbc-300x200.jpg 300w, https:\/\/xantalllavina.com\/wp-content\/uploads\/2025\/03\/e693ed30-c71b-40fb-ac5f-8473a3e93fbc.jpg 640w\" sizes=\"(max-width: 300px) 100vw, 300px\" \/><img decoding=\"async\" class=\"size-medium wp-image-5341 alignleft\" src=\"https:\/\/xantalllavina.com\/wp-content\/uploads\/2025\/03\/e5001e5b-8112-442f-bf15-9e638e587a52-300x200.jpg\" alt=\"\" width=\"300\" height=\"200\" srcset=\"https:\/\/xantalllavina.com\/wp-content\/uploads\/2025\/03\/e5001e5b-8112-442f-bf15-9e638e587a52-300x200.jpg 300w, https:\/\/xantalllavina.com\/wp-content\/uploads\/2025\/03\/e5001e5b-8112-442f-bf15-9e638e587a52-1024x682.jpg 1024w, https:\/\/xantalllavina.com\/wp-content\/uploads\/2025\/03\/e5001e5b-8112-442f-bf15-9e638e587a52-768x512.jpg 768w, https:\/\/xantalllavina.com\/wp-content\/uploads\/2025\/03\/e5001e5b-8112-442f-bf15-9e638e587a52-1536x1023.jpg 1536w, https:\/\/xantalllavina.com\/wp-content\/uploads\/2025\/03\/e5001e5b-8112-442f-bf15-9e638e587a52-700x466.jpg 700w, https:\/\/xantalllavina.com\/wp-content\/uploads\/2025\/03\/e5001e5b-8112-442f-bf15-9e638e587a52-1100x733.jpg 1100w, https:\/\/xantalllavina.com\/wp-content\/uploads\/2025\/03\/e5001e5b-8112-442f-bf15-9e638e587a52.jpg 1600w\" sizes=\"(max-width: 300px) 100vw, 300px\" \/><img decoding=\"async\" class=\"size-medium wp-image-5342 alignleft\" src=\"https:\/\/xantalllavina.com\/wp-content\/uploads\/2025\/03\/ea469c2e-144b-4683-80c4-cc790031c24b-300x200.jpg\" alt=\"\" width=\"300\" height=\"200\" srcset=\"https:\/\/xantalllavina.com\/wp-content\/uploads\/2025\/03\/ea469c2e-144b-4683-80c4-cc790031c24b-300x200.jpg 300w, https:\/\/xantalllavina.com\/wp-content\/uploads\/2025\/03\/ea469c2e-144b-4683-80c4-cc790031c24b-1024x682.jpg 1024w, https:\/\/xantalllavina.com\/wp-content\/uploads\/2025\/03\/ea469c2e-144b-4683-80c4-cc790031c24b-768x512.jpg 768w, https:\/\/xantalllavina.com\/wp-content\/uploads\/2025\/03\/ea469c2e-144b-4683-80c4-cc790031c24b-1536x1023.jpg 1536w, https:\/\/xantalllavina.com\/wp-content\/uploads\/2025\/03\/ea469c2e-144b-4683-80c4-cc790031c24b-700x466.jpg 700w, https:\/\/xantalllavina.com\/wp-content\/uploads\/2025\/03\/ea469c2e-144b-4683-80c4-cc790031c24b-1100x733.jpg 1100w, https:\/\/xantalllavina.com\/wp-content\/uploads\/2025\/03\/ea469c2e-144b-4683-80c4-cc790031c24b.jpg 1600w\" sizes=\"(max-width: 300px) 100vw, 300px\" \/><img decoding=\"async\" class=\"size-medium wp-image-5343 alignleft\" src=\"https:\/\/xantalllavina.com\/wp-content\/uploads\/2025\/03\/ec9cb449-263c-4a3d-bcef-80cbbcf25090-300x200.jpg\" alt=\"\" width=\"300\" height=\"200\" srcset=\"https:\/\/xantalllavina.com\/wp-content\/uploads\/2025\/03\/ec9cb449-263c-4a3d-bcef-80cbbcf25090-300x200.jpg 300w, https:\/\/xantalllavina.com\/wp-content\/uploads\/2025\/03\/ec9cb449-263c-4a3d-bcef-80cbbcf25090.jpg 640w\" sizes=\"(max-width: 300px) 100vw, 300px\" \/><img decoding=\"async\" class=\"size-medium wp-image-5344 alignleft\" src=\"https:\/\/xantalllavina.com\/wp-content\/uploads\/2025\/03\/fc8176cc-eb9c-44c1-8952-0a925b8ba1a7-300x200.jpg\" alt=\"\" width=\"300\" height=\"200\" srcset=\"https:\/\/xantalllavina.com\/wp-content\/uploads\/2025\/03\/fc8176cc-eb9c-44c1-8952-0a925b8ba1a7-300x200.jpg 300w, https:\/\/xantalllavina.com\/wp-content\/uploads\/2025\/03\/fc8176cc-eb9c-44c1-8952-0a925b8ba1a7-1024x682.jpg 1024w, https:\/\/xantalllavina.com\/wp-content\/uploads\/2025\/03\/fc8176cc-eb9c-44c1-8952-0a925b8ba1a7-768x512.jpg 768w, https:\/\/xantalllavina.com\/wp-content\/uploads\/2025\/03\/fc8176cc-eb9c-44c1-8952-0a925b8ba1a7-1536x1023.jpg 1536w, https:\/\/xantalllavina.com\/wp-content\/uploads\/2025\/03\/fc8176cc-eb9c-44c1-8952-0a925b8ba1a7-700x466.jpg 700w, https:\/\/xantalllavina.com\/wp-content\/uploads\/2025\/03\/fc8176cc-eb9c-44c1-8952-0a925b8ba1a7-1100x733.jpg 1100w, https:\/\/xantalllavina.com\/wp-content\/uploads\/2025\/03\/fc8176cc-eb9c-44c1-8952-0a925b8ba1a7.jpg 1600w\" sizes=\"(max-width: 300px) 100vw, 300px\" \/><\/p>\n<\/div>\n<p>[\/vc_column_text][vc_separator type=\u00bbsmall\u00bb position=\u00bbcenter\u00bb border_style=\u00bb\u00bb color=\u00bb#1852f6&#8243;][vc_row_inner row_type=\u00bbrow\u00bb type=\u00bbfull_width\u00bb use_row_as_full_screen_section_slide=\u00bbno\u00bb text_align=\u00bbleft\u00bb css_animation=\u00bb\u00bb][vc_column_inner width=\u00bb1\/3&#8243;][vc_single_image image=\u00bb5126&#8243; img_size=\u00bblarge\u00bb onclick=\u00bblink_image\u00bb css=\u00bb\u00bb qode_css_animation=\u00bb\u00bb][\/vc_column_inner][vc_column_inner width=\u00bb2\/3&#8243;][vc_column_text][\/vc_column_text][vc_empty_space height=\u00bb20px\u00bb][vc_column_text css=\u00bb\u00bb]<\/p>\n<div class=\"elementor-element elementor-element-8f0c2a4 elementor-widget elementor-widget-text-editor\" data-id=\"8f0c2a4\" data-element_type=\"widget\" data-widget_type=\"text-editor.default\">\n<h4 class=\"elementor-widget-container\" style=\"text-align: center;\"><span style=\"color: #000000;\"><strong>Fa dos anys anys a la Xantal Llavina un diagn\u00f2stic li va canviar completament la mirada cap al seu futur.<\/strong><\/span><\/h4>\n<\/div>\n<h4 class=\"elementor-widget-container\" style=\"text-align: center;\"><span style=\"color: #000000;\"><strong>Una guia inspiradora per a persones amb ganes de canviar el m\u00f3n i les seves vides.<\/strong><\/span><\/h4>\n<h4 style=\"text-align: center;\"><\/h4>\n<div class=\"elementor-element elementor-element-be9278c elementor-widget elementor-widget-woocommerce-product-content\" data-id=\"be9278c\" data-element_type=\"widget\" data-widget_type=\"woocommerce-product-content.default\">\n<div class=\"elementor-widget-container\">\n<h4 style=\"text-align: center;\"><span style=\"color: #000000;\"><strong>A casa nostra tenim grans emprenedors i emprenedores. La Xantal Llavina els coneix b\u00e9 i vol compartir les seves hist\u00f2ries i valors perqu\u00e8 serveixin d\u2019inspiraci\u00f3.<\/strong><\/span><\/h4>\n<h4 style=\"text-align: center;\"><\/h4>\n<h4 style=\"text-align: center;\"><span style=\"color: #000000;\"><strong>L\u2019\u00e8xit es pot assolir a trav\u00e9s de moltes vies, per\u00f2 en la majoria de casos hi trobem uns valors comuns, imprescindibles per tirar endavant empreses o, simplement, per sortir-se\u2019n a la feina i a la vida. Perseveran\u00e7a, resili\u00e8ncia, creativitat, optimisme\u2026 qualitats que cal entrenar i tenir sempre ben presents per avan\u00e7ar i ser millors.<\/strong><\/span><\/h4>\n<h4 style=\"text-align: center;\"><\/h4>\n<h4 style=\"text-align: center;\"><span style=\"color: #000000;\"><strong>La Xantal Llavina ha dedicat gran part de la seva vida professional a entrevistar persones inspiradores, que han sobresortit als seus \u00e0mbits i s\u2019han convertit en referents a casa nostra i al m\u00f3n. Alhora, ha estat tamb\u00e9 emprenedora i ha impulsat projectes propis en el m\u00f3n de la comunicaci\u00f3, emmirallant-se en aquestes hist\u00f2ries. Amb aquest llibre vol compartir tot el que ha apr\u00e8s sobre com triomfar en un m\u00f3n competitiu i canviant per contribuir que m\u00e9s gent pugui fer realitat els seus somnis.<\/strong><\/span><\/h4>\n<\/div>\n<\/div>\n<p>[\/vc_column_text][vc_empty_space height=\u00bb20px\u00bb][vc_column_text css=\u00bb\u00bb]<\/p>\n<div><\/div>\n<div><\/div>\n<div><a href=\"https:\/\/arallibres.cat\/cataleg\/empren-el-teu-futur\/\" target=\"_blank\"  class=\"qbutton \" style=\"\">COMPRAR LLIBRE<\/a><\/div>\n<p>[\/vc_column_text][vc_column_text][\/vc_column_text][\/vc_column_inner][\/vc_row_inner][vc_empty_space height=\u00bb50px\u00bb][vc_empty_space height=\u00bb50px\u00bb][\/vc_column][\/vc_row]<\/p>\n<\/div>","protected":false},"excerpt":{"rendered":"<p>[vc_row row_type=\u00bbrow\u00bb use_row_as_full_screen_section=\u00bbno\u00bb type=\u00bbgrid\u00bb text_align=\u00bbcenter\u00bb background_animation=\u00bbnone\u00bb css_animation=\u00bb\u00bb][vc_column][vc_empty_space height=\u00bb50px\u00bb][vc_column_text css=\u00bb\u00bb] NOU LLIBRE Empr\u00e8n el teu futur d&#8217;Ara Llibres Autora: Xantal Llavina Una guia inspiradora per a persones amb ganes de canviar el m\u00f3n i les seves vides. A casa nostra tenim grans emprenedors i emprenedores. La&#8230;<\/p>\n","protected":false},"author":1,"featured_media":0,"parent":0,"menu_order":0,"comment_status":"closed","ping_status":"closed","template":"","meta":{"footnotes":""},"class_list":["post-5129","page","type-page","status-publish","hentry"],"aioseo_notices":[],"_links":{"self":[{"href":"https:\/\/xantalllavina.com\/index.php?rest_route=\/wp\/v2\/pages\/5129","targetHints":{"allow":["GET"]}}],"collection":[{"href":"https:\/\/xantalllavina.com\/index.php?rest_route=\/wp\/v2\/pages"}],"about":[{"href":"https:\/\/xantalllavina.com\/index.php?rest_route=\/wp\/v2\/types\/page"}],"author":[{"embeddable":true,"href":"https:\/\/xantalllavina.com\/index.php?rest_route=\/wp\/v2\/users\/1"}],"replies":[{"embeddable":true,"href":"https:\/\/xantalllavina.com\/index.php?rest_route=%2Fwp%2Fv2%2Fcomments&post=5129"}],"version-history":[{"count":17,"href":"https:\/\/xantalllavina.com\/index.php?rest_route=\/wp\/v2\/pages\/5129\/revisions"}],"predecessor-version":[{"id":5348,"href":"https:\/\/xantalllavina.com\/index.php?rest_route=\/wp\/v2\/pages\/5129\/revisions\/5348"}],"wp:attachment":[{"href":"https:\/\/xantalllavina.com\/index.php?rest_route=%2Fwp%2Fv2%2Fmedia&parent=5129"}],"curies":[{"name":"wp","href":"https:\/\/api.w.org\/{rel}","templated":true}]}}