{"id":94,"date":"2017-01-27T13:19:05","date_gmt":"2017-01-27T13:19:05","guid":{"rendered":"https:\/\/www.educamadrid.net\/wp\/?page_id=94"},"modified":"2024-01-30T13:27:18","modified_gmt":"2024-01-30T13:27:18","slug":"tercera-temporada-directe-4-0","status":"publish","type":"page","link":"https:\/\/xantalllavina.com\/?page_id=94","title":{"rendered":"Tercera Temporada Directe 4.0"},"content":{"rendered":"<div class=\"wpb-content-wrapper\"><p>[vc_row row_type=\u00bbrow\u00bb use_row_as_full_screen_section=\u00bbno\u00bb type=\u00bbgrid\u00bb text_align=\u00bbcenter\u00bb css_animation=\u00bb\u00bb][vc_column][vc_empty_space height=\u00bb50px\u00bb][vc_column_text]<\/p>\n<h1>TERCERA TEMPORADA DIRECTE 4.0<\/h1>\n<p>[\/vc_column_text][vc_separator type=\u00bbsmall\u00bb position=\u00bbcenter\u00bb color=\u00bb#1852f6&#8243; border_style=\u00bb\u00bb][vc_column_text]<\/p>\n<h3 style=\"text-align: center;\">Tercera temporada \u201cDIRECTE 4.0\u201d 2013-2014:<\/h3>\n<p style=\"text-align: center;\">Directe 4.0 programa de R\u00e0dio 4 RNE dirigit i presentat per Xantal Llavina<\/p>\n<h3 style=\"text-align: center;\">De Dilluns a Divendres de 16h a 19h.<\/h3>\n<p style=\"text-align: center;\"><img decoding=\"async\" class=\"aligncenter\" src=\"http:\/\/img.irtve.es\/imagenes\/xantal-llavina-tots-els-collaboradors-del-directe-40\/1378469867311.jpg\" alt=\"Xantal Llavina i tots els col\u00b7laboradors del Directe 4.0\" width=\"296\" height=\"179\" \/><\/p>\n<p style=\"text-align: center;\">\u201cDespr\u00e9s de 490 programes i m\u00e9s de 1.000 convidats,\u00a0des del Directe 4.0 volem continuar creixent en aquesta tercera temporada , ampliant els oients que cada tarda de 16h a 19h connecten amb R\u00e0dio 4 i ens segueix a les xarxes socials\u201d afirma Xantal Llavina. <strong>El cient\u00edfic Dani Jim\u00e9nez , la cuinera Ada Parellada i Sor Lucia Caram, novetats de la tercera temporada. <\/strong>A la temporada on s\u2019arriba als 500 programes, el Directe 4.0 suma nous col\u00b7laboradors com la del cient\u00edfic catal\u00e0 Dani Jim\u00e9nez , qu\u00e8 far\u00e0 \u201cCi\u00e8ncia per gent de lletres\u201d , la cuinera Ada Parellada qu\u00e8 preparar\u00e0 moltes receptes a la secci\u00f3 \u201c4 fogons\u201d , les col\u00b7laboracions de Sor Lucia Caram a la secci\u00f3 \u201cCanvi de Xip\u201d amb Bruno Sokolowicz o les imitacions d\u2019en Luismi a la seva \u201cVinyeta\u201d.<\/p>\n<p style=\"text-align: center;\">L\u2019actualitat, l\u2019entreteniment, la innovaci\u00f3, Internet, l\u2019emprenedoria, les entrevistes i el contacte amb els oients continuaran sent els eixos m\u00e9s importants del programa de les tardes presentat per Xantal Llavina. <strong>\u201cEl magazine es refor\u00e7a amb 5 seccions al voltant del m\u00f3n d\u2019 Internet<\/strong> : la \u201cXarxa.cat\u201d amb\u00a0<strong>Ricard Castellet i Trina Milan,\u00a0<\/strong>\u201cUn m\u00f3n d\u2019 aplicacions\u201d amb\u00a0<strong>Roger Franco<\/strong>, \u201cFotolol\u201d amb\u00a0<strong>Dolors Boatella<\/strong>, \u201cCommunity.cat\u201d amb <strong>Dani Casanovas i Guim Fortuny i\u00a0<\/strong>El Xat entrevistes amb empreses tecnol\u00f2giques\u201d.<\/p>\n<p style=\"text-align: center;\"><img decoding=\"async\" class=\"aligncenter\" src=\"http:\/\/img.irtve.es\/imagenes\/xantal-llavina\/1378388538837.jpg\" alt=\"Xantal Llavina\" width=\"232\" height=\"154\" \/><\/p>\n<p style=\"text-align: center;\">Tamb\u00e9 seguiran els col\u00b7laboradors que van engegar aquest projecte des del seu inici , com l\u2019actor Quim Masferrer amb la secci\u00f3 l\u2019 \u201cEntreNOvista\u201d, la \u201cContra 4.0\u201d amb el periodista de La Vanguardia Llu\u00eds Amiguet, els remeis de l\u2019 Albert Rami, l\u2019 \u201cEconomia 4.0\u201d amb els professors de IESE Jaume Llopis i Miquel Llad\u00f3 , el m\u00f3n del teatre amb l\u2019 \u201cEscena 4.0\u201d amb l\u2019actor i director Enric Cambray , el millor del cinema a \u201cLa Catifa Vermella \u201c de la cr\u00edtica Conxita Casanovas i els blocs m\u00e9s interessants amb la Carlota F\u00e0bregas al Carlota.com.<\/p>\n<p style=\"text-align: center;\"><strong>Enguany el magazine directe 4.0 de r\u00e0dio 4-rne refor\u00e7a el seu inter\u00e8s en internet amb 5 noves seccions<\/strong><\/p>\n<p style=\"text-align: center;\">Aquest any , a m\u00e9s, estrenem noves seccions com \u201cPolitipop\u201d , la relaci\u00f3 de la m\u00fasica i la pol\u00edtica amb el periodista de R\u00e0dio 4 Jordi Barcia, l\u2019actualitat televisiva a \u201cTDT Fust\u00e9\u201d amb l\u2019 Edu Fust\u00e9, la comunicaci\u00f3 no verbal amb la Teresa Bar\u00f3, l\u2019entrenament del coach Andreu Gatuellas , la \u201cM\u00f2bil de R\u00e0dio4\u201d amb en Ferran Grau, les \u201cIdees Joves\u201d d\u2019en Mohamed Al Amrani, les novetats del m\u00f3n de l\u2019oci i la cultura al \u201cYes Weekend!\u201d amb la Laura Conde (Gastronomistas.com), en Bernat Puigtobella (Nuvol.com), la Mireia de la Torre (Livingmoda.es) i l\u2019Albert Fern\u00e0ndez ( EnBarcelona.com ) , el millor de la setmana als \u201cGreatest hits\u201d amb Ferran Grau.<br \/>\nSeguirem amb la marat\u00f3 d\u2019 emprenedors amb la publicista Marta Royo, l\u2019Albert Riba i en Miquel Peralta, del programa \u201cTinc una idea\u201d de TVE-Catalunya. Els dijous escoltarem en directe bona M\u00fasica 4.0 , comentarem l\u2019actualitat a la nostra Tert\u00falia habitual dels dimecres,<\/p>\n<p style=\"text-align: center;\"><img decoding=\"async\" class=\"aligncenter\" src=\"http:\/\/img.irtve.es\/imagenes\/lequip-del-directe-40\/1378388536472.jpg\" alt=\"L'equip del Directe 4.0\" width=\"295\" height=\"196\" \/><\/p>\n<p style=\"text-align: center;\">seguirem ben atents als esports cada divendres amb els millors comentaristes esportius i rebrem les queixes dels oients al \u201cQueixer autom\u00e0tic\u201d amb en Ferran Grau\u00a0i el Concurs amb dos premis diaris amb Quique Quera.<br \/>\nEl magazine directe digital, Directe 4.0, arriba aquesta tercera temporada als 10.300 seguidors a Facebook i Twitter, sent molt actiu a les xarxes socials des del seu inici.<br \/>\nTertulians 4.0 : Miquel Mart\u00ed Gamisans, Nacho Mart\u00edn, Gemma Aguilera, Nat\u00e0lia Molero, Josep Salvat, In\u00e9s Arrimadas, Juan Arza, Andrea Levy, Eduard G\u00fcell, Nathan Baidez, Dani Condominas, \u00c1lex \u00c1vila, Toni Herv\u00e1s, Antoni Garrell. Pitu Abril (BarcelonaTV) , Josep Capdevila (SPORT), l\u2019estilista professional d\u2019imatge Josep Pons, Edgar Forn\u00f3s (BAR\u00c7A TV), Ferran Mart\u00ednez (Mundo Deportivo), Arseni Ca\u00f1ada (TVE), Sergi de Juan (El9esportiu), Xavi Riera (La Sexta).<span style=\"border-radius: 2px; text-indent: 20px; width: auto; padding: 0px 4px 0px 0px; text-align: center; font: bold 11px\/20px 'Helvetica Neue',Helvetica,sans-serif; color: #ffffff; background: #bd081c no-repeat scroll 3px 50% \/ 14px 14px; position: absolute; opacity: 1; z-index: 8675309; display: none; cursor: pointer;\">Save<\/span><\/p>\n<p>[\/vc_column_text][vc_empty_space height=\u00bb50px\u00bb][vc_column_text]<\/p>\n<h3 style=\"text-align: center;\">Participa!<\/h3>\n<p style=\"text-align: center;\">Uneix-te al nostre grup al\u00a0<a href=\"http:\/\/www.facebook.com\/directe4.0\">Facebook<\/a><\/p>\n<ul style=\"text-align: center;\">\n<li>Segueix el nostre\u00a0<a href=\"http:\/\/twitter.com\/Directe4\">Twitter<\/a><\/li>\n<li>Escolta els \u00e0udios\u00a0<a href=\"http:\/\/www.rtve.es\/alacarta\/audios\/directe-40\/\">A la Carta<\/a><\/li>\n<li>Truca\u2019ns i participa!\u00a0<strong>900.630.630<\/strong><\/li>\n<li>Correu electr\u00f2nic del programa:\u00a0<a href=\"mailto:directe4.0@rtve.es\">directe4.0@rtve.es<\/a><\/li>\n<\/ul>\n<p style=\"text-align: center;\"><strong>On som?<\/strong><\/p>\n<p style=\"text-align: center;\"><strong>Ens trobar\u00e0s a Barcelona al 100.8 FM, a Girona al 106.2 FM, a Lleida al 87.9 FM i Tarragona al 90.7 FM. Recupera tots els podcasts del programa a la web de R\u00e0dio 4, la primera en catal\u00e0.<\/strong><\/p>\n<p style=\"text-align: center;\">DIRECCI\u00d3 I PRESENTACI\u00d3: Xantal Llavina EQUIP: Quique Quera, Ferran Grau, Bruno Sokolowicz , David Serra i Ram\u00f3n Forn\u00f3s. Xarxes: Xavier Cusell<\/p>\n<p><span style=\"border-radius: 2px; text-indent: 20px; width: auto; padding: 0px 4px 0px 0px; text-align: center; font: bold 11px\/20px 'Helvetica Neue',Helvetica,sans-serif; color: #ffffff; background: #bd081c no-repeat scroll 3px 50% \/ 14px 14px; position: absolute; opacity: 1; z-index: 8675309; display: none; cursor: pointer; top: 1540px; left: 169px;\">Save<\/span>[\/vc_column_text][vc_empty_space height=\u00bb50px\u00bb][vc_column_text][\/vc_column_text][vc_empty_space height=\u00bb50px\u00bb][\/vc_column][\/vc_row][vc_row row_type=\u00bbrow\u00bb use_row_as_full_screen_section=\u00bbno\u00bb type=\u00bbfull_width\u00bb text_align=\u00bbleft\u00bb css_animation=\u00bb\u00bb][vc_column][vc_column_text]<\/p>\n<p><span style=\"border-radius: 2px; text-indent: 20px; width: auto; padding: 0px 4px 0px 0px; text-align: center; font: bold 11px\/20px 'Helvetica Neue',Helvetica,sans-serif; color: #ffffff; background: #bd081c no-repeat scroll 3px 50% \/ 14px 14px; position: absolute; opacity: 1; z-index: 8675309; display: none; cursor: pointer;\">Save<\/span>[\/vc_column_text][\/vc_column][\/vc_row]<\/p>\n<\/div>","protected":false},"excerpt":{"rendered":"<p>[vc_row row_type=\u00bbrow\u00bb use_row_as_full_screen_section=\u00bbno\u00bb type=\u00bbgrid\u00bb text_align=\u00bbcenter\u00bb css_animation=\u00bb\u00bb][vc_column][vc_empty_space height=\u00bb50px\u00bb][vc_column_text] TERCERA TEMPORADA DIRECTE 4.0 [\/vc_column_text][vc_separator type=\u00bbsmall\u00bb position=\u00bbcenter\u00bb color=\u00bb#1852f6&#8243; border_style=\u00bb\u00bb][vc_column_text] Tercera temporada \u201cDIRECTE 4.0\u201d 2013-2014: Directe 4.0 programa de R\u00e0dio 4 RNE dirigit i presentat per Xantal Llavina De Dilluns a Divendres de 16h a 19h. \u201cDespr\u00e9s de 490&#8230;<\/p>\n","protected":false},"author":1,"featured_media":0,"parent":0,"menu_order":0,"comment_status":"closed","ping_status":"closed","template":"full_width.php","meta":{"footnotes":""},"class_list":["post-94","page","type-page","status-publish","hentry"],"aioseo_notices":[],"_links":{"self":[{"href":"https:\/\/xantalllavina.com\/index.php?rest_route=\/wp\/v2\/pages\/94","targetHints":{"allow":["GET"]}}],"collection":[{"href":"https:\/\/xantalllavina.com\/index.php?rest_route=\/wp\/v2\/pages"}],"about":[{"href":"https:\/\/xantalllavina.com\/index.php?rest_route=\/wp\/v2\/types\/page"}],"author":[{"embeddable":true,"href":"https:\/\/xantalllavina.com\/index.php?rest_route=\/wp\/v2\/users\/1"}],"replies":[{"embeddable":true,"href":"https:\/\/xantalllavina.com\/index.php?rest_route=%2Fwp%2Fv2%2Fcomments&post=94"}],"version-history":[{"count":9,"href":"https:\/\/xantalllavina.com\/index.php?rest_route=\/wp\/v2\/pages\/94\/revisions"}],"predecessor-version":[{"id":4613,"href":"https:\/\/xantalllavina.com\/index.php?rest_route=\/wp\/v2\/pages\/94\/revisions\/4613"}],"wp:attachment":[{"href":"https:\/\/xantalllavina.com\/index.php?rest_route=%2Fwp%2Fv2%2Fmedia&parent=94"}],"curies":[{"name":"wp","href":"https:\/\/api.w.org\/{rel}","templated":true}]}}