{"id":98,"date":"2017-01-27T13:19:42","date_gmt":"2017-01-27T13:19:42","guid":{"rendered":"https:\/\/www.educamadrid.net\/wp\/?page_id=98"},"modified":"2024-07-23T10:40:57","modified_gmt":"2024-07-23T10:40:57","slug":"primera-temporada-directe-4-0","status":"publish","type":"page","link":"https:\/\/xantalllavina.com\/?page_id=98","title":{"rendered":"Primera Temporada Directe 4.0"},"content":{"rendered":"<div class=\"wpb-content-wrapper\"><p>[vc_row row_type=\u00bbrow\u00bb use_row_as_full_screen_section=\u00bbno\u00bb type=\u00bbgrid\u00bb text_align=\u00bbcenter\u00bb css_animation=\u00bb\u00bb][vc_column][vc_empty_space height=\u00bb50px\u00bb][vc_column_text]<\/p>\n<h1>PRIMERA TEMPORADA DIRECTE 4.0<\/h1>\n<p>[\/vc_column_text][vc_separator type=\u00bbsmall\u00bb position=\u00bbcenter\u00bb color=\u00bb#1852f6&#8243; border_style=\u00bb\u00bb][vc_column_text]<\/p>\n<h3>Primera temporada \u201cDIRECTE 4.0\u201d<em> 2011-2012:<strong>\u00a0<\/strong><\/em><\/h3>\n<p>Directe 4.0 programa de R\u00e0dio 4 RNE dirigit i presentat per Xantal Llavina<\/p>\n<h3>De Dilluns a Divendres de 16h a 19h.<\/h3>\n<h3><em><strong><img decoding=\"async\" class=\"aligncenter\" src=\"http:\/\/4.bp.blogspot.com\/-Ex4CMdOUWfo\/TnXIngcHgPI\/AAAAAAAAALc\/Wj3Z6JnyWgM\/s1600\/_DSC8723.jpg\" alt=\"\" width=\"576\" height=\"384\" \/><\/strong><\/em><\/h3>\n<p>Cada tarda Entrevistes en profunditat, Caf\u00e8 o Te amb famosos, Concurs Bar\u00e7a 4.0, l\u2019actualitat i les opinions dels Diaris Digitals i # hastag del dia, VideoTweets i connexions en directe amb les principals ciutats del m\u00f3n: Nova York, Londres, Rio de Janeiro, T\u00f2quio i Brussel \u00b7 les amb les Cr\u00f2niques 4.0. I moltes m\u00e9s seccions: Tert\u00falia Social 4.0 amb, entre d\u2019altres, els periodistes Bruno Sokolowicz, Imma Sust, \u00d3scar Mor\u00e9, Sa\u00fcl Gordillo, Marta S\u00e1nchez, Internet i les Xarxes Socials amb Marc Cort\u00e9s, l\u2019Humor del Xarlatan amb Quim Masferrer, La Contra 4.0 amb Llu\u00eds Amiguet, els Vips amb Mari Jou Jordan, Economia 4.0 amb el professor de l\u2019IESE Jaume Llopis, Filosofia 4.0 amb Bernat Ded\u00e9u, la Cuina 4.0 amb Fabi\u00e1n Mart\u00edn, el Look i els Podis de Josep Pons, Social Media amb Dani Casanovas, els joves i els 20 de la Carlota amb Carlota F\u00e0bregas, M\u00fasica + Volum amb Chema Carrasco, Teatre Escena 4.0 amb Enric Cambray, el Jard\u00ed 4.0 propostes culturals amb Laura Cal\u00e7ada, el Queixer Autom\u00e0tic amb Ferran Grau, la Catifa Vermella amb Laura Gonz\u00e1lez i David Escamilla , els Emprenedors Inquiets amb Albert Riba, els Llibres viscuts amb Rosa Gil i David Escamilla, M\u00f3n Nou amb Mireia Ashley, Els Oficis 4.0, Salut 4.0 amb la doctora Neus Jou, la Vinoteca amb Meritxell Falgueras, els Esports 4.0 amb els tertulians esportius.<\/p>\n<p>Col \u00b7 laboradors 4.0: Bernat Ded\u00e9u, Llu\u00eds Amiguet, Marc Cort\u00e9s, Mari Jou Jordan, Quim Masferrer, Jaume Llopis, Fabi\u00e1n Mart\u00edn, Carlota F\u00e0bregas, Josep Pons, Rosa Gil, Chema Carrasco, Albert Riba, Dani Casanovas, Mireia Ashley, Enric Cambray, Marc Boada, Laura Cal\u00e7ada, Ferran Grau i la doctora Neus Jou.<\/p>\n<p>Tertulians 4.0: Bruno Sokolowicz, Imma Sust, \u00d3scar Mor\u00e9, Sa\u00fcl Gordillo, Cristina Puig, Marta S\u00e1nchez, Xavier Lemus (TV3), Xavi D\u00edaz (TVE), Josep Capdevila (Sport), Pep Riera (El 9 esportiu), Josep Pons, Sergi Dejuan (El 9 esportiu), Oriol Dom\u00e8nech (Mundo Deportivo), Carme Barcel\u00f3 (Punt Pilota), Quim Masferrer, Jaume Llopis (Professor d\u2019IESE).<\/p>\n<p>Els corresponsals 4.0: Marc Ti\u00f3 (NY), Pau Ram\u00edrez (Rio de Janeiro), Anna Colom (Londres), Guim Bonaventura (Berl\u00edn), Adam Almirall (Brussel \u00b7 les), Eva Doya (Par\u00eds).<\/p>\n<p><img decoding=\"async\" class=\"aligncenter\" src=\"http:\/\/img.irtve.es\/imagenes\/equip-directe-40\/1315221861166.jpg\" alt=\"Equip Directe 4.0\" width=\"432\" height=\"288\" \/>[\/vc_column_text][vc_empty_space height=\u00bb50px\u00bb][\/vc_column][\/vc_row]<\/p>\n<\/div>","protected":false},"excerpt":{"rendered":"<p>[vc_row row_type=\u00bbrow\u00bb use_row_as_full_screen_section=\u00bbno\u00bb type=\u00bbgrid\u00bb text_align=\u00bbcenter\u00bb css_animation=\u00bb\u00bb][vc_column][vc_empty_space height=\u00bb50px\u00bb][vc_column_text] PRIMERA TEMPORADA DIRECTE 4.0 [\/vc_column_text][vc_separator type=\u00bbsmall\u00bb position=\u00bbcenter\u00bb color=\u00bb#1852f6&#8243; border_style=\u00bb\u00bb][vc_column_text] Primera temporada \u201cDIRECTE 4.0\u201d 2011-2012:\u00a0 Directe 4.0 programa de R\u00e0dio 4 RNE dirigit i presentat per Xantal Llavina De Dilluns a Divendres de 16h a 19h. Cada tarda Entrevistes&#8230;<\/p>\n","protected":false},"author":1,"featured_media":0,"parent":0,"menu_order":0,"comment_status":"closed","ping_status":"closed","template":"full_width.php","meta":{"footnotes":""},"class_list":["post-98","page","type-page","status-publish","hentry"],"aioseo_notices":[],"_links":{"self":[{"href":"https:\/\/xantalllavina.com\/index.php?rest_route=\/wp\/v2\/pages\/98","targetHints":{"allow":["GET"]}}],"collection":[{"href":"https:\/\/xantalllavina.com\/index.php?rest_route=\/wp\/v2\/pages"}],"about":[{"href":"https:\/\/xantalllavina.com\/index.php?rest_route=\/wp\/v2\/types\/page"}],"author":[{"embeddable":true,"href":"https:\/\/xantalllavina.com\/index.php?rest_route=\/wp\/v2\/users\/1"}],"replies":[{"embeddable":true,"href":"https:\/\/xantalllavina.com\/index.php?rest_route=%2Fwp%2Fv2%2Fcomments&post=98"}],"version-history":[{"count":4,"href":"https:\/\/xantalllavina.com\/index.php?rest_route=\/wp\/v2\/pages\/98\/revisions"}],"predecessor-version":[{"id":4611,"href":"https:\/\/xantalllavina.com\/index.php?rest_route=\/wp\/v2\/pages\/98\/revisions\/4611"}],"wp:attachment":[{"href":"https:\/\/xantalllavina.com\/index.php?rest_route=%2Fwp%2Fv2%2Fmedia&parent=98"}],"curies":[{"name":"wp","href":"https:\/\/api.w.org\/{rel}","templated":true}]}}